{"id":996,"date":"2023-05-28T08:42:31","date_gmt":"2023-05-28T06:42:31","guid":{"rendered":"https:\/\/lifee.hu\/teszt\/?post_type=product&#038;p=996"},"modified":"2025-05-13T12:10:38","modified_gmt":"2025-05-13T10:10:38","slug":"dopper-original-muanyag-kulacs-seahorse-lime-450-ml-sarga","status":"publish","type":"product","link":"https:\/\/lifee.hu\/teszt\/termek\/dopper-original-muanyag-kulacs-seahorse-lime-450-ml-sarga\/","title":{"rendered":"DOPPER Original m\u0171anyag kulacs (450 ml) &#8211; Seahorse Lime (s\u00e1rga)"},"content":{"rendered":"<p style=\"font-weight: 400;\"><strong>M\u00e9retek:<\/strong><\/p>\n<ul>\n<li>\u0170rtartalom: 450 ml<\/li>\n<li>\u00c1tm\u00e9r\u0151: 6 cm<\/li>\n<li>Magass\u00e1g: 24 cm<\/li>\n<li>S\u00faly: 101 g<\/li>\n<\/ul>\n<p style=\"font-weight: 400;\"><strong>Anyagok:<\/strong><\/p>\n<ul>\n<li>\u00dajrahasznos\u00edtott PP (palack \u00e9s kupak)<\/li>\n<li>50%-ban \u00fajrahasznos\u00edtott trit\u00e1n \u2013 kopoli\u00e9szter (poh\u00e1r)<\/li>\n<li>Thermolast \u2013 TPE (t\u00f6m\u00edt\u0151gy\u0171r\u0171)<\/li>\n<li>BPA- \u00e9s egy\u00e9b k\u00e1rosanyagmentes<\/li>\n<\/ul>\n","protected":false},"excerpt":{"rendered":"<p style=\"font-weight: 400;\"><strong>A Dopper Original a vil\u00e1g els\u0151 arany fokozat\u00fa Cradle-to-Cradle\u00ae tan\u00fas\u00edtv\u00e1nnyal rendelkez\u0151 palackkollekci\u00f3ja.\u00a0<\/strong><\/p>\n<ul>\n<li>Az \u00f3ce\u00e1nok v\u00e9delm\u00e9nek jegy\u00e9ben tervezett kulacsok megfelelnek a legszigor\u00fabb k\u00f6rnyezetv\u00e9delmi \u00e9s etikai k\u00f6vetelm\u00e9nyeknek, a tervez\u00e9st\u0151l kezdve eg\u00e9szen az \u00e9letciklusuk v\u00e9g\u00e9ig.<\/li>\n<li>Z\u00e9r\u00f3 karbonl\u00e1bnyom: 85%-ban \u00fajrahasznos\u00edtott anyagokb\u00f3l k\u00e9sz\u00fclnek egy 100%-ban meg\u00fajul\u00f3 energi\u00e1val m\u0171k\u00f6d\u0151 holland \u00fczemben.<\/li>\n<li>Z\u00e9r\u00f3 ipari szennyv\u00edz: a palackok el\u0151\u00e1ll\u00edt\u00e1s\u00e1hoz sz\u00fcks\u00e9ges vizet z\u00e1rt rendszerben keringtetik, nem jut ki a k\u00f6rnyezetbe.<\/li>\n<li>A Dopper Original kulacsok Hollandi\u00e1ban k\u00e9sz\u00fclnek, sz\u00e9lenergia felhaszn\u00e1l\u00e1s\u00e1val.<\/li>\n<li>A holland hagyom\u00e1nyokat k\u00f6vetve 60 holland v\u00e1rosban biciklivel sz\u00e1ll\u00edtj\u00e1k ki a webshopos rendel\u00e9seket.<\/li>\n<li>Az \u00e9letciklusuk v\u00e9g\u00e9n a Dopper Original palackok 100%-ban \u00fajrahasznos\u00edthat\u00f3k.<\/li>\n<\/ul>\n<p>&nbsp;<\/p>\n<p style=\"font-weight: 400;\"><strong>Tulajdons\u00e1gok:<\/strong><\/p>\n<ul>\n<li>Mosogat\u00f3g\u00e9pben is tiszt\u00edthat\u00f3 65 Celsius-fokig<\/li>\n<li>Rendk\u00edv\u00fcl k\u00f6nny\u0171<\/li>\n<li>3-r\u00e9szes kialak\u00edt\u00e1s: k\u00f6nny\u0171 megt\u00f6lteni \u00e9s tiszt\u00edtani<\/li>\n<li>A palack teteje poh\u00e1rk\u00e9nt haszn\u00e1lhat\u00f3<\/li>\n<\/ul>\n","protected":false},"featured_media":997,"comment_status":"open","ping_status":"closed","template":"","meta":{"_acf_changed":false,"inline_featured_image":false},"product_cat":[49],"product_tag":[283,103,105,285,289],"class_list":{"0":"post-996","1":"product","2":"type-product","3":"status-publish","4":"has-post-thumbnail","6":"product_cat-kulacs","7":"product_tag-450-ml","8":"product_tag-dopper","9":"product_tag-kulacs","10":"product_tag-muanyag","11":"product_tag-ujrahasznositott","12":"pa_marka-dopper","13":"product_brand-dopper","15":"first","16":"instock","17":"taxable","18":"shipping-taxable","19":"purchasable","20":"product-type-simple"},"acf":[],"_links":{"self":[{"href":"https:\/\/lifee.hu\/teszt\/wp-json\/wp\/v2\/product\/996","targetHints":{"allow":["GET"]}}],"collection":[{"href":"https:\/\/lifee.hu\/teszt\/wp-json\/wp\/v2\/product"}],"about":[{"href":"https:\/\/lifee.hu\/teszt\/wp-json\/wp\/v2\/types\/product"}],"replies":[{"embeddable":true,"href":"https:\/\/lifee.hu\/teszt\/wp-json\/wp\/v2\/comments?post=996"}],"wp:featuredmedia":[{"embeddable":true,"href":"https:\/\/lifee.hu\/teszt\/wp-json\/wp\/v2\/media\/997"}],"wp:attachment":[{"href":"https:\/\/lifee.hu\/teszt\/wp-json\/wp\/v2\/media?parent=996"}],"wp:term":[{"taxonomy":"product_cat","embeddable":true,"href":"https:\/\/lifee.hu\/teszt\/wp-json\/wp\/v2\/product_cat?post=996"},{"taxonomy":"product_tag","embeddable":true,"href":"https:\/\/lifee.hu\/teszt\/wp-json\/wp\/v2\/product_tag?post=996"}],"curies":[{"name":"wp","href":"https:\/\/api.w.org\/{rel}","templated":true}]}}