{"id":83832,"date":"2025-02-07T12:24:08","date_gmt":"2025-02-07T11:24:08","guid":{"rendered":"https:\/\/lifee.hu\/teszt\/?post_type=product&#038;p=83832"},"modified":"2025-05-13T12:13:27","modified_gmt":"2025-05-13T10:13:27","slug":"boska-party-pro-sajtfondu-szett-11-liter","status":"publish","type":"product","link":"https:\/\/lifee.hu\/teszt\/termek\/boska-party-pro-sajtfondu-szett-11-liter\/","title":{"rendered":"BOSKA Party Pro fond\u00fck\u00e9szlet, 1,1 liter"},"content":{"rendered":"<p>Sz\u00edn: fekete<br \/>\nAnyag: \u00f6nt\u00f6ttvas, fa<br \/>\nGarancia: \u00e9letre sz\u00f3l\u00f3<br \/>\nTerm\u00e9k m\u00e9rete: 207 mm x 174 mm x 165 mm<br \/>\nM\u00e9ret csomagol\u00e1sban: 200 mm x 180 mm x 131 mm<br \/>\nA k\u00e9szlet r\u00e9szben mosogat\u00f3g\u00e9pben moshat\u00f3.<\/p>\n","protected":false},"excerpt":{"rendered":"<p style=\"text-align: justify;\">A BOSKA Party Pro fond\u00fcszettj\u00e9nek egyik legvonz\u00f3bb tulajdons\u00e1ga, hogy b\u00e1rmilyen t\u00edpus\u00fa t\u0171zhelyen haszn\u00e1lhatod: indukci\u00f3son, elektromoson, g\u00e1zon, ker\u00e1mi\u00e1n, s\u0151t m\u00e9g a s\u00fct\u0151be is beteheted. 700 gramm sajtot olvaszthatsz benne, \u00edgy mindenkinek b\u0151ven jut a finom falatokb\u00f3l, amikor vend\u00e9g\u00fcl l\u00e1tod a szeretteidet, bar\u00e1taidat. A robusztus \u00f6nt\u00f6ttvast\u00e1l gyakorlatilag elny\u0171hetetlen, haszn\u00e1lat ut\u00e1n pedig a mosogat\u00f3g\u00e9pre b\u00edzhatod az alapos tiszt\u00edt\u00e1st \u2013 vigy\u00e1zz: a k\u00e9szlethez j\u00e1r\u00f3 vill\u00e1k (4 db) nyele f\u00e1b\u00f3l k\u00e9sz\u00fclt, azokat mindenk\u00e9pp k\u00e9zzel mosogasd el!<br \/>\nA szetthez term\u00e9szetesen melegen tart\u00f3 alj is j\u00e1r, ami garant\u00e1lja, hogy a mennyei sajt mindv\u00e9gig olvadt maradjon a falatoz\u00e1s sor\u00e1n, tov\u00e1bb\u00e1 \u00edzletes recepteket is tal\u00e1lsz a dobozban. Rendeld meg a web\u00e1ruh\u00e1zunkb\u00f3l ezt az univerz\u00e1lis, tart\u00f3s, eszt\u00e9tikus k\u00e9szletet mind\u00f6ssze n\u00e9h\u00e1ny egyszer\u0171 l\u00e9p\u00e9sben!<\/p>\n","protected":false},"featured_media":83838,"comment_status":"open","ping_status":"closed","template":"","meta":{"_acf_changed":false,"inline_featured_image":false},"product_cat":[31],"product_tag":[73,180,211],"class_list":{"0":"post-83832","1":"product","2":"type-product","3":"status-publish","4":"has-post-thumbnail","6":"product_cat-fondu","7":"product_tag-boska","8":"product_tag-fondu","9":"product_tag-sajtfondu","10":"pa_marka-boska","11":"product_brand-boska","13":"first","14":"instock","15":"taxable","16":"shipping-taxable","17":"purchasable","18":"product-type-simple"},"acf":[],"_links":{"self":[{"href":"https:\/\/lifee.hu\/teszt\/wp-json\/wp\/v2\/product\/83832","targetHints":{"allow":["GET"]}}],"collection":[{"href":"https:\/\/lifee.hu\/teszt\/wp-json\/wp\/v2\/product"}],"about":[{"href":"https:\/\/lifee.hu\/teszt\/wp-json\/wp\/v2\/types\/product"}],"replies":[{"embeddable":true,"href":"https:\/\/lifee.hu\/teszt\/wp-json\/wp\/v2\/comments?post=83832"}],"wp:featuredmedia":[{"embeddable":true,"href":"https:\/\/lifee.hu\/teszt\/wp-json\/wp\/v2\/media\/83838"}],"wp:attachment":[{"href":"https:\/\/lifee.hu\/teszt\/wp-json\/wp\/v2\/media?parent=83832"}],"wp:term":[{"taxonomy":"product_cat","embeddable":true,"href":"https:\/\/lifee.hu\/teszt\/wp-json\/wp\/v2\/product_cat?post=83832"},{"taxonomy":"product_tag","embeddable":true,"href":"https:\/\/lifee.hu\/teszt\/wp-json\/wp\/v2\/product_tag?post=83832"}],"curies":[{"name":"wp","href":"https:\/\/api.w.org\/{rel}","templated":true}]}}