{"id":83827,"date":"2025-02-07T12:13:20","date_gmt":"2025-02-07T11:13:20","guid":{"rendered":"https:\/\/lifee.hu\/teszt\/?post_type=product&#038;p=83827"},"modified":"2025-05-13T12:13:27","modified_gmt":"2025-05-13T10:13:27","slug":"boska-marie-csokoladefondu-550-ml","status":"publish","type":"product","link":"https:\/\/lifee.hu\/teszt\/termek\/boska-marie-csokoladefondu-550-ml\/","title":{"rendered":"Boska Marie csokol\u00e1d\u00e9fond\u00fc, 550 ml"},"content":{"rendered":"<p>Sz\u00edn: feh\u00e9r, fekete, r\u00e9z<br \/>\nAnyag: porcel\u00e1n, rozsdamentes ac\u00e9l, ac\u00e9l, m\u0171anyag<br \/>\nGarancia: 10 \u00e9v<br \/>\nTerm\u00e9k m\u00e9rete: 150 mm x 140 mm x 180 mm<br \/>\nM\u00e9ret csomagol\u00e1sban: 160 mm x 160 mm x 220 mm<br \/>\nA k\u00e9szlet mosogat\u00f3g\u00e9pben moshat\u00f3 r\u00e9szei: t\u00e1lak \u00e9s vill\u00e1k<\/p>\n","protected":false},"excerpt":{"rendered":"<p style=\"text-align: justify;\">Mi tehetne kerekebb\u00e9 egy kellemes d\u00e9lut\u00e1nt vagy egy meghitt est\u00e9t, ha nem egy mennyei csokol\u00e1d\u00e9fond\u00fc? Amilyen egyszer\u0171, olyan nagyszer\u0171 fog\u00e1sr\u00f3l van sz\u00f3, ami nemcsak \u00edzeiben leny\u0171g\u00f6z\u0151, hanem a fogyaszt\u00e1s ritu\u00e1l\u00e9j\u00e1t tekintve is eml\u00e9kezetes \u00e9lm\u00e9nyt ny\u00fajt. Minden alkalomra telital\u00e1lat, a p\u00e1runkkal t\u00f6lt\u00f6tt romantikus vacsor\u00e1t\u00f3l kezdve a ny\u00fczsg\u0151 gyerekzs\u00farig, de m\u00e9g a monoton h\u00e9tk\u00f6znapokba is vihet\u00fcnk vele egy kis sz\u00ednt \u00e9s vid\u00e1ms\u00e1got, k\u00fcl\u00f6n\u00f6sen a hossz\u00fa, sz\u00fcrke t\u00e9li id\u0151szakban.<br \/>\nA gasztron\u00f3mi\u00e1ban k\u00f6zkedvelt bain-marie, azaz v\u00edzf\u00fcrd\u0151 technika hosszan melegen tartja az \u00e9telt. Ezt tette mag\u00e1\u00e9v\u00e1 a BOSKA fond\u00fcszettje, ami garant\u00e1lja, hogy a csokol\u00e1d\u00e9 nem kap oda a mikrohull\u00e1m\u00fa s\u00fct\u0151ben t\u00f6rt\u00e9n\u0151 olvaszt\u00e1s sor\u00e1n, tov\u00e1bb\u00e1 hosszan meg\u0151rzi foly\u00e9kony \u00e1llag\u00e1t.<br \/>\nHa szereted a csokit, ez a k\u00e9szlet k\u00f6telez\u0151 tartoz\u00e9ka a konyh\u00e1dnak, \u00e9s akkor is remek v\u00e1laszt\u00e1s, ha figyelmes aj\u00e1nd\u00e9kot keresel egy szerettednek.<\/p>\n","protected":false},"featured_media":83829,"comment_status":"open","ping_status":"closed","template":"","meta":{"_acf_changed":false,"inline_featured_image":false},"product_cat":[83,31],"product_tag":[73,358,191,180],"class_list":{"0":"post-83827","1":"product","2":"type-product","3":"status-publish","4":"has-post-thumbnail","6":"product_cat-csokimaniasoknak","7":"product_cat-fondu","8":"product_tag-boska","9":"product_tag-csoki","10":"product_tag-csokifondu","11":"product_tag-fondu","12":"pa_marka-boska","13":"product_brand-boska","15":"first","16":"instock","17":"taxable","18":"shipping-taxable","19":"purchasable","20":"product-type-simple"},"acf":[],"_links":{"self":[{"href":"https:\/\/lifee.hu\/teszt\/wp-json\/wp\/v2\/product\/83827","targetHints":{"allow":["GET"]}}],"collection":[{"href":"https:\/\/lifee.hu\/teszt\/wp-json\/wp\/v2\/product"}],"about":[{"href":"https:\/\/lifee.hu\/teszt\/wp-json\/wp\/v2\/types\/product"}],"replies":[{"embeddable":true,"href":"https:\/\/lifee.hu\/teszt\/wp-json\/wp\/v2\/comments?post=83827"}],"wp:featuredmedia":[{"embeddable":true,"href":"https:\/\/lifee.hu\/teszt\/wp-json\/wp\/v2\/media\/83829"}],"wp:attachment":[{"href":"https:\/\/lifee.hu\/teszt\/wp-json\/wp\/v2\/media?parent=83827"}],"wp:term":[{"taxonomy":"product_cat","embeddable":true,"href":"https:\/\/lifee.hu\/teszt\/wp-json\/wp\/v2\/product_cat?post=83827"},{"taxonomy":"product_tag","embeddable":true,"href":"https:\/\/lifee.hu\/teszt\/wp-json\/wp\/v2\/product_tag?post=83827"}],"curies":[{"name":"wp","href":"https:\/\/api.w.org\/{rel}","templated":true}]}}