{"id":83782,"date":"2025-02-06T08:42:51","date_gmt":"2025-02-06T07:42:51","guid":{"rendered":"https:\/\/lifee.hu\/teszt\/?post_type=product&#038;p=83782"},"modified":"2025-05-13T12:13:27","modified_gmt":"2025-05-13T10:13:27","slug":"boska-monaco-kenokes-keszlet","status":"publish","type":"product","link":"https:\/\/lifee.hu\/teszt\/termek\/boska-monaco-kenokes-keszlet\/","title":{"rendered":"Boska Monaco+ ken\u0151k\u00e9sk\u00e9szlet kicsi (3 db)"},"content":{"rendered":"<p>Sz\u00edn: ez\u00fcst<br \/>\nAnyag: rozsdamentes ac\u00e9l<br \/>\nGarancia: \u00e9letre sz\u00f3l\u00f3<br \/>\nTerm\u00e9k m\u00e9rete: 130 mm x 28 mm x 28 mm<br \/>\nM\u00e9ret csomagol\u00e1sban: 122 mm x 175 mm x 19 mm<br \/>\nA ken\u0151k\u00e9sek mosogat\u00f3g\u00e9pben tiszt\u00edthat\u00f3k.<\/p>\n","protected":false},"excerpt":{"rendered":"<p style=\"text-align: justify;\">A BOSKA Red Dot diz\u00e1jnd\u00edjjal b\u00fcszk\u00e9lked\u0151 Monaco+ ken\u0151k\u00e9s\u00e9vel egyszer\u0171en \u00e9s igaz\u00e1n hat\u00e9konyan \u00edzes\u00edtheted meg a kenyeret, zseml\u00e9t \u00e9s m\u00e1s p\u00e9k\u00e1rut a kedvenc vajaddal, p\u00e1st\u00e9tomoddal, sajtkr\u00e9meddel, egysz\u00f3val b\u00e1rmilyen kenc\u00e9vel. A praktikus, k\u00e9zre es\u0151 kialak\u00edt\u00e1s mellett a leny\u0171g\u00f6z\u0151 diz\u00e1jn is szembet\u0171n\u0151, \u00edgy a h\u00e9tk\u00f6znapokon t\u00fal a bar\u00e1ti, csal\u00e1di, s\u0151t \u00fcnnepi \u00f6sszej\u00f6veteleken is b\u00e1tran az asztalra teheted ezeket az eszt\u00e9tikus eszk\u00f6z\u00f6ket. \u00c1m ezek a k\u00e9sek nem csak a ken\u00e9s k\u00f6r\u00fcli maszatol\u00e1st oldj\u00e1k meg: haszn\u00e1lat ut\u00e1n sem kell k\u00fcl\u00f6n\u00f6sebben bajl\u00f3dnod vel\u00fck, hiszen nyugodtan beteheted a mosogat\u00f3g\u00e9pbe, a kiv\u00e1l\u00f3 min\u0151s\u00e9g\u0171 rozsdamentes ac\u00e9l alapanyagnak k\u00f6sz\u00f6nhet\u0151en pedig egy \u00e9leten \u00e1t j\u00f3 szolg\u00e1latot tesznek. Dobd fel a h\u00e1ztart\u00e1sodat ezzel a szuper k\u00e9szlettel, vagy v\u00e1laszd t\u00f6k\u00e9letes aj\u00e1nd\u00e9knak!<\/p>\n","protected":false},"featured_media":83783,"comment_status":"open","ping_status":"closed","template":"","meta":{"_acf_changed":false,"inline_featured_image":false},"product_cat":[35],"product_tag":[73,357,360,344,184],"class_list":{"0":"post-83782","1":"product","2":"type-product","3":"status-publish","4":"has-post-thumbnail","6":"product_cat-kes","7":"product_tag-boska","8":"product_tag-kenokes","9":"product_tag-kenokeskeszlet","10":"product_tag-keskeszlet","11":"product_tag-monaco","12":"pa_marka-boska","13":"product_brand-boska","15":"first","16":"instock","17":"taxable","18":"shipping-taxable","19":"purchasable","20":"product-type-simple"},"acf":[],"_links":{"self":[{"href":"https:\/\/lifee.hu\/teszt\/wp-json\/wp\/v2\/product\/83782","targetHints":{"allow":["GET"]}}],"collection":[{"href":"https:\/\/lifee.hu\/teszt\/wp-json\/wp\/v2\/product"}],"about":[{"href":"https:\/\/lifee.hu\/teszt\/wp-json\/wp\/v2\/types\/product"}],"replies":[{"embeddable":true,"href":"https:\/\/lifee.hu\/teszt\/wp-json\/wp\/v2\/comments?post=83782"}],"wp:featuredmedia":[{"embeddable":true,"href":"https:\/\/lifee.hu\/teszt\/wp-json\/wp\/v2\/media\/83783"}],"wp:attachment":[{"href":"https:\/\/lifee.hu\/teszt\/wp-json\/wp\/v2\/media?parent=83782"}],"wp:term":[{"taxonomy":"product_cat","embeddable":true,"href":"https:\/\/lifee.hu\/teszt\/wp-json\/wp\/v2\/product_cat?post=83782"},{"taxonomy":"product_tag","embeddable":true,"href":"https:\/\/lifee.hu\/teszt\/wp-json\/wp\/v2\/product_tag?post=83782"}],"curies":[{"name":"wp","href":"https:\/\/api.w.org\/{rel}","templated":true}]}}