{"id":83774,"date":"2025-02-06T08:22:04","date_gmt":"2025-02-06T07:22:04","guid":{"rendered":"https:\/\/lifee.hu\/teszt\/?post_type=product&#038;p=83774"},"modified":"2025-05-13T12:13:27","modified_gmt":"2025-05-13T10:13:27","slug":"boska-monaco-ultimate-kesszett-talalodeszkaval","status":"publish","type":"product","link":"https:\/\/lifee.hu\/teszt\/termek\/boska-monaco-ultimate-kesszett-talalodeszkaval\/","title":{"rendered":"Boska Monaco+ Ultimate k\u00e9sszett t\u00e1lal\u00f3deszk\u00e1val"},"content":{"rendered":"<p>Anyag: rozsdamentes ac\u00e9l, fa<br \/>\nGarancia: \u00e9letre sz\u00f3l\u00f3<br \/>\nTerm\u00e9k m\u00e9rete: 358 mm x 130 mm x 55 mm<br \/>\nM\u00e9ret csomagol\u00e1sban: 433 mm x 365 mm x 83 mm<br \/>\nA steakk\u00e9s \u00e9s a t\u00e1lal\u00f3deszka kiz\u00e1r\u00f3lag k\u00e9zi mosogat\u00e1ssal tiszt\u00edthat\u00f3.<\/p>\n","protected":false},"excerpt":{"rendered":"<p style=\"text-align: justify;\">Ha nincs kedved vagy id\u0151d egyes\u00e9vel beszerezni bizonyos konyhai alapdarabokat, nagy seg\u00edts\u00e9gedre lehet a BOSKA Monaco+ k\u00fcl\u00f6nleges k\u00e9szlete, amelyben minden sz\u00fcks\u00e9ges sajtk\u00e9st megtal\u00e1lsz, r\u00e1ad\u00e1sk\u00e9nt pedig egy szuper min\u0151s\u00e9g\u0171 steakk\u00e9ssel, valamint egy massz\u00edv \u00e9s \u00edzl\u00e9ses t\u00e1lal\u00f3deszk\u00e1val is gazdagabb leszel. Ez a szett t\u00f6k\u00e9letes v\u00e1laszt\u00e1s a nagyobb \u00f6sszej\u00f6vetelekre is, a k\u00e9sekkel kedv\u00fckre v\u00e1ghatnak, darabolhatnak \u00e9s kenhetnek a vend\u00e9geid. A steakk\u00e9st mindenk\u00e9pp k\u00e9zzel mosd el az \u00e9l\u00e9t v\u00e9dend\u0151, de a sajtk\u00e9sek tiszt\u00edt\u00e1s\u00e1t nyugodtan b\u00edzd a mosogat\u00f3g\u00e9pre. A deszk\u00e1t is k\u00e9zzel tiszt\u00edtsd, \u00e9s id\u0151nk\u00e9nt \u00e1pold deszkaolajjal, hogy min\u00e9l tov\u00e1bb meg\u0151rizze t\u00f6k\u00e9letes sz\u00e9ps\u00e9g\u00e9t.<\/p>\n","protected":false},"featured_media":83775,"comment_status":"open","ping_status":"closed","template":"","meta":{"_acf_changed":false,"inline_featured_image":false},"product_cat":[35],"product_tag":[73,344,343,319],"class_list":{"0":"post-83774","1":"product","2":"type-product","3":"status-publish","4":"has-post-thumbnail","6":"product_cat-kes","7":"product_tag-boska","8":"product_tag-keskeszlet","9":"product_tag-kesszett","10":"product_tag-talalodeszka","11":"pa_marka-boska","12":"product_brand-boska","14":"first","15":"instock","16":"taxable","17":"shipping-taxable","18":"purchasable","19":"product-type-simple"},"acf":[],"_links":{"self":[{"href":"https:\/\/lifee.hu\/teszt\/wp-json\/wp\/v2\/product\/83774","targetHints":{"allow":["GET"]}}],"collection":[{"href":"https:\/\/lifee.hu\/teszt\/wp-json\/wp\/v2\/product"}],"about":[{"href":"https:\/\/lifee.hu\/teszt\/wp-json\/wp\/v2\/types\/product"}],"replies":[{"embeddable":true,"href":"https:\/\/lifee.hu\/teszt\/wp-json\/wp\/v2\/comments?post=83774"}],"wp:featuredmedia":[{"embeddable":true,"href":"https:\/\/lifee.hu\/teszt\/wp-json\/wp\/v2\/media\/83775"}],"wp:attachment":[{"href":"https:\/\/lifee.hu\/teszt\/wp-json\/wp\/v2\/media?parent=83774"}],"wp:term":[{"taxonomy":"product_cat","embeddable":true,"href":"https:\/\/lifee.hu\/teszt\/wp-json\/wp\/v2\/product_cat?post=83774"},{"taxonomy":"product_tag","embeddable":true,"href":"https:\/\/lifee.hu\/teszt\/wp-json\/wp\/v2\/product_tag?post=83774"}],"curies":[{"name":"wp","href":"https:\/\/api.w.org\/{rel}","templated":true}]}}