{"id":83767,"date":"2025-02-06T07:35:48","date_gmt":"2025-02-06T06:35:48","guid":{"rendered":"https:\/\/lifee.hu\/teszt\/?post_type=product&#038;p=83767"},"modified":"2025-05-13T12:13:28","modified_gmt":"2025-05-13T10:13:28","slug":"boska-mozsar-feher-%e2%8c%80-95-cm","status":"publish","type":"product","link":"https:\/\/lifee.hu\/teszt\/termek\/boska-mozsar-feher-%e2%8c%80-95-cm\/","title":{"rendered":"Boska Spicy White mozs\u00e1r, feh\u00e9r \u23009,5 cm"},"content":{"rendered":"<p>Sz\u00edn: feh\u00e9r<br \/>\nAnyag: m\u00e1rv\u00e1ny<br \/>\nGarancia: \u00e9letre sz\u00f3l\u00f3<br \/>\nTerm\u00e9k m\u00e9rete: 100 mm x 97 mm x 90 mm<br \/>\nM\u00e9ret csomagol\u00e1sban: 118 mm x 109 mm x 110 mm<br \/>\nA mozs\u00e1r kiz\u00e1r\u00f3lag k\u00e9zzel mosogathat\u00f3.<\/p>\n","protected":false},"excerpt":{"rendered":"<p style=\"text-align: justify;\">Semmi nem teszi \u00edzletesebb\u00e9, \u00fcd\u00e9bb\u00e9, pik\u00e1nsabb\u00e1 a fog\u00e1sokat, mint a frissen \u0151r\u00f6lt vagy z\u00fazott f\u0171szer. Legyen sz\u00f3 z\u00f6ld- vagy sz\u00e1r\u00edtott f\u0171szerekr\u0151l, magvakr\u00f3l, z\u00f6lds\u00e9gekr\u0151l, a BOSKA m\u00e1rv\u00e1nymozs\u00e1rj\u00e1val az utols\u00f3 cseppig k\u00f6nnyed\u00e9n kinyerheted a mennyei zamatokat, arom\u00e1kat. A f\u0171szerkever\u00e9kek mellett p\u00e1cokat, \u00f6nteteket \u00e9s sz\u00f3szokat is k\u00e9sz\u00edthetsz a mozs\u00e1rban. Mi\u00e9rt venn\u00e9l bolti pest\u00f3t p\u00e9ld\u00e1ul, ha otthon pillanatok alatt elk\u00e9sz\u00edtheted a sokkal \u00edzletesebb, egy\u00e9ni \u00edzl\u00e9sre szabott h\u00e1zi v\u00e1ltozat\u00e1t? Nem kell hozz\u00e1 m\u00e1s, csak friss bazsalikomlev\u00e9l, fokhagyma, ol\u00edvaolaj, parmez\u00e1n \u00e9s feny\u0151mag, majd p\u00e1r mozdulattal el is k\u00e9sz\u00fcl a mennyei olasz fog\u00e1s. Fedezd fel a mozs\u00e1rban rejl\u0151 fantasztikus lehet\u0151s\u00e9geket, \u00e9s rendeld meg a BOSKA min\u0151s\u00e9gi term\u00e9k\u00e9t \u2013 hidd el, ha egyszer kipr\u00f3b\u00e1ltad, onnant\u00f3l fogva gyakori haszn\u00e1latban lesz!<\/p>\n","protected":false},"featured_media":83769,"comment_status":"open","ping_status":"closed","template":"","meta":{"_acf_changed":false,"inline_featured_image":false},"product_cat":[58],"product_tag":[73,361,195],"class_list":{"0":"post-83767","1":"product","2":"type-product","3":"status-publish","4":"has-post-thumbnail","6":"product_cat-konyha","7":"product_tag-boska","8":"product_tag-marvany","9":"product_tag-mozsar","10":"pa_marka-boska","11":"product_brand-boska","13":"first","14":"instock","15":"taxable","16":"shipping-taxable","17":"purchasable","18":"product-type-simple"},"acf":[],"_links":{"self":[{"href":"https:\/\/lifee.hu\/teszt\/wp-json\/wp\/v2\/product\/83767","targetHints":{"allow":["GET"]}}],"collection":[{"href":"https:\/\/lifee.hu\/teszt\/wp-json\/wp\/v2\/product"}],"about":[{"href":"https:\/\/lifee.hu\/teszt\/wp-json\/wp\/v2\/types\/product"}],"replies":[{"embeddable":true,"href":"https:\/\/lifee.hu\/teszt\/wp-json\/wp\/v2\/comments?post=83767"}],"wp:featuredmedia":[{"embeddable":true,"href":"https:\/\/lifee.hu\/teszt\/wp-json\/wp\/v2\/media\/83769"}],"wp:attachment":[{"href":"https:\/\/lifee.hu\/teszt\/wp-json\/wp\/v2\/media?parent=83767"}],"wp:term":[{"taxonomy":"product_cat","embeddable":true,"href":"https:\/\/lifee.hu\/teszt\/wp-json\/wp\/v2\/product_cat?post=83767"},{"taxonomy":"product_tag","embeddable":true,"href":"https:\/\/lifee.hu\/teszt\/wp-json\/wp\/v2\/product_tag?post=83767"}],"curies":[{"name":"wp","href":"https:\/\/api.w.org\/{rel}","templated":true}]}}