{"id":83757,"date":"2025-02-06T06:01:21","date_gmt":"2025-02-06T05:01:21","guid":{"rendered":"https:\/\/lifee.hu\/teszt\/?post_type=product&#038;p=83757"},"modified":"2025-05-13T12:13:28","modified_gmt":"2025-05-13T10:13:28","slug":"boska-monaco-sefkes-20-cm","status":"publish","type":"product","link":"https:\/\/lifee.hu\/teszt\/termek\/boska-monaco-sefkes-20-cm\/","title":{"rendered":"Boska Monaco+ s\u00e9fk\u00e9s (20 cm)"},"content":{"rendered":"<p>Sz\u00edn: ez\u00fcst<br \/>\nAnyag: rozsdamentes ac\u00e9l<br \/>\nGarancia: \u00e9letre sz\u00f3l\u00f3<br \/>\nTerm\u00e9k m\u00e9rete: 319 mm x 47 mm x 18 mm<br \/>\nM\u00e9ret csomagol\u00e1sban: 370 mm x 95 mm x 28 mm<br \/>\nA s\u00e9fk\u00e9s kiz\u00e1r\u00f3lag k\u00e9zi mosogat\u00e1ssal tiszt\u00edthat\u00f3.<\/p>\n","protected":false},"excerpt":{"rendered":"<p style=\"text-align: justify;\">Ismerd meg a szak\u00e1csok ig\u00e9nyeire tervezett konyhai alapdarabot, a Monaco+ s\u00e9fk\u00e9st! A BOSKA n\u00e9pszer\u0171 term\u00e9ke mind kialak\u00edt\u00e1s\u00e1ban, mind anyagv\u00e1laszt\u00e1s\u00e1ban t\u00e1mogatja a professzion\u00e1lis haszn\u00e1latot, \u00edgy b\u00e1rmilyen fog\u00e1st is k\u00e9sz\u00edtesz, nem lesz neh\u00e9z dolgod a h\u00fasok, z\u00f6lds\u00e9gek \u00e9s m\u00e1s alapanyagok feldolgoz\u00e1s\u00e1val, darabol\u00e1s\u00e1val, szeletel\u00e9s\u00e9vel, apr\u00edt\u00e1s\u00e1val. A cs\u00facsmin\u0151s\u00e9g\u0171 rozsdamentes ac\u00e9l optim\u00e1lis kem\u00e9nys\u00e9get \u00e9s hossz\u00fa \u00e9lettartamot biztos\u00edt a peng\u00e9nek, amit egyszer\u0171en tarthatsz karban \u00e9s \u00e9lezhetsz. A k\u00fcl\u00f6nleges fel\u00fclet a megszokottn\u00e1l is k\u00f6nnyebb\u00e9 teszi a v\u00e1g\u00e1st, \u00e9s persze diz\u00e1jnszempontb\u00f3l is remek \u00f6tlet.<\/p>\n<p style=\"text-align: justify;\">Ne feledd: a profi s\u00e9fekhez hasonl\u00f3an te is ker\u00fcld a s\u00e9fk\u00e9s mosogat\u00f3g\u00e9pben val\u00f3 tiszt\u00edt\u00e1s\u00e1t, hogy min\u00e9l hosszabban meg\u0151rizhesse t\u00f6k\u00e9letess\u00e9g\u00e9t!<\/p>\n","protected":false},"featured_media":83758,"comment_status":"open","ping_status":"closed","template":"","meta":{"_acf_changed":false,"inline_featured_image":false},"product_cat":[35],"product_tag":[73,335,184,359,349],"class_list":{"0":"post-83757","1":"product","2":"type-product","3":"status-publish","4":"has-post-thumbnail","6":"product_cat-kes","7":"product_tag-boska","8":"product_tag-kes","9":"product_tag-monaco","10":"product_tag-sefkes","11":"product_tag-szakacskes","12":"pa_marka-boska","13":"product_brand-boska","15":"first","16":"instock","17":"taxable","18":"shipping-taxable","19":"purchasable","20":"product-type-simple"},"acf":[],"_links":{"self":[{"href":"https:\/\/lifee.hu\/teszt\/wp-json\/wp\/v2\/product\/83757","targetHints":{"allow":["GET"]}}],"collection":[{"href":"https:\/\/lifee.hu\/teszt\/wp-json\/wp\/v2\/product"}],"about":[{"href":"https:\/\/lifee.hu\/teszt\/wp-json\/wp\/v2\/types\/product"}],"replies":[{"embeddable":true,"href":"https:\/\/lifee.hu\/teszt\/wp-json\/wp\/v2\/comments?post=83757"}],"wp:featuredmedia":[{"embeddable":true,"href":"https:\/\/lifee.hu\/teszt\/wp-json\/wp\/v2\/media\/83758"}],"wp:attachment":[{"href":"https:\/\/lifee.hu\/teszt\/wp-json\/wp\/v2\/media?parent=83757"}],"wp:term":[{"taxonomy":"product_cat","embeddable":true,"href":"https:\/\/lifee.hu\/teszt\/wp-json\/wp\/v2\/product_cat?post=83757"},{"taxonomy":"product_tag","embeddable":true,"href":"https:\/\/lifee.hu\/teszt\/wp-json\/wp\/v2\/product_tag?post=83757"}],"curies":[{"name":"wp","href":"https:\/\/api.w.org\/{rel}","templated":true}]}}