{"id":83750,"date":"2025-02-06T05:47:51","date_gmt":"2025-02-06T04:47:51","guid":{"rendered":"https:\/\/lifee.hu\/teszt\/?post_type=product&#038;p=83750"},"modified":"2025-05-13T12:13:28","modified_gmt":"2025-05-13T10:13:28","slug":"boska-copenhagen-sefkes-18-cm","status":"publish","type":"product","link":"https:\/\/lifee.hu\/teszt\/termek\/boska-copenhagen-sefkes-18-cm\/","title":{"rendered":"Boska Copenhagen s\u00e9fk\u00e9s (18 cm)"},"content":{"rendered":"<p>Sz\u00edn: ez\u00fcst<br \/>\nAnyag: rozsdamentes ac\u00e9l<br \/>\nGarancia: \u00e9letre sz\u00f3l\u00f3<br \/>\nTerm\u00e9k m\u00e9rete: 305 mm x 15 mm x 45 mm<br \/>\nM\u00e9ret csomagol\u00e1sban: 80 mm x 357 mm x 25 mm<br \/>\nA s\u00e9fk\u00e9s kiz\u00e1r\u00f3lag k\u00e9zi mosogat\u00e1ssal tiszt\u00edthat\u00f3.<\/p>\n","protected":false},"excerpt":{"rendered":"<p style=\"text-align: justify;\">A j\u00f3 min\u0151s\u00e9g\u0171, sokoldal\u00faan haszn\u00e1lhat\u00f3 s\u00e9fk\u00e9s a n\u00e9lk\u00fcl\u00f6zhetetlen konyhai eszk\u00f6z\u00f6k sor\u00e1ba tartozik, k\u00fcl\u00f6n\u00f6sen azok k\u00f6r\u00e9ben, akik gyakran \u00e9s \u00f6r\u00f6mmel f\u0151znek a mindennapokban. A BOSKA m\u00e9lt\u00e1n n\u00e9pszer\u0171 profi term\u00e9k\u00e9vel, a Copenhagen s\u00e9fk\u00e9ssel gyakorlatilag b\u00e1rmilyen alapanyagot feldolgozhatsz, a k\u00edv\u00e1nt form\u00e1ra \u00e9s m\u00e9retre v\u00e1ghatsz a z\u00f6lds\u00e9gekt\u0151l kezdve a halakon \u00e1t a h\u00fasokig. T\u00f6k\u00e9letes kialak\u00edt\u00e1s\u00e1nak \u00e9s s\u00falyeloszl\u00e1s\u00e1nak k\u00f6sz\u00f6nhet\u0151en remek\u00fcl k\u00e9zre esik, rendk\u00edv\u00fcl \u00e9les, \u00e9s a cs\u00facsmin\u0151s\u00e9g\u0171 rozsdamente ac\u00e9l alapanyag\u00e1b\u00f3l kifoly\u00f3lag pedig egy \u00e9letre a kedvenc k\u00e9sed lesz. A karakteres, jap\u00e1n st\u00edlusjegyeket is felmutat\u00f3 diz\u00e1jn m\u00e9g vonz\u00f3bb\u00e1 teszi ezt a szuper eszk\u00f6zt.<\/p>\n<p style=\"text-align: justify;\">Ne feledd: a profi s\u00e9fekhez hasonl\u00f3an te is ker\u00fcld a s\u00e9fk\u00e9s mosogat\u00f3g\u00e9pben val\u00f3 tiszt\u00edt\u00e1s\u00e1t, hogy min\u00e9l hosszabban meg\u0151rizhesse t\u00f6k\u00e9letess\u00e9g\u00e9t!<\/p>\n","protected":false},"featured_media":83752,"comment_status":"open","ping_status":"closed","template":"","meta":{"_acf_changed":false,"inline_featured_image":false},"product_cat":[35],"product_tag":[73,356,335,359,349],"class_list":{"0":"post-83750","1":"product","2":"type-product","3":"status-publish","4":"has-post-thumbnail","6":"product_cat-kes","7":"product_tag-boska","8":"product_tag-copenhagen","9":"product_tag-kes","10":"product_tag-sefkes","11":"product_tag-szakacskes","12":"pa_marka-boska","13":"product_brand-boska","15":"first","16":"instock","17":"taxable","18":"shipping-taxable","19":"purchasable","20":"product-type-simple"},"acf":[],"_links":{"self":[{"href":"https:\/\/lifee.hu\/teszt\/wp-json\/wp\/v2\/product\/83750","targetHints":{"allow":["GET"]}}],"collection":[{"href":"https:\/\/lifee.hu\/teszt\/wp-json\/wp\/v2\/product"}],"about":[{"href":"https:\/\/lifee.hu\/teszt\/wp-json\/wp\/v2\/types\/product"}],"replies":[{"embeddable":true,"href":"https:\/\/lifee.hu\/teszt\/wp-json\/wp\/v2\/comments?post=83750"}],"wp:featuredmedia":[{"embeddable":true,"href":"https:\/\/lifee.hu\/teszt\/wp-json\/wp\/v2\/media\/83752"}],"wp:attachment":[{"href":"https:\/\/lifee.hu\/teszt\/wp-json\/wp\/v2\/media?parent=83750"}],"wp:term":[{"taxonomy":"product_cat","embeddable":true,"href":"https:\/\/lifee.hu\/teszt\/wp-json\/wp\/v2\/product_cat?post=83750"},{"taxonomy":"product_tag","embeddable":true,"href":"https:\/\/lifee.hu\/teszt\/wp-json\/wp\/v2\/product_tag?post=83750"}],"curies":[{"name":"wp","href":"https:\/\/api.w.org\/{rel}","templated":true}]}}