{"id":83382,"date":"2025-01-20T16:42:58","date_gmt":"2025-01-20T15:42:58","guid":{"rendered":"https:\/\/lifee.hu\/teszt\/?post_type=product&#038;p=83382"},"modified":"2025-05-13T12:13:28","modified_gmt":"2025-05-13T10:13:28","slug":"boska-b-minosegu-sajthur-com-kizarolag-lagy-sajthoz-340-mm-x-06-mm-10-db","status":"publish","type":"product","link":"https:\/\/lifee.hu\/teszt\/termek\/boska-b-minosegu-sajthur-com-kizarolag-lagy-sajthoz-340-mm-x-06-mm-10-db\/","title":{"rendered":"Boska B min\u0151s\u00e9g\u0171 sajth\u00far COM+, kiz\u00e1r\u00f3lag l\u00e1gy sajthoz, 340 mm x 0,6 mm, 10 db"},"content":{"rendered":"","protected":false},"excerpt":{"rendered":"<p style=\"text-align: justify;\">A BOSKA mindenek felett hisz a min\u0151s\u00e9gben \u00e9s a tart\u00f3ss\u00e1gban, valamint abban, hogy a kett\u0151 k\u00e9z a k\u00e9zben j\u00e1r. A COM+ eredetileg b\u00e1rmilyen kem\u00e9nys\u00e9g\u0171 sajthoz k\u00e9sz\u00fclt h\u00farjai sajnos nem mentek \u00e1t a saj\u00e1t teszt\u00fcnk\u00f6n, mert t\u00fal hamar elpattantak a magas h\u00faz\u00f3er\u0151 alatt, legal\u00e1bbis a kem\u00e9ny \u00e9s f\u00e9lkem\u00e9ny sajtok eset\u00e9ben. DE! L\u00e1gy sajtok v\u00e1g\u00e1sakor nem t\u00f6rt\u00e9nt ilyen mal\u0151r, \u00edgy j\u00f3 sz\u00edvvel aj\u00e1nljuk az eg\u00e9sz l\u00e1gysajtok darabol\u00e1s\u00e1hoz.<\/p>\n<p style=\"text-align: justify;\">Mivel a term\u00e9keket m\u00e1r legy\u00e1rtottuk, \u00e9s nem szeret\u00fcnk szemetelni, \u00fagy d\u00f6nt\u00f6tt\u00fcnk, nem dobjuk ki a h\u00farokat, ink\u00e1bb F\u00c9L \u00c1RON k\u00edn\u00e1ljuk a l\u00e1gy sajt szerelmeseinek. Teh\u00e1t ha kiz\u00e1r\u00f3lag l\u00e1ny sajt darabol\u00e1s\u00e1hoz keresel h\u00fart, \u00e9rdemes lehet ezek mellett letenned a voksodat.<\/p>\n","protected":false},"featured_media":83387,"comment_status":"open","ping_status":"closed","template":"","meta":{"_acf_changed":false,"inline_featured_image":false},"product_cat":[62],"product_tag":[73,355,351,354],"class_list":{"0":"post-83382","1":"product","2":"type-product","3":"status-publish","4":"has-post-thumbnail","6":"product_cat-sajtimadoknak","7":"product_tag-boska","8":"product_tag-hurkeszlet","9":"product_tag-sajthur","10":"product_tag-sajthurkeszlet","11":"pa_marka-boska","12":"product_brand-boska","14":"first","15":"instock","16":"taxable","17":"shipping-taxable","18":"purchasable","19":"product-type-simple"},"acf":[],"_links":{"self":[{"href":"https:\/\/lifee.hu\/teszt\/wp-json\/wp\/v2\/product\/83382","targetHints":{"allow":["GET"]}}],"collection":[{"href":"https:\/\/lifee.hu\/teszt\/wp-json\/wp\/v2\/product"}],"about":[{"href":"https:\/\/lifee.hu\/teszt\/wp-json\/wp\/v2\/types\/product"}],"replies":[{"embeddable":true,"href":"https:\/\/lifee.hu\/teszt\/wp-json\/wp\/v2\/comments?post=83382"}],"wp:featuredmedia":[{"embeddable":true,"href":"https:\/\/lifee.hu\/teszt\/wp-json\/wp\/v2\/media\/83387"}],"wp:attachment":[{"href":"https:\/\/lifee.hu\/teszt\/wp-json\/wp\/v2\/media?parent=83382"}],"wp:term":[{"taxonomy":"product_cat","embeddable":true,"href":"https:\/\/lifee.hu\/teszt\/wp-json\/wp\/v2\/product_cat?post=83382"},{"taxonomy":"product_tag","embeddable":true,"href":"https:\/\/lifee.hu\/teszt\/wp-json\/wp\/v2\/product_tag?post=83382"}],"curies":[{"name":"wp","href":"https:\/\/api.w.org\/{rel}","templated":true}]}}