{"id":83373,"date":"2025-01-20T16:35:01","date_gmt":"2025-01-20T15:35:01","guid":{"rendered":"https:\/\/lifee.hu\/teszt\/?post_type=product&#038;p=83373"},"modified":"2025-05-13T12:13:28","modified_gmt":"2025-05-13T10:13:28","slug":"boska-sajthur-ccp-620-mm-x-06-mm-6-db","status":"publish","type":"product","link":"https:\/\/lifee.hu\/teszt\/termek\/boska-sajthur-ccp-620-mm-x-06-mm-6-db\/","title":{"rendered":"Boska sajth\u00far CCP+ 620 mm x 0,6 mm, 6 db"},"content":{"rendered":"<p>Sz\u00edn: ez\u00fcst<br \/>\nAnyag: rozsdamentes ac\u00e9l<br \/>\nTerm\u00e9k m\u00e9rete: 620 mm x 0,6 mm x 0,6 mm<br \/>\nM\u00e9ret csomagol\u00e1sban: 127 mm x 103 mm x 8 mm<br \/>\nA h\u00farok nem moshat\u00f3k mosogat\u00f3g\u00e9pben.<\/p>\n","protected":false},"excerpt":{"rendered":"<p style=\"text-align: justify;\">A praktikus Cheese Commander PRO+ mit sem \u00e9r a szuperer\u0151s h\u00farok n\u00e9lk\u00fcl! Ezek a v\u00e9kony, m\u00e9gis strapab\u00edr\u00f3 h\u00farok ide\u00e1lisak a k\u00fcl\u00f6nf\u00e9le a l\u00e1gy sajtok darabol\u00e1s\u00e1hoz. Akkor sem kell agg\u00f3dnod, ha ipari mennyis\u00e9gben kell darabolnod a sajtot, hiszen a webshopunkb\u00f3l megrendelhet\u0151 6 darabos, eur\u00f3pai gy\u00e1rt\u00e1s\u00fa, cs\u00facsmin\u0151s\u00e9g\u0171 ac\u00e9lb\u00f3l k\u00e9sz\u00fclt h\u00fark\u00e9szlet sok\u00e1ig kitart majd, k\u00f6sz\u00f6nhet\u0151en a gondos tervez\u00e9snek \u00e9s a min\u0151s\u00e9gi alapanyagok haszn\u00e1lat\u00e1nak.<\/p>\n<p style=\"text-align: justify;\">Sajt: l\u00e1gy \u00e9s f\u00e9lkem\u00e9ny sajtokhoz<\/p>\n","protected":false},"featured_media":83379,"comment_status":"open","ping_status":"closed","template":"","meta":{"_acf_changed":false,"inline_featured_image":false},"product_cat":[62],"product_tag":[73,351,354,353],"class_list":{"0":"post-83373","1":"product","2":"type-product","3":"status-publish","4":"has-post-thumbnail","6":"product_cat-sajtimadoknak","7":"product_tag-boska","8":"product_tag-sajthur","9":"product_tag-sajthurkeszlet","10":"product_tag-vagohuzal","11":"pa_marka-boska","12":"product_brand-boska","14":"first","15":"instock","16":"taxable","17":"shipping-taxable","18":"purchasable","19":"product-type-simple"},"acf":[],"_links":{"self":[{"href":"https:\/\/lifee.hu\/teszt\/wp-json\/wp\/v2\/product\/83373","targetHints":{"allow":["GET"]}}],"collection":[{"href":"https:\/\/lifee.hu\/teszt\/wp-json\/wp\/v2\/product"}],"about":[{"href":"https:\/\/lifee.hu\/teszt\/wp-json\/wp\/v2\/types\/product"}],"replies":[{"embeddable":true,"href":"https:\/\/lifee.hu\/teszt\/wp-json\/wp\/v2\/comments?post=83373"}],"wp:featuredmedia":[{"embeddable":true,"href":"https:\/\/lifee.hu\/teszt\/wp-json\/wp\/v2\/media\/83379"}],"wp:attachment":[{"href":"https:\/\/lifee.hu\/teszt\/wp-json\/wp\/v2\/media?parent=83373"}],"wp:term":[{"taxonomy":"product_cat","embeddable":true,"href":"https:\/\/lifee.hu\/teszt\/wp-json\/wp\/v2\/product_cat?post=83373"},{"taxonomy":"product_tag","embeddable":true,"href":"https:\/\/lifee.hu\/teszt\/wp-json\/wp\/v2\/product_tag?post=83373"}],"curies":[{"name":"wp","href":"https:\/\/api.w.org\/{rel}","templated":true}]}}