{"id":83364,"date":"2025-01-20T16:19:47","date_gmt":"2025-01-20T15:19:47","guid":{"rendered":"https:\/\/lifee.hu\/teszt\/?post_type=product&#038;p=83364"},"modified":"2025-05-13T12:13:28","modified_gmt":"2025-05-13T10:13:28","slug":"boska-sajthurkeszlet-cheeso-o-matichez-340-mm-x-06-mm-10-db","status":"publish","type":"product","link":"https:\/\/lifee.hu\/teszt\/termek\/boska-sajthurkeszlet-cheeso-o-matichez-340-mm-x-06-mm-10-db\/","title":{"rendered":"Boska sajth\u00far Cheeso-O-Matichez, 340 mm x 0,6 mm, 10 db"},"content":{"rendered":"<p>Sz\u00edn: ez\u00fcst<br \/>\nAnyag: rozsdamentes ac\u00e9l<br \/>\nTerm\u00e9k m\u00e9rete: 340 mm x 0,6 mm x 0,6 mm<br \/>\nM\u00e9ret csomagol\u00e1sban: 198 mm x 148 mm x 18 mm<br \/>\nA h\u00farok nem moshat\u00f3k mosogat\u00f3g\u00e9pben.<\/p>\n","protected":false},"excerpt":{"rendered":"<p style=\"text-align: justify;\">Ha t\u00f6k\u00e9letesen szeretn\u00e9d feldarabolni az eg\u00e9sz sajtokat, akkor c\u00e9lszer\u0171 bevetned a m\u00e9lt\u00e1n n\u00e9pszer\u0171 Chees-O-Maticet, amihez b\u00e1rmikor beszerezhetsz \u00faj h\u00farokat a webshopunkb\u00f3l. A professzion\u00e1lis felhaszn\u00e1l\u00f3k ig\u00e9nyeire szabott, prec\u00edzen szel\u0151 h\u00farok kifog\u00e1stalan min\u0151s\u00e9g\u0171 rozsdamentes ac\u00e9lb\u00f3l k\u00e9sz\u00fclnek a BOSKA saj\u00e1t fejleszt\u00e9s\u00e9ben \u00e9s gy\u00e1rt\u00e1s\u00e1ban, Eur\u00f3p\u00e1ban. A h\u00farok alapanyaga kimondottan rugalmas, ami garanci\u00e1t jelent a hossz\u00fa \u00e9lettartamra. V\u00e1laszd mindig a megfelel\u0151 h\u00fart a sajtdarabol\u00e1shoz \u2013 ez a h\u00fark\u00e9szlet a f\u00e9lkem\u00e9ny \u00e9s kem\u00e9ny sajtokhoz val\u00f3!<\/p>\n<p style=\"text-align: justify;\">Sajt: f\u00e9lkem\u00e9ny \u00e9s kem\u00e9ny sajtokhoz<\/p>\n","protected":false},"featured_media":83367,"comment_status":"open","ping_status":"closed","template":"","meta":{"_acf_changed":false,"inline_featured_image":false},"product_cat":[62],"product_tag":[73,351,354,353],"class_list":{"0":"post-83364","1":"product","2":"type-product","3":"status-publish","4":"has-post-thumbnail","6":"product_cat-sajtimadoknak","7":"product_tag-boska","8":"product_tag-sajthur","9":"product_tag-sajthurkeszlet","10":"product_tag-vagohuzal","11":"pa_marka-boska","12":"product_brand-boska","14":"first","15":"instock","16":"taxable","17":"shipping-taxable","18":"purchasable","19":"product-type-simple"},"acf":[],"_links":{"self":[{"href":"https:\/\/lifee.hu\/teszt\/wp-json\/wp\/v2\/product\/83364","targetHints":{"allow":["GET"]}}],"collection":[{"href":"https:\/\/lifee.hu\/teszt\/wp-json\/wp\/v2\/product"}],"about":[{"href":"https:\/\/lifee.hu\/teszt\/wp-json\/wp\/v2\/types\/product"}],"replies":[{"embeddable":true,"href":"https:\/\/lifee.hu\/teszt\/wp-json\/wp\/v2\/comments?post=83364"}],"wp:featuredmedia":[{"embeddable":true,"href":"https:\/\/lifee.hu\/teszt\/wp-json\/wp\/v2\/media\/83367"}],"wp:attachment":[{"href":"https:\/\/lifee.hu\/teszt\/wp-json\/wp\/v2\/media?parent=83364"}],"wp:term":[{"taxonomy":"product_cat","embeddable":true,"href":"https:\/\/lifee.hu\/teszt\/wp-json\/wp\/v2\/product_cat?post=83364"},{"taxonomy":"product_tag","embeddable":true,"href":"https:\/\/lifee.hu\/teszt\/wp-json\/wp\/v2\/product_tag?post=83364"}],"curies":[{"name":"wp","href":"https:\/\/api.w.org\/{rel}","templated":true}]}}