{"id":83272,"date":"2025-01-04T23:31:04","date_gmt":"2025-01-04T22:31:04","guid":{"rendered":"https:\/\/lifee.hu\/teszt\/?post_type=product&#038;p=83272"},"modified":"2025-05-13T12:13:29","modified_gmt":"2025-05-13T10:13:29","slug":"boska-pizzalapat","status":"publish","type":"product","link":"https:\/\/lifee.hu\/teszt\/termek\/boska-pizzalapat\/","title":{"rendered":"Boska pizzalap\u00e1t"},"content":{"rendered":"<p>Anyag: fa, alum\u00ednium<br \/>\nGarancia: 10 \u00e9v<br \/>\nTerm\u00e9k m\u00e9rete: 760 mm x 300 mm x 30 mm<br \/>\nM\u00e9ret csomagol\u00e1sban: 450 mm x 350 mm x 46 mm<br \/>\nA term\u00e9k kiz\u00e1r\u00f3lag k\u00e9zzel tiszt\u00edthat\u00f3.<\/p>\n","protected":false},"excerpt":{"rendered":"<p style=\"text-align: justify;\">Tedd be a forr\u00f3 s\u00fct\u0151be vagy kemenc\u00e9be biztons\u00e1gosan a pizz\u00e1dat a BOSKA st\u00edlusos \u00e9s praktikus pizzalap\u00e1tj\u00e1val \u2013 \u00e9s haszn\u00e1ld \u00fajra, miut\u00e1n v\u00e9gre megs\u00fclt az olasz finoms\u00e1g! Az eszk\u00f6z magas min\u0151s\u00e9g\u0171 alum\u00edniumb\u00f3l \u00e9s f\u00e1b\u00f3l k\u00e9sz\u00fclt, praktikus, biztos fog\u00e1st garant\u00e1l\u00f3 foganty\u00faval. Term\u00e9szetesen keny\u00e9r \u00e9s mindenf\u00e9le egy\u00e9b p\u00e9k\u00e1r\u00fa s\u00fct\u00e9shez is haszn\u00e1lhatod adott esetben.<\/p>\n<p style=\"text-align: justify;\">A term\u00e9k Red Dot designd\u00edjas, \u00edgy igaz\u00e1n men\u0151nek \u00e9rezheted magad lap\u00e1tol\u00e1s k\u00f6zben. Ne feledd: ha v\u00e9konyan meghinted a lap\u00e1tot liszttel, \u00e9s \u00edgy ker\u00fcl r\u00e1 a t\u00e9szta, akkor biztos, hogy nem ragad r\u00e1 a pizza s\u00fct\u00e9s k\u00f6zben, \u00e9s a v\u00e9geredm\u00e9nyt k\u00f6nnyed\u00e9n r\u00e1cs\u00fasztathatod egy BOSKA pizzat\u00e1lal\u00f3ra. B\u00f6ng\u00e9ssz kedvedre a webshopunkban, \u00e9s add le a rendel\u00e9sedet p\u00e1r egyszer\u0171 l\u00e9p\u00e9sben!<\/p>\n","protected":false},"featured_media":83281,"comment_status":"open","ping_status":"closed","template":"","meta":{"_acf_changed":false,"inline_featured_image":false},"product_cat":[225,79],"product_tag":[73,77,347],"class_list":{"0":"post-83272","1":"product","2":"type-product","3":"status-publish","4":"has-post-thumbnail","6":"product_cat-grill-kiegeszitok","7":"product_cat-pizzaimadoknak","8":"product_tag-boska","9":"product_tag-pizza","10":"product_tag-pizzalapat","11":"pa_marka-boska","12":"product_brand-boska","14":"first","15":"instock","16":"taxable","17":"shipping-taxable","18":"purchasable","19":"product-type-simple"},"acf":[],"_links":{"self":[{"href":"https:\/\/lifee.hu\/teszt\/wp-json\/wp\/v2\/product\/83272","targetHints":{"allow":["GET"]}}],"collection":[{"href":"https:\/\/lifee.hu\/teszt\/wp-json\/wp\/v2\/product"}],"about":[{"href":"https:\/\/lifee.hu\/teszt\/wp-json\/wp\/v2\/types\/product"}],"replies":[{"embeddable":true,"href":"https:\/\/lifee.hu\/teszt\/wp-json\/wp\/v2\/comments?post=83272"}],"wp:featuredmedia":[{"embeddable":true,"href":"https:\/\/lifee.hu\/teszt\/wp-json\/wp\/v2\/media\/83281"}],"wp:attachment":[{"href":"https:\/\/lifee.hu\/teszt\/wp-json\/wp\/v2\/media?parent=83272"}],"wp:term":[{"taxonomy":"product_cat","embeddable":true,"href":"https:\/\/lifee.hu\/teszt\/wp-json\/wp\/v2\/product_cat?post=83272"},{"taxonomy":"product_tag","embeddable":true,"href":"https:\/\/lifee.hu\/teszt\/wp-json\/wp\/v2\/product_tag?post=83272"}],"curies":[{"name":"wp","href":"https:\/\/api.w.org\/{rel}","templated":true}]}}