{"id":83266,"date":"2025-01-04T22:00:21","date_gmt":"2025-01-04T21:00:21","guid":{"rendered":"https:\/\/lifee.hu\/teszt\/?post_type=product&#038;p=83266"},"modified":"2025-05-13T12:13:29","modified_gmt":"2025-05-13T10:13:29","slug":"boska-szervirozo-palatal-s-33-cm","status":"publish","type":"product","link":"https:\/\/lifee.hu\/teszt\/termek\/boska-szervirozo-palatal-s-33-cm\/","title":{"rendered":"Boska palak\u0151 k\u00edn\u00e1l\u00f3t\u00e1lca S (33 cm)"},"content":{"rendered":"<p>Anyag: palak\u0151<br \/>\nGarancia: 10 \u00e9v<br \/>\nTerm\u00e9k m\u00e9rete: 320 mm x 115 mm x 10 mm<br \/>\nM\u00e9ret csomagol\u00e1sban: 326 mm x 115 mm x 15 mm<br \/>\nA term\u00e9k kiz\u00e1r\u00f3lag k\u00e9zzel tiszt\u00edthat\u00f3.<\/p>\n","protected":false},"excerpt":{"rendered":"<p style=\"text-align: justify;\">Ha a k\u00fcl\u00f6nleges alkalom megk\u00edv\u00e1nja, hogy st\u00edlusosan szolg\u00e1ld ki a vend\u00e9geidet, \u00fcgyfeleidet, akkor j\u00f3 sz\u00edvvel aj\u00e1nljuk a BOSKA palak\u0151b\u0151l k\u00e9sz\u00fclt szerv\u00edroz\u00f3t\u00e1lc\u00e1j\u00e1t, amely megjelen\u00e9s\u00e9ben egyszerre rusztikus \u00e9s kifinomult, vag\u00e1ny \u00e9s eleg\u00e1ns, \u00edgy b\u00e1rmilyen asztalon remek\u00fcl mutat. Az alj\u00e1n l\u00e9v\u0151 kis cs\u00fasz\u00e1sg\u00e1tl\u00f3 l\u00e1bak gondoskodnak r\u00f3la, hogy a t\u00e1lca stabilan az asztalon maradjon, b\u00e1rmilyen anyagb\u00f3l is k\u00e9sz\u00fclt a fel\u00fclete. A fekete palak\u00f6v\u00f6n csod\u00e1san mutatnak a k\u00fcl\u00f6nf\u00e9le sajtok, tapasok \u00e9s egy\u00e9b harapnival\u00f3k, tov\u00e1bb emelve az esem\u00e9ny f\u00e9ny\u00e9t. A S mellett L \u00e9s XL m\u00e9retben is megrendelheted ezt az \u00f6r\u00f6kz\u00f6ld kieg\u00e9sz\u00edt\u0151t.<\/p>\n","protected":false},"featured_media":83269,"comment_status":"open","ping_status":"closed","template":"","meta":{"_acf_changed":false,"inline_featured_image":false},"product_cat":[39],"product_tag":[73,346,136],"class_list":{"0":"post-83266","1":"product","2":"type-product","3":"status-publish","4":"has-post-thumbnail","6":"product_cat-talalas","7":"product_tag-boska","8":"product_tag-palatal","9":"product_tag-talalas","10":"pa_marka-boska","11":"product_brand-boska","13":"first","14":"instock","15":"taxable","16":"shipping-taxable","17":"purchasable","18":"product-type-simple"},"acf":[],"_links":{"self":[{"href":"https:\/\/lifee.hu\/teszt\/wp-json\/wp\/v2\/product\/83266","targetHints":{"allow":["GET"]}}],"collection":[{"href":"https:\/\/lifee.hu\/teszt\/wp-json\/wp\/v2\/product"}],"about":[{"href":"https:\/\/lifee.hu\/teszt\/wp-json\/wp\/v2\/types\/product"}],"replies":[{"embeddable":true,"href":"https:\/\/lifee.hu\/teszt\/wp-json\/wp\/v2\/comments?post=83266"}],"wp:featuredmedia":[{"embeddable":true,"href":"https:\/\/lifee.hu\/teszt\/wp-json\/wp\/v2\/media\/83269"}],"wp:attachment":[{"href":"https:\/\/lifee.hu\/teszt\/wp-json\/wp\/v2\/media?parent=83266"}],"wp:term":[{"taxonomy":"product_cat","embeddable":true,"href":"https:\/\/lifee.hu\/teszt\/wp-json\/wp\/v2\/product_cat?post=83266"},{"taxonomy":"product_tag","embeddable":true,"href":"https:\/\/lifee.hu\/teszt\/wp-json\/wp\/v2\/product_tag?post=83266"}],"curies":[{"name":"wp","href":"https:\/\/api.w.org\/{rel}","templated":true}]}}