{"id":83260,"date":"2025-01-04T21:49:27","date_gmt":"2025-01-04T20:49:27","guid":{"rendered":"https:\/\/lifee.hu\/teszt\/?post_type=product&#038;p=83260"},"modified":"2025-05-13T12:13:29","modified_gmt":"2025-05-13T10:13:29","slug":"boska-szervirozo-palatal-light-l-28-cm","status":"publish","type":"product","link":"https:\/\/lifee.hu\/teszt\/termek\/boska-szervirozo-palatal-light-l-28-cm\/","title":{"rendered":"Boska palak\u0151 k\u00edn\u00e1l\u00f3t\u00e1lca light L (28 cm)"},"content":{"rendered":"<p>Anyag: palak\u0151<br \/>\nGarancia: 10 \u00e9v<br \/>\nTerm\u00e9k m\u00e9rete: 286 mm x 200 mm x 13 mm<br \/>\nM\u00e9ret csomagol\u00e1sban: 286 mm x 200 mm x 13 mm<br \/>\nA term\u00e9k kiz\u00e1r\u00f3lag k\u00e9zzel tiszt\u00edthat\u00f3.<\/p>\n","protected":false},"excerpt":{"rendered":"<p style=\"text-align: justify;\">A BOSKA nagym\u00e9ret\u0171 palak\u0151 k\u00edn\u00e1l\u00f3t\u00e1lc\u00e1j\u00e1n sok-sok finom falat elf\u00e9r, \u00edgy ide\u00e1lis v\u00e1laszt\u00e1s a csal\u00e1di \u00e9s bar\u00e1ti \u00f6sszej\u00f6vetelekre, k\u00fcl\u00f6n\u00f6sen, ha jeles alkalomr\u00f3l van sz\u00f3, \u00e9s a szerv\u00edroz\u00e1snak is megadod a m\u00f3dj\u00e1t. B\u00e1r palak\u0151r\u0151l van sz\u00f3, a t\u00e1lca m\u00e9gis k\u00f6nny\u0171, alaposan megpakolhatod sajttal, m\u00e1rtogat\u00f3ssal, tapasszal \u00e9s mindenf\u00e9le \u00ednycsikland\u00f3 finoms\u00e1ggal. Letisztult st\u00edlus\u00e1nak \u00e9s ig\u00e9nyes megjelen\u00e9s\u00e9nek k\u00f6sz\u00f6nhet\u0151en b\u00e1rmilyen ter\u00edt\u00e9k mutat\u00f3s kieg\u00e9sz\u00edt\u0151je lehet, mindenhez j\u00f3l passzol. Haszn\u00e1lat ut\u00e1n k\u00e9zzel mosd el, \u00edgy a t\u00e1lca biztosan meg\u0151rzi sz\u00e9ps\u00e9g\u00e9t. Az L mellett S \u00e9s XL m\u00e9retben is megrendelheted ezt az \u00f6r\u00f6kz\u00f6ld kieg\u00e9sz\u00edt\u0151t.<\/p>\n","protected":false},"featured_media":83264,"comment_status":"open","ping_status":"closed","template":"","meta":{"_acf_changed":false,"inline_featured_image":false},"product_cat":[39,132],"product_tag":[73,346,136],"class_list":{"0":"post-83260","1":"product","2":"type-product","3":"status-publish","4":"has-post-thumbnail","6":"product_cat-talalas","7":"product_cat-vendegvaro","8":"product_tag-boska","9":"product_tag-palatal","10":"product_tag-talalas","11":"pa_marka-boska","12":"product_brand-boska","14":"first","15":"instock","16":"taxable","17":"shipping-taxable","18":"purchasable","19":"product-type-simple"},"acf":[],"_links":{"self":[{"href":"https:\/\/lifee.hu\/teszt\/wp-json\/wp\/v2\/product\/83260","targetHints":{"allow":["GET"]}}],"collection":[{"href":"https:\/\/lifee.hu\/teszt\/wp-json\/wp\/v2\/product"}],"about":[{"href":"https:\/\/lifee.hu\/teszt\/wp-json\/wp\/v2\/types\/product"}],"replies":[{"embeddable":true,"href":"https:\/\/lifee.hu\/teszt\/wp-json\/wp\/v2\/comments?post=83260"}],"wp:featuredmedia":[{"embeddable":true,"href":"https:\/\/lifee.hu\/teszt\/wp-json\/wp\/v2\/media\/83264"}],"wp:attachment":[{"href":"https:\/\/lifee.hu\/teszt\/wp-json\/wp\/v2\/media?parent=83260"}],"wp:term":[{"taxonomy":"product_cat","embeddable":true,"href":"https:\/\/lifee.hu\/teszt\/wp-json\/wp\/v2\/product_cat?post=83260"},{"taxonomy":"product_tag","embeddable":true,"href":"https:\/\/lifee.hu\/teszt\/wp-json\/wp\/v2\/product_tag?post=83260"}],"curies":[{"name":"wp","href":"https:\/\/api.w.org\/{rel}","templated":true}]}}