{"id":83242,"date":"2025-01-04T09:12:35","date_gmt":"2025-01-04T08:12:35","guid":{"rendered":"https:\/\/lifee.hu\/teszt\/?post_type=product&#038;p=83242"},"modified":"2025-05-13T12:13:30","modified_gmt":"2025-05-13T10:13:30","slug":"boska-ultimate-monaco-konyhai-keskeszlet-magneses-kestartoval","status":"publish","type":"product","link":"https:\/\/lifee.hu\/teszt\/termek\/boska-ultimate-monaco-konyhai-keskeszlet-magneses-kestartoval\/","title":{"rendered":"Boska Ultimate Monaco+ konyhai k\u00e9sk\u00e9szlet, m\u00e1gneses k\u00e9start\u00f3val"},"content":{"rendered":"<p>Anyag: rozsdamentes ac\u00e9l, m\u00e1gnes<br \/>\nGarancia: \u00e9letre sz\u00f3l\u00f3<br \/>\nTerm\u00e9k m\u00e9rete: 357 mm x 45 mm x 40 mm<br \/>\nM\u00e9ret csomagol\u00e1sban: 300 mm x 430 mm x 27 mm<br \/>\nA term\u00e9k kiz\u00e1r\u00f3lag k\u00e9zzel tiszt\u00edthat\u00f3.<\/p>\n","protected":false},"excerpt":{"rendered":"<p style=\"text-align: justify;\">A BOSKA Monaco+ k\u00e9sk\u00e9szlete \u00e9s Mr. Magneto m\u00e1gneses k\u00e9start\u00f3ja t\u00f6k\u00e9letes v\u00e1laszt\u00e1s, ha profi eszk\u00f6z\u00f6kkel szereln\u00e9d fel a konyh\u00e1dat. Az \u00f6tdarabos szettben minden k\u00e9st megtal\u00e1lsz, amire a mindennapos s\u00fct\u00e9s-f\u0151z\u00e9s sor\u00e1n sz\u00fcks\u00e9ged van a szak\u00e1csk\u00e9st\u0151l a keny\u00e9rk\u00e9sig, a speci\u00e1lis tart\u00f3nak k\u00f6sz\u00f6nhet\u0151en pedig mindig k\u00e9zn\u00e9l lesznek a min\u0151s\u00e9gi eszk\u00f6z\u00f6k. A term\u00e9kek cs\u00facsmin\u0151s\u00e9g\u0171 rozsdamentes ac\u00e9lb\u00f3l k\u00e9sz\u00fcltek, gondos tervez\u00e9ssel \u00e9s kifog\u00e1stalan kivitelez\u00e9ssel, \u00edgy \u00f6r\u00f6m vel\u00fck a munka. Aj\u00e1nd\u00e9knak is remek v\u00e1laszt\u00e1s, ha \u00e9pp egy hobbiszak\u00e1cs szerettedet szeretn\u00e9d meglepni valami \u00e9rt\u00e9kes \u00e9s id\u0151t\u00e1ll\u00f3 k\u00fcl\u00f6nlegess\u00e9ggel. Ne feledd: a k\u00e9seket k\u00e9zi mosogat\u00e1ssal tiszt\u00edtsd az \u00e9l\u00fcket k\u00edm\u00e9lend\u0151!<\/p>\n","protected":false},"featured_media":83243,"comment_status":"open","ping_status":"closed","template":"","meta":{"_acf_changed":false,"inline_featured_image":false},"product_cat":[35],"product_tag":[73,344,343,337,345],"class_list":{"0":"post-83242","1":"product","2":"type-product","3":"status-publish","4":"has-post-thumbnail","6":"product_cat-kes","7":"product_tag-boska","8":"product_tag-keskeszlet","9":"product_tag-kesszett","10":"product_tag-kestarto","11":"product_tag-ultimate","12":"pa_marka-boska","13":"product_brand-boska","15":"first","16":"instock","17":"taxable","18":"shipping-taxable","19":"purchasable","20":"product-type-simple"},"acf":[],"_links":{"self":[{"href":"https:\/\/lifee.hu\/teszt\/wp-json\/wp\/v2\/product\/83242","targetHints":{"allow":["GET"]}}],"collection":[{"href":"https:\/\/lifee.hu\/teszt\/wp-json\/wp\/v2\/product"}],"about":[{"href":"https:\/\/lifee.hu\/teszt\/wp-json\/wp\/v2\/types\/product"}],"replies":[{"embeddable":true,"href":"https:\/\/lifee.hu\/teszt\/wp-json\/wp\/v2\/comments?post=83242"}],"wp:featuredmedia":[{"embeddable":true,"href":"https:\/\/lifee.hu\/teszt\/wp-json\/wp\/v2\/media\/83243"}],"wp:attachment":[{"href":"https:\/\/lifee.hu\/teszt\/wp-json\/wp\/v2\/media?parent=83242"}],"wp:term":[{"taxonomy":"product_cat","embeddable":true,"href":"https:\/\/lifee.hu\/teszt\/wp-json\/wp\/v2\/product_cat?post=83242"},{"taxonomy":"product_tag","embeddable":true,"href":"https:\/\/lifee.hu\/teszt\/wp-json\/wp\/v2\/product_tag?post=83242"}],"curies":[{"name":"wp","href":"https:\/\/api.w.org\/{rel}","templated":true}]}}