{"id":83170,"date":"2025-01-02T18:41:36","date_gmt":"2025-01-02T17:41:36","guid":{"rendered":"https:\/\/lifee.hu\/teszt\/?post_type=product&#038;p=83170"},"modified":"2025-03-28T09:59:42","modified_gmt":"2025-03-28T08:59:42","slug":"boska-raclette-maxi-220v","status":"publish","type":"product","link":"https:\/\/lifee.hu\/teszt\/termek\/boska-raclette-maxi-220v\/","title":{"rendered":"Boska Raclette Maxi 220V"},"content":{"rendered":"<p>Anyag: rozsdamentes ac\u00e9l, ac\u00e9l, m\u0171anyag<br \/>\nGarancia: 10 \u00e9v<br \/>\nTerm\u00e9k m\u00e9rete: 498 mm x 115 mm x 148 mm<br \/>\nM\u00e9ret csomagol\u00e1sban: 509 mm x 115 mm x 115 mm<br \/>\nA term\u00e9k r\u00e9szben mosogat\u00f3g\u00e9pben, r\u00e9szben k\u00e9zzel tiszt\u00edthat\u00f3.<\/p>\n","protected":false},"excerpt":{"rendered":"<p style=\"text-align: justify;\">A BOSKA Raclette Maxi elektromos s\u00fct\u0151je m\u00e9lt\u00e1n \u00f6rvend nagy n\u00e9pszer\u0171s\u00e9gnek, hiszen k\u00f6nny\u0171szerrel k\u00e9sz\u00edt mennyei falatokat a k\u00fcl\u00f6nf\u00e9le sajtokb\u00f3l, z\u00f6lds\u00e9gekb\u0151l \u00e9s h\u00fasokb\u00f3l. N\u00e9gyszem\u00e9lyes kivitelez\u00e9s\u00e9b\u0151l ad\u00f3d\u00f3an nemcsak csal\u00e1di falatoz\u00e1shoz, hanem ak\u00e1r vend\u00e9gv\u00e1r\u00e1shoz is remek v\u00e1laszt\u00e1s. A kis serpeny\u0151k \u00e9s a hozz\u00e1 val\u00f3 spatul\u00e1k mosogat\u00f3g\u00e9pben moshat\u00f3k, a szett t\u00f6bbi r\u00e9sze k\u00e9zzel tiszt\u00edthat\u00f3. Szerezd be magadnak, vagy lepd meg vele a sajtim\u00e1d\u00f3 szerettedet!<\/p>\n","protected":false},"featured_media":83207,"comment_status":"open","ping_status":"closed","template":"","meta":{"_acf_changed":false,"inline_featured_image":false},"product_cat":[132],"product_tag":[73,342],"class_list":{"0":"post-83170","1":"product","2":"type-product","3":"status-publish","4":"has-post-thumbnail","6":"product_cat-vendegvaro","7":"product_tag-boska","8":"product_tag-raclette","9":"pa_marka-boska","11":"first","12":"instock","13":"taxable","14":"shipping-taxable","15":"purchasable","16":"product-type-simple"},"acf":[],"_links":{"self":[{"href":"https:\/\/lifee.hu\/teszt\/wp-json\/wp\/v2\/product\/83170","targetHints":{"allow":["GET"]}}],"collection":[{"href":"https:\/\/lifee.hu\/teszt\/wp-json\/wp\/v2\/product"}],"about":[{"href":"https:\/\/lifee.hu\/teszt\/wp-json\/wp\/v2\/types\/product"}],"replies":[{"embeddable":true,"href":"https:\/\/lifee.hu\/teszt\/wp-json\/wp\/v2\/comments?post=83170"}],"wp:featuredmedia":[{"embeddable":true,"href":"https:\/\/lifee.hu\/teszt\/wp-json\/wp\/v2\/media\/83207"}],"wp:attachment":[{"href":"https:\/\/lifee.hu\/teszt\/wp-json\/wp\/v2\/media?parent=83170"}],"wp:term":[{"taxonomy":"product_cat","embeddable":true,"href":"https:\/\/lifee.hu\/teszt\/wp-json\/wp\/v2\/product_cat?post=83170"},{"taxonomy":"product_tag","embeddable":true,"href":"https:\/\/lifee.hu\/teszt\/wp-json\/wp\/v2\/product_tag?post=83170"}],"curies":[{"name":"wp","href":"https:\/\/api.w.org\/{rel}","templated":true}]}}