{"id":83158,"date":"2025-01-02T18:13:29","date_gmt":"2025-01-02T17:13:29","guid":{"rendered":"https:\/\/lifee.hu\/teszt\/?post_type=product&#038;p=83158"},"modified":"2025-02-14T09:28:04","modified_gmt":"2025-02-14T08:28:04","slug":"boska-friends-pizzatalalo-m-29-cm-%e2%8c%80","status":"publish","type":"product","link":"https:\/\/lifee.hu\/teszt\/termek\/boska-friends-pizzatalalo-m-29-cm-%e2%8c%80\/","title":{"rendered":"Boska Friends pizzat\u00e1lal\u00f3, M \u2013 29 cm \u2300"},"content":{"rendered":"<p>Anyag: t\u00f6lgyfa<br \/>\nGarancia: 10 \u00e9v<br \/>\nTerm\u00e9k m\u00e9rete: 288 mm x 285 mm x 20 mm<br \/>\nM\u00e9ret csomagol\u00e1sban: 288 mm x 285 mm x 20 mm<br \/>\nA term\u00e9k kiz\u00e1r\u00f3lag k\u00e9zzel tiszt\u00edthat\u00f3.<\/p>\n","protected":false},"excerpt":{"rendered":"<p style=\"text-align: justify;\">Az eszt\u00e9tikus, praktikus \u00e9s id\u0151t\u00e1ll\u00f3 konyhai eszk\u00f6z\u00f6k tervez\u0151jek\u00e9nt \u00e9s gy\u00e1rt\u00f3jak\u00e9nt a holland BOSKA m\u00e9lt\u00e1n lehet b\u00fcszke a Friends pizzat\u00e1lal\u00f3-csal\u00e1dj\u00e1ra, amely nemcsak a h\u00e9tk\u00f6znapokon, hanem a k\u00fcl\u00f6nleges alkalmakkor is j\u00f3 szolg\u00e1latot tesz, ha szerv\u00edroz\u00e1sr\u00f3l van sz\u00f3. A term\u00e9kcsal\u00e1d M-es m\u00e9ret\u0171 darabj\u00e1n k\u00e9nyelmesen elf\u00e9r a 28 cm \u00e1tm\u00e9r\u0151j\u0171 klasszikus pizza, de t\u00e1lalhatsz rajta minipizz\u00e1kat, sajtokat, tapast, m\u00e1rtogat\u00f3st, vagyis b\u00e1rmi egyebet, amivel sz\u00edvesen k\u00e9nyeztetn\u00e9d a vend\u00e9geidet vagy \u00e9ppen magadat. Az \u00fcnnepi asztalra is kiteheted, mert a t\u00e1lal\u00f3 sz\u00e9l\u00e9n l\u00e9v\u0151 m\u00e9lyed\u00e9s felfogja az esetlegesen kicsorg\u00f3 szaftot, levet, \u00edgy az asztal \u2013 \u00e9s a ter\u00edt\u0151 \u2013 garant\u00e1ltan tiszta marad. Rendeld meg ezt az Eur\u00f3p\u00e1ban k\u00e9sz\u00fclt, els\u0151 oszt\u00e1ly\u00fa term\u00e9ket!<\/p>\n","protected":false},"featured_media":83162,"comment_status":"open","ping_status":"closed","template":"","meta":{"_acf_changed":false,"inline_featured_image":false},"product_cat":[58,79,39,132],"product_tag":[73,317,77,341,340],"class_list":{"0":"post-83158","1":"product","2":"type-product","3":"status-publish","4":"has-post-thumbnail","6":"product_cat-konyha","7":"product_cat-pizzaimadoknak","8":"product_cat-talalas","9":"product_cat-vendegvaro","10":"product_tag-boska","11":"product_tag-friends","12":"product_tag-pizza","13":"product_tag-pizzadeszka","14":"product_tag-pizzatalalo","15":"pa_marka-boska","17":"first","18":"instock","19":"taxable","20":"shipping-taxable","21":"purchasable","22":"product-type-simple"},"acf":[],"_links":{"self":[{"href":"https:\/\/lifee.hu\/teszt\/wp-json\/wp\/v2\/product\/83158","targetHints":{"allow":["GET"]}}],"collection":[{"href":"https:\/\/lifee.hu\/teszt\/wp-json\/wp\/v2\/product"}],"about":[{"href":"https:\/\/lifee.hu\/teszt\/wp-json\/wp\/v2\/types\/product"}],"replies":[{"embeddable":true,"href":"https:\/\/lifee.hu\/teszt\/wp-json\/wp\/v2\/comments?post=83158"}],"wp:featuredmedia":[{"embeddable":true,"href":"https:\/\/lifee.hu\/teszt\/wp-json\/wp\/v2\/media\/83162"}],"wp:attachment":[{"href":"https:\/\/lifee.hu\/teszt\/wp-json\/wp\/v2\/media?parent=83158"}],"wp:term":[{"taxonomy":"product_cat","embeddable":true,"href":"https:\/\/lifee.hu\/teszt\/wp-json\/wp\/v2\/product_cat?post=83158"},{"taxonomy":"product_tag","embeddable":true,"href":"https:\/\/lifee.hu\/teszt\/wp-json\/wp\/v2\/product_tag?post=83158"}],"curies":[{"name":"wp","href":"https:\/\/api.w.org\/{rel}","templated":true}]}}