{"id":83150,"date":"2025-01-02T17:16:46","date_gmt":"2025-01-02T16:16:46","guid":{"rendered":"https:\/\/lifee.hu\/teszt\/?post_type=product&#038;p=83150"},"modified":"2025-01-17T21:49:19","modified_gmt":"2025-01-17T20:49:19","slug":"boska-friends-talalodeszka-s-23-cm","status":"publish","type":"product","link":"https:\/\/lifee.hu\/teszt\/termek\/boska-friends-talalodeszka-s-23-cm\/","title":{"rendered":"BOSKA Friends t\u00e1lal\u00f3deszka, S \u2013 23 cm"},"content":{"rendered":"<p>Anyag: t\u00f6lgyfa<br \/>\nGarancia: 10 \u00e9v<br \/>\nTerm\u00e9k m\u00e9rete: 230 mm x 228 mm x 20 mm<br \/>\nM\u00e9ret csomagol\u00e1sban: 231 mm x 226 mm x 23 mm<br \/>\nA term\u00e9k kiz\u00e1r\u00f3lag k\u00e9zzel tiszt\u00edthat\u00f3.<\/p>\n","protected":false},"excerpt":{"rendered":"<p style=\"text-align: justify;\">A BOSKA n\u00e9gyzet alak\u00fa t\u00f6lgyfa \u00e9tkez\u0151t\u00e1lc\u00e1j\u00e1n szuper gusztusosan mutat minden falat, legyen az reggeli, eb\u00e9d, vacsora vagy b\u00e1rmilyen napk\u00f6zbeni snack. B\u00e1r nincs pereme, a sz\u00e9l\u00e9n v\u00e9gigfut\u00f3 v\u00e1jat felfogja a kicsorg\u00f3 szaftot, lepotyog\u00f3 morzs\u00e1t. T\u00e1lal\u00e1shoz is kiv\u00e1l\u00f3 eszk\u00f6z, rusztikus, m\u00e9gis eleg\u00e1ns diz\u00e1jnj\u00e1nak k\u00f6sz\u00f6nhet\u0151en ak\u00e1r \u00fcnnepi alkalmakkor is bevethet\u0151. Rendeld meg webshopunkb\u00f3l, \u00e9s falatozz st\u00edlusosan minden nap!<\/p>\n","protected":false},"featured_media":83153,"comment_status":"open","ping_status":"closed","template":"","meta":{"_acf_changed":false,"inline_featured_image":false},"product_cat":[58,39],"product_tag":[73,317,319],"class_list":{"0":"post-83150","1":"product","2":"type-product","3":"status-publish","4":"has-post-thumbnail","6":"product_cat-konyha","7":"product_cat-talalas","8":"product_tag-boska","9":"product_tag-friends","10":"product_tag-talalodeszka","11":"pa_marka-boska","13":"first","14":"instock","15":"taxable","16":"shipping-taxable","17":"purchasable","18":"product-type-simple"},"acf":[],"_links":{"self":[{"href":"https:\/\/lifee.hu\/teszt\/wp-json\/wp\/v2\/product\/83150","targetHints":{"allow":["GET"]}}],"collection":[{"href":"https:\/\/lifee.hu\/teszt\/wp-json\/wp\/v2\/product"}],"about":[{"href":"https:\/\/lifee.hu\/teszt\/wp-json\/wp\/v2\/types\/product"}],"replies":[{"embeddable":true,"href":"https:\/\/lifee.hu\/teszt\/wp-json\/wp\/v2\/comments?post=83150"}],"wp:featuredmedia":[{"embeddable":true,"href":"https:\/\/lifee.hu\/teszt\/wp-json\/wp\/v2\/media\/83153"}],"wp:attachment":[{"href":"https:\/\/lifee.hu\/teszt\/wp-json\/wp\/v2\/media?parent=83150"}],"wp:term":[{"taxonomy":"product_cat","embeddable":true,"href":"https:\/\/lifee.hu\/teszt\/wp-json\/wp\/v2\/product_cat?post=83150"},{"taxonomy":"product_tag","embeddable":true,"href":"https:\/\/lifee.hu\/teszt\/wp-json\/wp\/v2\/product_tag?post=83150"}],"curies":[{"name":"wp","href":"https:\/\/api.w.org\/{rel}","templated":true}]}}