{"id":83097,"date":"2024-12-20T09:13:30","date_gmt":"2024-12-20T08:13:30","guid":{"rendered":"https:\/\/lifee.hu\/teszt\/?post_type=product&#038;p=83097"},"modified":"2025-01-31T20:02:53","modified_gmt":"2025-01-31T19:02:53","slug":"boska-friends-pizzatalalo-s-24-cm-%e2%8c%80","status":"publish","type":"product","link":"https:\/\/lifee.hu\/teszt\/termek\/boska-friends-pizzatalalo-s-24-cm-%e2%8c%80\/","title":{"rendered":"Boska Friends pizzat\u00e1lal\u00f3, S \u2013 24 cm \u2300"},"content":{"rendered":"<p>Anyag: fa (t\u00f6lgy)<br \/>\nGarancia: 10 \u00e9v<br \/>\nTerm\u00e9k m\u00e9rete: 240 mm x 235 mm x 20 mm<br \/>\nM\u00e9ret csomagol\u00e1sban: 240 mm x 235 mm x 20 mm<br \/>\nA term\u00e9k kiz\u00e1r\u00f3lag k\u00e9zzel tiszt\u00edthat\u00f3.<\/p>\n","protected":false},"excerpt":{"rendered":"<p style=\"text-align: justify;\">Im\u00e1dod a pizz\u00e1t, de nem vagy kimondottan nagyev\u0151? Csak p\u00e1r \u00edzletes falattal dobn\u00e1d fel az esti filmn\u00e9z\u00e9st, olvasgat\u00e1st? Akkor v\u00e1laszd a BOSKA Friends pizzat\u00e1lal\u00f3 deszk\u00e1i k\u00f6z\u00fcl az S m\u00e9ret\u0171 darabot! Sajtok, m\u00e1rtogat\u00f3sok, tapas, szinte b\u00e1rmilyen finoms\u00e1g mehet r\u00e1, hiszen minden csuda \u00edzletesen mutat rajta. Mind\u00f6ssze a megfelel\u0151 karbantart\u00e1sra kell figyelned, ha szeretn\u00e9d, hogy az az eszt\u00e9tikus konyhai eszk\u00f6z hossz\u00fa \u00e9vekig meg\u0151rizze a min\u0151s\u00e9g\u00e9t \u00e9s a sz\u00e9ps\u00e9g\u00e9t, de ne agg\u00f3dj, ez mind\u00f6ssze p\u00e1r apr\u00f3 fog\u00e1st jelent: ne tedd mosogat\u00f3g\u00e9pbe, sz\u00e1r\u00edtsd \u00e1ll\u00edtva, \u00e9s id\u0151nk\u00e9nt kezeld \u00e1pol\u00f3olajjal, amit ak\u00e1r a webshopunkb\u00f3l is megrendelhetsz.<\/p>\n","protected":false},"featured_media":83098,"comment_status":"open","ping_status":"closed","template":"","meta":{"_acf_changed":false,"inline_featured_image":false},"product_cat":[79,39],"product_tag":[73,77,341,340],"class_list":{"0":"post-83097","1":"product","2":"type-product","3":"status-publish","4":"has-post-thumbnail","6":"product_cat-pizzaimadoknak","7":"product_cat-talalas","8":"product_tag-boska","9":"product_tag-pizza","10":"product_tag-pizzadeszka","11":"product_tag-pizzatalalo","12":"pa_marka-boska","14":"first","15":"instock","16":"taxable","17":"shipping-taxable","18":"purchasable","19":"product-type-simple"},"acf":[],"_links":{"self":[{"href":"https:\/\/lifee.hu\/teszt\/wp-json\/wp\/v2\/product\/83097","targetHints":{"allow":["GET"]}}],"collection":[{"href":"https:\/\/lifee.hu\/teszt\/wp-json\/wp\/v2\/product"}],"about":[{"href":"https:\/\/lifee.hu\/teszt\/wp-json\/wp\/v2\/types\/product"}],"replies":[{"embeddable":true,"href":"https:\/\/lifee.hu\/teszt\/wp-json\/wp\/v2\/comments?post=83097"}],"wp:featuredmedia":[{"embeddable":true,"href":"https:\/\/lifee.hu\/teszt\/wp-json\/wp\/v2\/media\/83098"}],"wp:attachment":[{"href":"https:\/\/lifee.hu\/teszt\/wp-json\/wp\/v2\/media?parent=83097"}],"wp:term":[{"taxonomy":"product_cat","embeddable":true,"href":"https:\/\/lifee.hu\/teszt\/wp-json\/wp\/v2\/product_cat?post=83097"},{"taxonomy":"product_tag","embeddable":true,"href":"https:\/\/lifee.hu\/teszt\/wp-json\/wp\/v2\/product_tag?post=83097"}],"curies":[{"name":"wp","href":"https:\/\/api.w.org\/{rel}","templated":true}]}}