{"id":83086,"date":"2024-12-20T07:41:40","date_gmt":"2024-12-20T06:41:40","guid":{"rendered":"https:\/\/lifee.hu\/teszt\/?post_type=product&#038;p=83086"},"modified":"2025-01-15T09:51:51","modified_gmt":"2025-01-15T08:51:51","slug":"boska-friends-pizzatalalo-xl-40-cm-%e2%8c%80","status":"publish","type":"product","link":"https:\/\/lifee.hu\/teszt\/termek\/boska-friends-pizzatalalo-xl-40-cm-%e2%8c%80\/","title":{"rendered":"Boska Friends pizzat\u00e1lal\u00f3, XL \u2013 40 cm \u2300"},"content":{"rendered":"<p>Anyag: fa (t\u00f6lgy)<br \/>\nGarancia: 10 \u00e9v<br \/>\nTerm\u00e9k m\u00e9rete: 400 mm x 400 mm x 20 mm<br \/>\nM\u00e9ret csomagol\u00e1sban: 400 mm x 400 mm x 20 mm<br \/>\nA term\u00e9k kiz\u00e1r\u00f3lag k\u00e9zzel tiszt\u00edthat\u00f3.<\/p>\n","protected":false},"excerpt":{"rendered":"<p style=\"text-align: justify;\">Ugye te is \u00fagy gondolod, hogy a pizza soha nem lehet el\u00e9g nagy? A BOSKA XL-es Friends pizzat\u00e1lal\u00f3j\u00e1n olyan sok pizzaszeletnek jut hely, amennyivel az eg\u00e9sz t\u00e1rsas\u00e1got j\u00f3llakathatod. A min\u0151s\u00e9gi t\u00f6lgyf\u00e1b\u00f3l k\u00e9sz\u00fclt rusztikus, m\u00e9gis eleg\u00e1ns t\u00e1lal\u00f3deszka nemcsak a h\u00e9tk\u00f6znapokon tesz j\u00f3 szolg\u00e1latot, hanem az \u00fcnnepi asztalon is remek\u00fcl mutat. A pizz\u00e1n t\u00fal b\u00e1rmilyen vend\u00e9gv\u00e1r\u00f3 finoms\u00e1gokat szerv\u00edrozhatsz rajta a m\u00e1rtogat\u00f3st\u00f3l kezdve a tapason \u00e1t a sajtokig, de j\u00f3 p\u00e1r szaftos hamburgernek is jut rajta hely. A deszka sz\u00e9ps\u00e9g\u00e9t \u00e9s tart\u00f3ss\u00e1g\u00e1t meg\u0151rzend\u0151 csak n\u00e9h\u00e1ny egyszer\u0171 szab\u00e1lyt kell betartanod: kiz\u00e1r\u00f3lag k\u00e9zzel tiszt\u00edtsd, sz\u00e1r\u00edts f\u00fcgg\u0151legesen \u00e9s rendszeresen kezeld megb\u00edzhat\u00f3 deszkaolajjal \u2013 ut\u00f3bbi a deszk\u00e1val egy\u00fctt is beszerezheted a webshopunkb\u00f3l.<\/p>\n","protected":false},"featured_media":83090,"comment_status":"open","ping_status":"closed","template":"","meta":{"_acf_changed":false,"inline_featured_image":false},"product_cat":[79,39],"product_tag":[73,77,341,340],"class_list":{"0":"post-83086","1":"product","2":"type-product","3":"status-publish","4":"has-post-thumbnail","6":"product_cat-pizzaimadoknak","7":"product_cat-talalas","8":"product_tag-boska","9":"product_tag-pizza","10":"product_tag-pizzadeszka","11":"product_tag-pizzatalalo","12":"pa_marka-boska","14":"first","15":"instock","16":"taxable","17":"shipping-taxable","18":"purchasable","19":"product-type-simple"},"acf":[],"_links":{"self":[{"href":"https:\/\/lifee.hu\/teszt\/wp-json\/wp\/v2\/product\/83086","targetHints":{"allow":["GET"]}}],"collection":[{"href":"https:\/\/lifee.hu\/teszt\/wp-json\/wp\/v2\/product"}],"about":[{"href":"https:\/\/lifee.hu\/teszt\/wp-json\/wp\/v2\/types\/product"}],"replies":[{"embeddable":true,"href":"https:\/\/lifee.hu\/teszt\/wp-json\/wp\/v2\/comments?post=83086"}],"wp:featuredmedia":[{"embeddable":true,"href":"https:\/\/lifee.hu\/teszt\/wp-json\/wp\/v2\/media\/83090"}],"wp:attachment":[{"href":"https:\/\/lifee.hu\/teszt\/wp-json\/wp\/v2\/media?parent=83086"}],"wp:term":[{"taxonomy":"product_cat","embeddable":true,"href":"https:\/\/lifee.hu\/teszt\/wp-json\/wp\/v2\/product_cat?post=83086"},{"taxonomy":"product_tag","embeddable":true,"href":"https:\/\/lifee.hu\/teszt\/wp-json\/wp\/v2\/product_tag?post=83086"}],"curies":[{"name":"wp","href":"https:\/\/api.w.org\/{rel}","templated":true}]}}