{"id":83073,"date":"2024-12-20T06:50:24","date_gmt":"2024-12-20T05:50:24","guid":{"rendered":"https:\/\/lifee.hu\/teszt\/?post_type=product&#038;p=83073"},"modified":"2025-01-15T09:51:51","modified_gmt":"2025-01-15T08:51:51","slug":"boska-friends-pizzatalalo-l-34-cm-%e2%8c%80","status":"publish","type":"product","link":"https:\/\/lifee.hu\/teszt\/termek\/boska-friends-pizzatalalo-l-34-cm-%e2%8c%80\/","title":{"rendered":"Boska Friends pizzat\u00e1lal\u00f3, L \u2013 34 cm \u2300"},"content":{"rendered":"<p>Anyag: fa (t\u00f6lgy)<br \/>\nGarancia: 10 \u00e9v<br \/>\nTerm\u00e9k m\u00e9rete: 340 mm x 335 mm x 20 mm<br \/>\nM\u00e9ret csomagol\u00e1sban: 340 mm x 335 mm x 20 mm<br \/>\nA term\u00e9k kiz\u00e1r\u00f3lag k\u00e9zzel tiszt\u00edthat\u00f3.<\/p>\n","protected":false},"excerpt":{"rendered":"<p style=\"text-align: justify;\">Ha nagy a csal\u00e1d vagy a bar\u00e1ti t\u00e1rsas\u00e1g, \u00e9s pizz\u00e1t s\u00fctt\u00f6k \u2013 esetleg rendeltek \u2013 az \u00f6sszej\u00f6vetelre, v\u00e1lassz\u00e1tok a t\u00e1lal\u00e1shoz a BOSKA Friends L-es m\u00e9ret\u0171 pizzat\u00e1lal\u00f3j\u00e1t! A t\u00f6lgyf\u00e1b\u00f3l k\u00e9sz\u00fclt konyhai eszk\u00f6z roppant eszt\u00e9tikus, \u00e9s kimondottan gusztusosan mutat rajta a pizza. Persze haszn\u00e1lhatj\u00e1tok m\u00e1s finoms\u00e1gok t\u00e1lal\u00e1s\u00e1hoz is, p\u00e9ld\u00e1ul tapashoz, sajtokhoz, sonk\u00e1khoz, z\u00f6lds\u00e9gekhez, gy\u00fcm\u00f6lcs\u00f6kh\u00f6z, m\u00e1rtogat\u00f3shoz, b\u00e1rmihez, ak\u00e1r m\u00e9g \u00fcnnepi alkalomkor is. Haszn\u00e1lat ut\u00e1n k\u00e9zzel szabad csak elmosni, \u00e9s c\u00e9lszer\u0171 \u00e1ll\u00edtva sz\u00e1r\u00edtani, hogy min\u00e9l tov\u00e1bb meg\u0151rizze a sz\u00e9ps\u00e9g\u00e9t. Ennek \u00e9rdek\u00e9ben rendszeresen kend \u00e1t a BOSKA deszkaolaj\u00e1val is, ami megakad\u00e1lyozza az elsz\u00ednez\u0151d\u00e9st \u00e9s a szagmaradv\u00e1nyok kialakul\u00e1s\u00e1t.<\/p>\n<p>&nbsp;<\/p>\n","protected":false},"featured_media":83074,"comment_status":"open","ping_status":"closed","template":"","meta":{"_acf_changed":false,"inline_featured_image":false},"product_cat":[79,39],"product_tag":[73,341,340],"class_list":{"0":"post-83073","1":"product","2":"type-product","3":"status-publish","4":"has-post-thumbnail","6":"product_cat-pizzaimadoknak","7":"product_cat-talalas","8":"product_tag-boska","9":"product_tag-pizzadeszka","10":"product_tag-pizzatalalo","11":"pa_marka-boska","13":"first","14":"instock","15":"taxable","16":"shipping-taxable","17":"purchasable","18":"product-type-simple"},"acf":[],"_links":{"self":[{"href":"https:\/\/lifee.hu\/teszt\/wp-json\/wp\/v2\/product\/83073","targetHints":{"allow":["GET"]}}],"collection":[{"href":"https:\/\/lifee.hu\/teszt\/wp-json\/wp\/v2\/product"}],"about":[{"href":"https:\/\/lifee.hu\/teszt\/wp-json\/wp\/v2\/types\/product"}],"replies":[{"embeddable":true,"href":"https:\/\/lifee.hu\/teszt\/wp-json\/wp\/v2\/comments?post=83073"}],"wp:featuredmedia":[{"embeddable":true,"href":"https:\/\/lifee.hu\/teszt\/wp-json\/wp\/v2\/media\/83074"}],"wp:attachment":[{"href":"https:\/\/lifee.hu\/teszt\/wp-json\/wp\/v2\/media?parent=83073"}],"wp:term":[{"taxonomy":"product_cat","embeddable":true,"href":"https:\/\/lifee.hu\/teszt\/wp-json\/wp\/v2\/product_cat?post=83073"},{"taxonomy":"product_tag","embeddable":true,"href":"https:\/\/lifee.hu\/teszt\/wp-json\/wp\/v2\/product_tag?post=83073"}],"curies":[{"name":"wp","href":"https:\/\/api.w.org\/{rel}","templated":true}]}}