{"id":83065,"date":"2024-12-20T06:12:05","date_gmt":"2024-12-20T05:12:05","guid":{"rendered":"https:\/\/lifee.hu\/teszt\/?post_type=product&#038;p=83065"},"modified":"2024-12-31T22:44:16","modified_gmt":"2024-12-31T21:44:16","slug":"boska-mr-smith-zsebes-borkoteny-kek","status":"publish","type":"product","link":"https:\/\/lifee.hu\/teszt\/termek\/boska-mr-smith-zsebes-borkoteny-kek\/","title":{"rendered":"Boska Mr. Smith zsebes b\u0151rk\u00f6t\u00e9ny, k\u00e9k"},"content":{"rendered":"<p>Anyag: b\u0151r<br \/>\nGarancia: 10 \u00e9v<br \/>\nTerm\u00e9k m\u00e9rete: 630 mm x 133 mm x 88 mm<br \/>\nM\u00e9ret csomagol\u00e1sban: 708 mm x 114 mm x 113 mm<br \/>\nA term\u00e9k kiz\u00e1r\u00f3lag k\u00e9zzel tiszt\u00edthat\u00f3.<\/p>\n","protected":false},"excerpt":{"rendered":"<p style=\"text-align: justify;\">Szeretsz grillezni? Csin\u00e1ld st\u00edlusosan! A Mr. Smith zsebes b\u0151rk\u00f6t\u00e9ny\u00e9ben profi BBQ-mester benyom\u00e1s\u00e1t kelted majd. R\u00e1ad\u00e1sul azon t\u00fal, hogy szuper\u00fcl festesz benne a r\u00e1cs mellett, ez a min\u0151s\u00e9gi k\u00f6t\u00e9ny m\u00e9g a kifr\u00f6ccsen\u0151 forr\u00f3 l\u00e9t\u0151l is megv\u00e9d, az eszk\u00f6zeid pedig b\u0151ven elf\u00e9rnek az el\u00fcls\u0151 nagy zsebben. Ne feledd: a k\u00f6t\u00e9ny b\u0151rb\u0151l k\u00e9sz\u00fclt, \u00e9s erre az alapanyagra legink\u00e1bb az jellemz\u0151, hogy min\u00e9l t\u00f6bbet haszn\u00e1lod, ann\u00e1l puh\u00e1bb lesz. \u00c1pold rendszeresen, hogy min\u00e9l tov\u00e1bb meg\u0151rizze kifog\u00e1stalan min\u0151s\u00e9g\u00e9t \u00e9s sz\u00e9ps\u00e9g\u00e9t!<\/p>\n<p>&nbsp;<\/p>\n","protected":false},"featured_media":83067,"comment_status":"open","ping_status":"closed","template":"","meta":{"_acf_changed":false,"inline_featured_image":false},"product_cat":[225],"product_tag":[73,338],"class_list":{"0":"post-83065","1":"product","2":"type-product","3":"status-publish","4":"has-post-thumbnail","6":"product_cat-grill-kiegeszitok","7":"product_tag-boska","8":"product_tag-koteny","9":"pa_marka-boska","11":"first","12":"instock","13":"taxable","14":"shipping-taxable","15":"purchasable","16":"product-type-simple"},"acf":[],"_links":{"self":[{"href":"https:\/\/lifee.hu\/teszt\/wp-json\/wp\/v2\/product\/83065","targetHints":{"allow":["GET"]}}],"collection":[{"href":"https:\/\/lifee.hu\/teszt\/wp-json\/wp\/v2\/product"}],"about":[{"href":"https:\/\/lifee.hu\/teszt\/wp-json\/wp\/v2\/types\/product"}],"replies":[{"embeddable":true,"href":"https:\/\/lifee.hu\/teszt\/wp-json\/wp\/v2\/comments?post=83065"}],"wp:featuredmedia":[{"embeddable":true,"href":"https:\/\/lifee.hu\/teszt\/wp-json\/wp\/v2\/media\/83067"}],"wp:attachment":[{"href":"https:\/\/lifee.hu\/teszt\/wp-json\/wp\/v2\/media?parent=83065"}],"wp:term":[{"taxonomy":"product_cat","embeddable":true,"href":"https:\/\/lifee.hu\/teszt\/wp-json\/wp\/v2\/product_cat?post=83065"},{"taxonomy":"product_tag","embeddable":true,"href":"https:\/\/lifee.hu\/teszt\/wp-json\/wp\/v2\/product_tag?post=83065"}],"curies":[{"name":"wp","href":"https:\/\/api.w.org\/{rel}","templated":true}]}}