{"id":83048,"date":"2024-12-19T22:37:30","date_gmt":"2024-12-19T21:37:30","guid":{"rendered":"https:\/\/lifee.hu\/teszt\/?post_type=product&#038;p=83048"},"modified":"2024-12-31T22:44:16","modified_gmt":"2024-12-31T21:44:16","slug":"boska-mr-smith-zsebes-borkoteny-barna","status":"publish","type":"product","link":"https:\/\/lifee.hu\/teszt\/termek\/boska-mr-smith-zsebes-borkoteny-barna\/","title":{"rendered":"Boska Mr. Smith zsebes b\u0151rk\u00f6t\u00e9ny, barna"},"content":{"rendered":"<p>Anyag: b\u0151r<br \/>\nGarancia: 10 \u00e9v<br \/>\nTerm\u00e9k m\u00e9rete: 610 mm x 111 mm x 103 mm<br \/>\nM\u00e9ret csomagol\u00e1sban: 710 mm x 113 mm x 113 mm<br \/>\nA term\u00e9k kiz\u00e1r\u00f3lag k\u00e9zzel tiszt\u00edthat\u00f3.<\/p>\n","protected":false},"excerpt":{"rendered":"<p style=\"text-align: justify;\">Ha a grillpartik h\u0151se vagy, \u00e9s a nagy csal\u00e1di, bar\u00e1ti \u00f6sszej\u00f6veteleken te felelsz a r\u00e1cson k\u00e9sz\u00fclt \u00edzletes h\u00fasok\u00e9rt \u00e9s z\u00f6lds\u00e9gek\u00e9rt, akkor viseld b\u00fcszk\u00e9n a Mr. Smith min\u0151s\u00e9gi b\u0151rk\u00f6t\u00e9ny\u00e9t! Egyr\u00e9szt megv\u00e9di az \u00f6lt\u00f6z\u00e9kedet, m\u00e1sr\u00e9szt a nagy zseb\u00e9nek k\u00f6sz\u00f6nhet\u0151en minden BBQ eszk\u00f6z k\u00e9zn\u00e9l lesz a s\u00fct\u00e9s sor\u00e1n. Min\u00e9l gyakrabban viseled, ann\u00e1l puh\u00e1bb lesz a b\u0151r, \u00e9s ha rendszeresen \u00e1polod a megfelel\u0151 szerrel, akkor hossz\u00fa \u00e9vekig sz\u00e1m\u00edthatsz majd r\u00e1, \u00e9s persze gy\u00f6ny\u00f6r\u0171 is marad. A b\u0151rk\u00f6t\u00e9ny Eur\u00f3p\u00e1ban k\u00e9sz\u00fclt.<\/p>\n","protected":false},"featured_media":83050,"comment_status":"open","ping_status":"closed","template":"","meta":{"_acf_changed":false,"inline_featured_image":false},"product_cat":[225],"product_tag":[339,73,338],"class_list":{"0":"post-83048","1":"product","2":"type-product","3":"status-publish","4":"has-post-thumbnail","6":"product_cat-grill-kiegeszitok","7":"product_tag-borkoteny","8":"product_tag-boska","9":"product_tag-koteny","10":"pa_marka-boska","12":"first","13":"instock","14":"taxable","15":"shipping-taxable","16":"purchasable","17":"product-type-simple"},"acf":[],"_links":{"self":[{"href":"https:\/\/lifee.hu\/teszt\/wp-json\/wp\/v2\/product\/83048","targetHints":{"allow":["GET"]}}],"collection":[{"href":"https:\/\/lifee.hu\/teszt\/wp-json\/wp\/v2\/product"}],"about":[{"href":"https:\/\/lifee.hu\/teszt\/wp-json\/wp\/v2\/types\/product"}],"replies":[{"embeddable":true,"href":"https:\/\/lifee.hu\/teszt\/wp-json\/wp\/v2\/comments?post=83048"}],"wp:featuredmedia":[{"embeddable":true,"href":"https:\/\/lifee.hu\/teszt\/wp-json\/wp\/v2\/media\/83050"}],"wp:attachment":[{"href":"https:\/\/lifee.hu\/teszt\/wp-json\/wp\/v2\/media?parent=83048"}],"wp:term":[{"taxonomy":"product_cat","embeddable":true,"href":"https:\/\/lifee.hu\/teszt\/wp-json\/wp\/v2\/product_cat?post=83048"},{"taxonomy":"product_tag","embeddable":true,"href":"https:\/\/lifee.hu\/teszt\/wp-json\/wp\/v2\/product_tag?post=83048"}],"curies":[{"name":"wp","href":"https:\/\/api.w.org\/{rel}","templated":true}]}}