{"id":82945,"date":"2024-12-16T22:14:14","date_gmt":"2024-12-16T21:14:14","guid":{"rendered":"https:\/\/lifee.hu\/teszt\/?post_type=product&#038;p=82945"},"modified":"2025-01-07T12:15:53","modified_gmt":"2025-01-07T11:15:53","slug":"boska-mr-magneto-magneses-kestarto","status":"publish","type":"product","link":"https:\/\/lifee.hu\/teszt\/termek\/boska-mr-magneto-magneses-kestarto\/","title":{"rendered":"Boska Mr. Magneto m\u00e1gneses k\u00e9start\u00f3"},"content":{"rendered":"<p>Anyag: rozsdamentes ac\u00e9l<br \/>\nGarancia: \u00e9letre sz\u00f3l\u00f3<br \/>\nTerm\u00e9k m\u00e9rete: 418 mm x 50 mm x 20 mm<br \/>\nM\u00e9ret csomagol\u00e1sban: 438 mm x 56 mm x 24 mm<br \/>\nA term\u00e9k kiz\u00e1r\u00f3lag k\u00e9zzel tiszt\u00edthat\u00f3.<\/p>\n","protected":false},"excerpt":{"rendered":"<p style=\"text-align: justify;\">Egyre t\u00f6bben szerelik fel a konyh\u00e1jukat m\u00e1gneses k\u00e9start\u00f3val, ami persze nem v\u00e9letlen: ez a modern konyhai kieg\u00e9szt\u0151 egyszerre szuper praktikus \u00e9s mutat\u00f3s. A hagyom\u00e1nyos k\u00e9start\u00f3val vagy a fi\u00f3kkal szemben a Mr. Magnet\u00f3n mindig l\u00e1that\u00f3ak a k\u00e9sek, \u00edgy egy m\u00e1sodperc alatt a kezedben lehet pont az a darab, amelyikre \u00e9ppen sz\u00fcks\u00e9ged van a f\u0151z\u00e9s sor\u00e1n. Az eszk\u00f6z kell\u0151en sz\u00e9les \u00e9s magas, vagyis kimondottan er\u0151s, \u00edgy alaposan telerakhatod k\u00fcl\u00f6nf\u00e9le k\u00e9sekkel, \u00e9s ha marad hely olyan eszk\u00f6z\u00f6ket is t\u00e1rolhatsz rajta, mint a pizzav\u00e1g\u00f3 vagy a sajtreszel\u0151.<\/p>\n","protected":false},"featured_media":82946,"comment_status":"open","ping_status":"closed","template":"","meta":{"_acf_changed":false,"inline_featured_image":false},"product_cat":[35],"product_tag":[73,337,184],"class_list":{"0":"post-82945","1":"product","2":"type-product","3":"status-publish","4":"has-post-thumbnail","6":"product_cat-kes","7":"product_tag-boska","8":"product_tag-kestarto","9":"product_tag-monaco","10":"pa_marka-boska","12":"first","13":"instock","14":"taxable","15":"shipping-taxable","16":"purchasable","17":"product-type-simple"},"acf":[],"_links":{"self":[{"href":"https:\/\/lifee.hu\/teszt\/wp-json\/wp\/v2\/product\/82945","targetHints":{"allow":["GET"]}}],"collection":[{"href":"https:\/\/lifee.hu\/teszt\/wp-json\/wp\/v2\/product"}],"about":[{"href":"https:\/\/lifee.hu\/teszt\/wp-json\/wp\/v2\/types\/product"}],"replies":[{"embeddable":true,"href":"https:\/\/lifee.hu\/teszt\/wp-json\/wp\/v2\/comments?post=82945"}],"wp:featuredmedia":[{"embeddable":true,"href":"https:\/\/lifee.hu\/teszt\/wp-json\/wp\/v2\/media\/82946"}],"wp:attachment":[{"href":"https:\/\/lifee.hu\/teszt\/wp-json\/wp\/v2\/media?parent=82945"}],"wp:term":[{"taxonomy":"product_cat","embeddable":true,"href":"https:\/\/lifee.hu\/teszt\/wp-json\/wp\/v2\/product_cat?post=82945"},{"taxonomy":"product_tag","embeddable":true,"href":"https:\/\/lifee.hu\/teszt\/wp-json\/wp\/v2\/product_tag?post=82945"}],"curies":[{"name":"wp","href":"https:\/\/api.w.org\/{rel}","templated":true}]}}