{"id":82933,"date":"2024-12-16T21:44:36","date_gmt":"2024-12-16T20:44:36","guid":{"rendered":"https:\/\/lifee.hu\/teszt\/?post_type=product&#038;p=82933"},"modified":"2025-01-15T10:21:58","modified_gmt":"2025-01-15T09:21:58","slug":"boska-monaco-fogazott-elu-univerzalis-kes-11-cm","status":"publish","type":"product","link":"https:\/\/lifee.hu\/teszt\/termek\/boska-monaco-fogazott-elu-univerzalis-kes-11-cm\/","title":{"rendered":"Boska Monaco+ fogazott \u00e9l\u0171 univerz\u00e1lis k\u00e9s, 11 cm"},"content":{"rendered":"<p>Anyag: rozsdamentes ac\u00e9l<br \/>\nGarancia: \u00e9letre sz\u00f3l\u00f3<br \/>\nTerm\u00e9k m\u00e9rete: 222 mm x 25 mm x 10 mm<br \/>\nM\u00e9ret csomagol\u00e1sban: 279 mm x 76 mm x 28 mm<br \/>\nA term\u00e9k kiz\u00e1r\u00f3lag k\u00e9zzel tiszt\u00edthat\u00f3.<\/p>\n","protected":false},"excerpt":{"rendered":"<p style=\"text-align: justify;\">Egy j\u00f3l felszerelt h\u00e1ztart\u00e1sb\u00f3l semmik\u00e9pp sem hi\u00e1nyozhat egy sz\u00e1mos feladatra t\u00f6k\u00e9letes univerz\u00e1lis k\u00e9s \u2013 p\u00e9ld\u00e1ul a BOSKA Monaco+ modellje! \u00c9s hogy mi\u00e9rt \u00e9rdemes ezt a term\u00e9ket v\u00e1lasztanod? Mert min\u0151s\u00e9gi anyagb\u00f3l k\u00e9sz\u00fclt, kifog\u00e1stalan a tervez\u00e9se \u00e9s a kivitelez\u00e9se, kompakt a m\u00e9rete, k\u00e9zrees\u0151 a nyele. Csaknem minden konyhai m\u0171velethez bevetheted, ami kisebb m\u00e9ret\u0171 k\u00e9s haszn\u00e1lat\u00e1t ig\u00e9nyli, legyen az zseml\u00e9k, kett\u00e9v\u00e1g\u00e1sa vagy paradicsom \u00e9s m\u00e1s z\u00f6lds\u00e9gek felapr\u00edt\u00e1sa. Az optim\u00e1lis s\u00falyeloszl\u00e1s \u00e9s az ergonomikus kialak\u00edt\u00e1s biztis fog\u00e1st garant\u00e1l, \u00edgy gyorsan \u00e9s prec\u00edzen dolgozhatsz a Monaco+ univerz\u00e1lis k\u00e9ssel. Add le a rendel\u00e9sed mind\u00f6ssze n\u00e9h\u00e1ny l\u00e9p\u00e9sben!<br \/>\nNe feledd: a cs\u00facsmin\u0151s\u00e9g\u0171 k\u00e9seket nem szabad mosogat\u00f3g\u00e9pben mosni, mert azzal cs\u00f6kkented az \u00e9l min\u0151s\u00e9g\u00e9t!<\/p>\n","protected":false},"featured_media":82940,"comment_status":"open","ping_status":"closed","template":"","meta":{"_acf_changed":false,"inline_featured_image":false},"product_cat":[35],"product_tag":[73,335,184],"class_list":{"0":"post-82933","1":"product","2":"type-product","3":"status-publish","4":"has-post-thumbnail","6":"product_cat-kes","7":"product_tag-boska","8":"product_tag-kes","9":"product_tag-monaco","10":"pa_marka-boska","12":"first","13":"instock","14":"taxable","15":"shipping-taxable","16":"purchasable","17":"product-type-simple"},"acf":[],"_links":{"self":[{"href":"https:\/\/lifee.hu\/teszt\/wp-json\/wp\/v2\/product\/82933","targetHints":{"allow":["GET"]}}],"collection":[{"href":"https:\/\/lifee.hu\/teszt\/wp-json\/wp\/v2\/product"}],"about":[{"href":"https:\/\/lifee.hu\/teszt\/wp-json\/wp\/v2\/types\/product"}],"replies":[{"embeddable":true,"href":"https:\/\/lifee.hu\/teszt\/wp-json\/wp\/v2\/comments?post=82933"}],"wp:featuredmedia":[{"embeddable":true,"href":"https:\/\/lifee.hu\/teszt\/wp-json\/wp\/v2\/media\/82940"}],"wp:attachment":[{"href":"https:\/\/lifee.hu\/teszt\/wp-json\/wp\/v2\/media?parent=82933"}],"wp:term":[{"taxonomy":"product_cat","embeddable":true,"href":"https:\/\/lifee.hu\/teszt\/wp-json\/wp\/v2\/product_cat?post=82933"},{"taxonomy":"product_tag","embeddable":true,"href":"https:\/\/lifee.hu\/teszt\/wp-json\/wp\/v2\/product_tag?post=82933"}],"curies":[{"name":"wp","href":"https:\/\/api.w.org\/{rel}","templated":true}]}}