{"id":82922,"date":"2024-12-16T21:25:19","date_gmt":"2024-12-16T20:25:19","guid":{"rendered":"https:\/\/lifee.hu\/teszt\/?post_type=product&#038;p=82922"},"modified":"2025-01-15T10:21:58","modified_gmt":"2025-01-15T09:21:58","slug":"boska-monaco-kenyervago-kes-23-cm","status":"publish","type":"product","link":"https:\/\/lifee.hu\/teszt\/termek\/boska-monaco-kenyervago-kes-23-cm\/","title":{"rendered":"Boska Monaco+ keny\u00e9rv\u00e1g\u00f3 k\u00e9s, 23 cm"},"content":{"rendered":"<p>Anyag: rozsdamentes ac\u00e9l<br \/>\nGarancia: \u00e9letre sz\u00f3l\u00f3<br \/>\nTerm\u00e9k m\u00e9rete: 351 mm x 40 mm x 18 mm<br \/>\nM\u00e9ret csomagol\u00e1sban: 400 mm x 88 mm x 28 mm<br \/>\nA term\u00e9k kiz\u00e1r\u00f3lag k\u00e9zzel tiszt\u00edthat\u00f3.<\/p>\n","protected":false},"excerpt":{"rendered":"<p style=\"text-align: justify;\">Ha a BOSKA Monaco+ k\u00e9s\u00e9t haszn\u00e1lod, nem kell att\u00f3l tartanod, hogy a csodasz\u00e9p keny\u00e9r \u00e9s egy\u00e9b p\u00e9k\u00e1ru sz\u00e9tmorzsol\u00f3dva ker\u00fcl az asztalra. Ezzel a magas min\u0151s\u00e9g\u0171 keny\u00e9rv\u00e1g\u00f3 k\u00e9ssel gy\u00f6ny\u00f6r\u0171en szelheted, felezheted \u00e9s darabolhatod a k\u00edv\u00fcl ropog\u00f3s, de bel\u00fcl puha, friss kenyereket, k\u00f6sz\u00f6nhet\u0151en a gondosan kialak\u00edtott, lekerek\u00edtett fogazat\u00fa \u00e9lnek, \u00e9s persze az id\u0151t\u00e1ll\u00f3, els\u0151 oszt\u00e1ly\u00fa rozsdamenes ac\u00e9lnak. A kenyeren t\u00fal ak\u00e1r a k\u00fcl\u00f6nf\u00e9le l\u00e1gyabb, k\u00f6nnyedebb \u00e1llag\u00fa z\u00f6lds\u00e9gek felv\u00e1g\u00e1s\u00e1hoz is bevetheted, legyen j\u00e9gsal\u00e1ta, z\u00f6ldbab vagy brokkoli, \u00e9s az ergonomikus ny\u00e9l gondoskodik r\u00f3la, hogy stabilan tudd haszn\u00e1lni ezt a szuperpraktikus k\u00e9st.<br \/>\nNe feledd: a cs\u00facsmin\u0151s\u00e9g\u0171 k\u00e9seket nem szabad mosogat\u00f3g\u00e9pben mosni, mert azzal cs\u00f6kkented az \u00e9l min\u0151s\u00e9g\u00e9t!<\/p>\n","protected":false},"featured_media":82930,"comment_status":"open","ping_status":"closed","template":"","meta":{"_acf_changed":false,"inline_featured_image":false},"product_cat":[35],"product_tag":[73,336,335],"class_list":{"0":"post-82922","1":"product","2":"type-product","3":"status-publish","4":"has-post-thumbnail","6":"product_cat-kes","7":"product_tag-boska","8":"product_tag-kenyervago-kes","9":"product_tag-kes","10":"pa_marka-boska","12":"first","13":"instock","14":"taxable","15":"shipping-taxable","16":"purchasable","17":"product-type-simple"},"acf":[],"_links":{"self":[{"href":"https:\/\/lifee.hu\/teszt\/wp-json\/wp\/v2\/product\/82922","targetHints":{"allow":["GET"]}}],"collection":[{"href":"https:\/\/lifee.hu\/teszt\/wp-json\/wp\/v2\/product"}],"about":[{"href":"https:\/\/lifee.hu\/teszt\/wp-json\/wp\/v2\/types\/product"}],"replies":[{"embeddable":true,"href":"https:\/\/lifee.hu\/teszt\/wp-json\/wp\/v2\/comments?post=82922"}],"wp:featuredmedia":[{"embeddable":true,"href":"https:\/\/lifee.hu\/teszt\/wp-json\/wp\/v2\/media\/82930"}],"wp:attachment":[{"href":"https:\/\/lifee.hu\/teszt\/wp-json\/wp\/v2\/media?parent=82922"}],"wp:term":[{"taxonomy":"product_cat","embeddable":true,"href":"https:\/\/lifee.hu\/teszt\/wp-json\/wp\/v2\/product_cat?post=82922"},{"taxonomy":"product_tag","embeddable":true,"href":"https:\/\/lifee.hu\/teszt\/wp-json\/wp\/v2\/product_tag?post=82922"}],"curies":[{"name":"wp","href":"https:\/\/api.w.org\/{rel}","templated":true}]}}