{"id":82873,"date":"2024-12-15T22:19:06","date_gmt":"2024-12-15T21:19:06","guid":{"rendered":"https:\/\/lifee.hu\/teszt\/?post_type=product&#038;p=82873"},"modified":"2025-02-11T07:27:48","modified_gmt":"2025-02-11T06:27:48","slug":"boska-monaco-steak-kesek-2-db","status":"publish","type":"product","link":"https:\/\/lifee.hu\/teszt\/termek\/boska-monaco-steak-kesek-2-db\/","title":{"rendered":"Boska Monaco+ steak k\u00e9sek, 2 db"},"content":{"rendered":"<p>Anyag: rozsdamentes ac\u00e9l<br \/>\nGarancia: \u00e9letre sz\u00f3l\u00f3<br \/>\nTerm\u00e9k m\u00e9rete: 275 mm x 105 mm x 25 mm<br \/>\nM\u00e9ret csomagol\u00e1sban: 271 mm x 105 mm x 28 mm<br \/>\nA k\u00e9sek kiz\u00e1r\u00f3lag k\u00e9zzel tiszt\u00edthat\u00f3k.<\/p>\n","protected":false},"excerpt":{"rendered":"<p style=\"text-align: justify;\">Tal\u00e1n nem t\u00falz\u00e1st azt \u00e1ll\u00edtani, hogy a Monaco+ steak k\u00e9sekkel \u00f6r\u00f6m a h\u00fasok, halak \u00e9s z\u00f6lds\u00e9gek szel\u00e9se! A cs\u00facsmin\u0151s\u00e9g\u0171 rozsdamentes ac\u00e9lb\u00f3l k\u00e9sz\u00fclt k\u00e9sek olyan \u00e9lesek, hogy a legcsek\u00e9lyebb meger\u0151ltet\u00e9s n\u00e9lk\u00fcl bevetheted \u0151ket a szerv\u00edroz\u00e1sn\u00e1l, b\u00e1rmi is ker\u00fclj\u00f6n az asztalra a szaftos vesepecseny\u00e9t\u0151l kezdve a f\u0171szeres karfiolsteaken \u00e1t a mennyei halfog\u00e1sokig. A t\u00f6k\u00e9letes tervez\u00e9s \u00e9s a gondos anyaghaszn\u00e1lat garanci\u00e1t jelent arra, hogy ezek a k\u00e9sek hosszan meg\u0151rzik legf\u0151bb el\u0151ny\u00fcket, az \u00e9l\u00fcket, ugyanakkor sz\u00fcks\u00e9g eset\u00e9n egyszer\u0171en \u00e9s hat\u00e9konyan \u00e9lezhet\u0151k.<\/p>\n<p style=\"text-align: justify;\"><strong>Fontos:<\/strong> b\u00e1r az anyaguk megengedn\u00e9 a mosogat\u00f3g\u00e9pben t\u00f6rt\u00e9n\u0151 tiszt\u00edt\u00e1st, az ilyen k\u00e9sek eset\u00e9ben alapszab\u00e1ly \u2013 a profik ezt j\u00f3l tudj\u00e1k \u2013, hogy kiz\u00e1r\u00f3lag k\u00e9zzel moshat\u00f3k, az \u00e9l\u00fcket k\u00edm\u00e9lend\u0151. A k\u00e9zi mosogat\u00e1s ut\u00e1n pedig aj\u00e1nlott az azonnali t\u00f6r\u00f6lget\u00e9s.<\/p>\n","protected":false},"featured_media":82884,"comment_status":"open","ping_status":"closed","template":"","meta":{"_acf_changed":false,"inline_featured_image":false},"product_cat":[58],"product_tag":[73,184,333],"class_list":{"0":"post-82873","1":"product","2":"type-product","3":"status-publish","4":"has-post-thumbnail","6":"product_cat-konyha","7":"product_tag-boska","8":"product_tag-monaco","9":"product_tag-steakkes","10":"pa_marka-boska","12":"first","13":"instock","14":"taxable","15":"shipping-taxable","16":"purchasable","17":"product-type-simple"},"acf":[],"_links":{"self":[{"href":"https:\/\/lifee.hu\/teszt\/wp-json\/wp\/v2\/product\/82873","targetHints":{"allow":["GET"]}}],"collection":[{"href":"https:\/\/lifee.hu\/teszt\/wp-json\/wp\/v2\/product"}],"about":[{"href":"https:\/\/lifee.hu\/teszt\/wp-json\/wp\/v2\/types\/product"}],"replies":[{"embeddable":true,"href":"https:\/\/lifee.hu\/teszt\/wp-json\/wp\/v2\/comments?post=82873"}],"wp:featuredmedia":[{"embeddable":true,"href":"https:\/\/lifee.hu\/teszt\/wp-json\/wp\/v2\/media\/82884"}],"wp:attachment":[{"href":"https:\/\/lifee.hu\/teszt\/wp-json\/wp\/v2\/media?parent=82873"}],"wp:term":[{"taxonomy":"product_cat","embeddable":true,"href":"https:\/\/lifee.hu\/teszt\/wp-json\/wp\/v2\/product_cat?post=82873"},{"taxonomy":"product_tag","embeddable":true,"href":"https:\/\/lifee.hu\/teszt\/wp-json\/wp\/v2\/product_tag?post=82873"}],"curies":[{"name":"wp","href":"https:\/\/api.w.org\/{rel}","templated":true}]}}