{"id":82863,"date":"2024-12-15T21:43:32","date_gmt":"2024-12-15T20:43:32","guid":{"rendered":"https:\/\/lifee.hu\/teszt\/?post_type=product&#038;p=82863"},"modified":"2024-12-31T22:44:14","modified_gmt":"2024-12-31T21:44:14","slug":"boska-monaco-nagylyuku-reszelo","status":"publish","type":"product","link":"https:\/\/lifee.hu\/teszt\/termek\/boska-monaco-nagylyuku-reszelo\/","title":{"rendered":"Boska Monaco+ nagylyuk\u00fa reszel\u0151"},"content":{"rendered":"<p>Anyag: rozsdamentes ac\u00e9l<br \/>\nGarancia: \u00e9letre sz\u00f3l\u00f3<br \/>\nTerm\u00e9k m\u00e9rete: 313 mm x 32 mm x 10 mm<br \/>\nM\u00e9ret csomagol\u00e1sban: 363 mm x 82 mm x 8 mm<br \/>\nA term\u00e9k mosogat\u00f3g\u00e9pben tiszt\u00edthat\u00f3, h\u0171t\u0151be tehet\u0151.<\/p>\n","protected":false},"excerpt":{"rendered":"<p style=\"text-align: justify;\">A Monaco+ term\u00e9kcsal\u00e1d egyik hasznos tagja a nagylyuk\u00fa k\u00e9zireszel\u0151, amivel gy\u00f6ny\u00f6r\u0171 pelyheket kre\u00e1lhatsz a kem\u00e9nysajtokb\u00f3l. Nem kell f\u00e9lned, hogy kics\u00faszik a kezedb\u0151l: egyszer\u0171en t\u00e1maszd le a gumibor\u00edt\u00e1s\u00fa alj\u00e1t, \u00edgy stabilan \u00e9s biztons\u00e1gosan dolgozhatsz az eszk\u00f6zzel. Ugyanezt a c\u00e9lt szolg\u00e1lja a lap\u00edtott kialak\u00edt\u00e1s\u00fa ny\u00e9l is. A sajton k\u00edv\u00fcl haszn\u00e1lhatod b\u00e1rmilyen kem\u00e9ny alapanyaghoz, t\u00f6bbek k\u00f6z\u00f6tt k\u00f3kuszhozcsokol\u00e1d\u00e9hoz vagy s\u00e1rgar\u00e9p\u00e1hoz.<br \/>\nIsmerd meg webshopunkban a Monaco+ term\u00e9kcsal\u00e1d t\u00f6bbi k\u00e9zi reszel\u0151j\u00e9t is, \u00e9s szereld fel a konyh\u00e1dat professzion\u00e1lis eszk\u00f6z\u00f6kkel az \u00f6r\u00f6mteli f\u0151z\u00e9shez!<\/p>\n","protected":false},"featured_media":82869,"comment_status":"open","ping_status":"closed","template":"","meta":{"_acf_changed":false,"inline_featured_image":false},"product_cat":[62],"product_tag":[73,330],"class_list":{"0":"post-82863","1":"product","2":"type-product","3":"status-publish","4":"has-post-thumbnail","6":"product_cat-sajtimadoknak","7":"product_tag-boska","8":"product_tag-reszelo","9":"pa_marka-boska","11":"first","12":"instock","13":"taxable","14":"shipping-taxable","15":"purchasable","16":"product-type-simple"},"acf":[],"_links":{"self":[{"href":"https:\/\/lifee.hu\/teszt\/wp-json\/wp\/v2\/product\/82863","targetHints":{"allow":["GET"]}}],"collection":[{"href":"https:\/\/lifee.hu\/teszt\/wp-json\/wp\/v2\/product"}],"about":[{"href":"https:\/\/lifee.hu\/teszt\/wp-json\/wp\/v2\/types\/product"}],"replies":[{"embeddable":true,"href":"https:\/\/lifee.hu\/teszt\/wp-json\/wp\/v2\/comments?post=82863"}],"wp:featuredmedia":[{"embeddable":true,"href":"https:\/\/lifee.hu\/teszt\/wp-json\/wp\/v2\/media\/82869"}],"wp:attachment":[{"href":"https:\/\/lifee.hu\/teszt\/wp-json\/wp\/v2\/media?parent=82863"}],"wp:term":[{"taxonomy":"product_cat","embeddable":true,"href":"https:\/\/lifee.hu\/teszt\/wp-json\/wp\/v2\/product_cat?post=82863"},{"taxonomy":"product_tag","embeddable":true,"href":"https:\/\/lifee.hu\/teszt\/wp-json\/wp\/v2\/product_tag?post=82863"}],"curies":[{"name":"wp","href":"https:\/\/api.w.org\/{rel}","templated":true}]}}