{"id":82832,"date":"2024-12-15T08:32:22","date_gmt":"2024-12-15T07:32:22","guid":{"rendered":"https:\/\/lifee.hu\/teszt\/?post_type=product&#038;p=82832"},"modified":"2025-01-15T10:21:59","modified_gmt":"2025-01-15T09:21:59","slug":"boska-star-monaco-sajtreszelo","status":"publish","type":"product","link":"https:\/\/lifee.hu\/teszt\/termek\/boska-star-monaco-sajtreszelo\/","title":{"rendered":"Boska Star Monaco+ reszel\u0151"},"content":{"rendered":"<p>Anyag: rozsdamentes ac\u00e9l<br \/>\nGarancia: \u00e9letre sz\u00f3l\u00f3<br \/>\nTerm\u00e9k m\u00e9rete: 314 mm x 38 mm x 8 mm<br \/>\nM\u00e9ret csomagol\u00e1sban: 360 mm x 80 mm x 10 mm<br \/>\nA term\u00e9k mosogat\u00f3g\u00e9pben tiszt\u00edthat\u00f3, h\u0171t\u0151be tehet\u0151.<\/p>\n","protected":false},"excerpt":{"rendered":"<p style=\"text-align: justify;\">A BOSKA Star Monaco+ sajtreszel\u0151j\u00e9vel egyszer\u0171en por\u00edthatod a legkem\u00e9nyebb sajtokat, igaz\u00e1n \u00edzletess\u00e9 t\u00e9ve az olasz, illetve mediterr\u00e1n konyha fog\u00e1sait, vagy b\u00e1rmilyen \u00e9telt, amit mark\u00e1nsabb kem\u00e9nysajttal, p\u00e9ld\u00e1ul parmez\u00e1nnal szeretn\u00e9l \u00edzes\u00edteni. A reszel\u0151 alja gumibor\u00edt\u00e1st kapott, a nyele pedig lap\u00edtott, hogy a lehet\u0151 legstabilabban dolgozhass vele. A BOSKA min\u0151s\u00e9gi term\u00e9k\u00e9t csokol\u00e1d\u00e9hoz, gy\u00f6mb\u00e9rhez, fokhagym\u00e1hoz \u00e9s m\u00e1s alapanyagokhoz is haszn\u00e1lhatod.<br \/>\nA Monaco+ kollekci\u00f3 impoz\u00e1ns darabja magas min\u0151s\u00e9g\u0171 rozsdamentes ac\u00e9lb\u00f3l k\u00e9sz\u00fclt, \u00edgy rendk\u00edv\u00fcl hossz\u00fa \u00e9lettartam\u00fa.<\/p>\n","protected":false},"featured_media":82839,"comment_status":"open","ping_status":"closed","template":"","meta":{"_acf_changed":false,"inline_featured_image":false},"product_cat":[62],"product_tag":[73,209],"class_list":{"0":"post-82832","1":"product","2":"type-product","3":"status-publish","4":"has-post-thumbnail","6":"product_cat-sajtimadoknak","7":"product_tag-boska","8":"product_tag-sajtreszelo","9":"pa_marka-boska","11":"first","12":"instock","13":"taxable","14":"shipping-taxable","15":"purchasable","16":"product-type-simple"},"acf":[],"_links":{"self":[{"href":"https:\/\/lifee.hu\/teszt\/wp-json\/wp\/v2\/product\/82832","targetHints":{"allow":["GET"]}}],"collection":[{"href":"https:\/\/lifee.hu\/teszt\/wp-json\/wp\/v2\/product"}],"about":[{"href":"https:\/\/lifee.hu\/teszt\/wp-json\/wp\/v2\/types\/product"}],"replies":[{"embeddable":true,"href":"https:\/\/lifee.hu\/teszt\/wp-json\/wp\/v2\/comments?post=82832"}],"wp:featuredmedia":[{"embeddable":true,"href":"https:\/\/lifee.hu\/teszt\/wp-json\/wp\/v2\/media\/82839"}],"wp:attachment":[{"href":"https:\/\/lifee.hu\/teszt\/wp-json\/wp\/v2\/media?parent=82832"}],"wp:term":[{"taxonomy":"product_cat","embeddable":true,"href":"https:\/\/lifee.hu\/teszt\/wp-json\/wp\/v2\/product_cat?post=82832"},{"taxonomy":"product_tag","embeddable":true,"href":"https:\/\/lifee.hu\/teszt\/wp-json\/wp\/v2\/product_tag?post=82832"}],"curies":[{"name":"wp","href":"https:\/\/api.w.org\/{rel}","templated":true}]}}