{"id":82822,"date":"2024-12-14T07:29:54","date_gmt":"2024-12-14T06:29:54","guid":{"rendered":"https:\/\/lifee.hu\/teszt\/?post_type=product&#038;p=82822"},"modified":"2025-02-07T10:02:53","modified_gmt":"2025-02-07T09:02:53","slug":"boska-super-cheesy-fondukeszlet-13-l","status":"publish","type":"product","link":"https:\/\/lifee.hu\/teszt\/termek\/boska-super-cheesy-fondukeszlet-13-l\/","title":{"rendered":"Boska Super Cheesy fond\u00fck\u00e9szlet \u2013 1,3 l"},"content":{"rendered":"<p>Anyag: ker\u00e1mia, \u00f6nt\u00f6ttvas, rozsdamentes ac\u00e9l, m\u0171anyag<br \/>\nSz\u00edn: s\u00e1rga, ez\u00fcst, fekete, barna<br \/>\nT\u0171zhely t\u00edpusa: g\u00e1z<br \/>\nGarancia: 10 \u00e9v<br \/>\nTerm\u00e9k m\u00e9rete: 266 mm x 238 mm x 203 mm<br \/>\nM\u00e9ret csomagol\u00e1sban: 305 mm x 212 mm x 203 mm<br \/>\nA term\u00e9k r\u00e9szben mosogat\u00f3g\u00e9pben moshat\u00f3: t\u00e1l \u00e9s vill\u00e1k igen, alj nem<\/p>\n","protected":false},"excerpt":{"rendered":"<p style=\"text-align: justify;\">A Super Cheesy fond\u00fclk\u00e9szlet elnevez\u00e9se igaz\u00e1n besz\u00e9des: minden megvan benne, ami egy szupersajtos falatoz\u00e1st \u00e9lvezetess\u00e9 tesz. 1,3 literes \u0171rtartalm\u00e1val k\u00f6nnyed\u00e9n kiszolg\u00e1l egy bar\u00e1ti t\u00e1rsas\u00e1got, vagy \u00e9ppen j\u00f3llakatja az eg\u00e9sz csal\u00e1dot, hiszen ak\u00e1r 875 gramm olvasztott sajtot is t\u00e1lalhatsz benne baguette- \u00e9s z\u00f6lds\u00e9gszeletekkel, h\u00fasos finoms\u00e1gokkal.<br \/>\nHa g\u00e1zt\u0171zhelyed van, akkor a fond\u00fct\u00e1lban is megolvaszthatod a sajtot, de ha m\u00e1s t\u00edpus\u00fa eszk\u00f6z\u00f6n szokt\u00e1l f\u0151zni \u2013 p\u00e9ld\u00e1ul elektromos vagy indukci\u00f3s f\u0151z\u0151lapon \u2013 akkor egy m\u00e1sik ed\u00e9nyt kell haszn\u00e1lnod a m\u0171velethez. Mindenesetre a melegentart\u00f3 egys\u00e9ggel rendelkez\u0151 alj azt\u00e1n t\u00f6k\u00e9letes \u00e1llagban tartja az olvasztott sajtot, emiatt nem kell agg\u00f3dnod.<br \/>\nA nagy lakom\u00e1z\u00e1s ut\u00e1n sem v\u00e1r r\u00e1d f\u00e1rads\u00e1gos munka, ugyanis a t\u00e1lat \u00e9s a k\u00e9szlethez tartoz\u00f3 vill\u00e1kat nyugodtan beteheted a mosogat\u00f3g\u00e9pbe.<\/p>\n","protected":false},"featured_media":82823,"comment_status":"open","ping_status":"closed","template":"","meta":{"_acf_changed":false,"inline_featured_image":false},"product_cat":[31],"product_tag":[73,329,328],"class_list":{"0":"post-82822","1":"product","2":"type-product","3":"status-publish","4":"has-post-thumbnail","6":"product_cat-fondu","7":"product_tag-boska","8":"product_tag-cheesy","9":"product_tag-fondukeszlet","10":"pa_marka-boska","12":"first","13":"instock","14":"taxable","15":"shipping-taxable","16":"purchasable","17":"product-type-simple"},"acf":[],"_links":{"self":[{"href":"https:\/\/lifee.hu\/teszt\/wp-json\/wp\/v2\/product\/82822","targetHints":{"allow":["GET"]}}],"collection":[{"href":"https:\/\/lifee.hu\/teszt\/wp-json\/wp\/v2\/product"}],"about":[{"href":"https:\/\/lifee.hu\/teszt\/wp-json\/wp\/v2\/types\/product"}],"replies":[{"embeddable":true,"href":"https:\/\/lifee.hu\/teszt\/wp-json\/wp\/v2\/comments?post=82822"}],"wp:featuredmedia":[{"embeddable":true,"href":"https:\/\/lifee.hu\/teszt\/wp-json\/wp\/v2\/media\/82823"}],"wp:attachment":[{"href":"https:\/\/lifee.hu\/teszt\/wp-json\/wp\/v2\/media?parent=82822"}],"wp:term":[{"taxonomy":"product_cat","embeddable":true,"href":"https:\/\/lifee.hu\/teszt\/wp-json\/wp\/v2\/product_cat?post=82822"},{"taxonomy":"product_tag","embeddable":true,"href":"https:\/\/lifee.hu\/teszt\/wp-json\/wp\/v2\/product_tag?post=82822"}],"curies":[{"name":"wp","href":"https:\/\/api.w.org\/{rel}","templated":true}]}}