{"id":82809,"date":"2024-12-14T06:45:39","date_gmt":"2024-12-14T05:45:39","guid":{"rendered":"https:\/\/lifee.hu\/teszt\/?post_type=product&#038;p=82809"},"modified":"2024-12-31T22:44:14","modified_gmt":"2024-12-31T21:44:14","slug":"boska-nero-fondukeszlet-13-l","status":"publish","type":"product","link":"https:\/\/lifee.hu\/teszt\/termek\/boska-nero-fondukeszlet-13-l\/","title":{"rendered":"Boska Nero fond\u00fck\u00e9szlet 1,3 l"},"content":{"rendered":"<p>Anyag: ker\u00e1mia, \u00f6nt\u00f6ttvas, rozsdamentes ac\u00e9l, m\u0171anyag<br \/>\nSz\u00edn: fekete, sz\u00fcrke<br \/>\nT\u0171zhely t\u00edpusa: g\u00e1z<br \/>\nGarancia: 10 \u00e9v<br \/>\nTerm\u00e9k m\u00e9rete: 290 mm x 200 mm x 180 mm<br \/>\nM\u00e9ret csomagol\u00e1sban: 320 mm x 250 mm x 210 mm<\/p>\n<p>A term\u00e9k r\u00e9szben mosogat\u00f3g\u00e9pben moshat\u00f3: t\u00e1l \u00e9s vill\u00e1k igen, alj nem<\/p>\n","protected":false},"excerpt":{"rendered":"<p style=\"text-align: justify;\">A Nero sajtfond\u00fck\u00e9szlettel k\u00f6nnyed\u00e9n elvar\u00e1zsolhatod a bar\u00e1taidat vagy a csal\u00e1dtagjaidat egy mennyei fog\u00e1ssal. A t\u0171z\u00e1ll\u00f3 ker\u00e1miat\u00e1lhoz hat villa tartozik, az \u00f6nt\u00f6ttvasb\u00f3l k\u00e9sz\u00fclt massz\u00edv alj pedig melegentart\u00f3 funkci\u00f3val rendelkezik, \u00edgy biztos\u00edtva a lass\u00fa, r\u00e1\u00e9r\u0151s falatoz\u00e1st, ami a vid\u00e1m \u00f6sszej\u00f6vetelek csimborassz\u00f3ja.<\/p>\n<p style=\"text-align: justify;\">Az 1,3 literes ker\u00e1miat\u00e1l g\u00e1zt\u0171zhelyen haszn\u00e1lhat\u00f3, \u00e9s ak\u00e1r 875 gramm fond\u00fcsajtot is megolvaszthatsz benne. Ha m\u00e1s t\u00edpus\u00fa t\u0171zhelyed van, akkor ezt a t\u00e1lat csak szerv\u00edroz\u00e1shoz \u00e9s melegen tart\u00e1shoz vesd be, a sajt olvaszt\u00e1s\u00e1hoz pedig v\u00e1lassz a t\u0171zhelyednek megfelel\u0151 ed\u00e9nyt. Az alj melegentart\u00f3 t\u00e9gely\u00e9be foly\u00e9kony vagy zsel\u00e9 \u00e1llag\u00fa anyagot tehetsz (nem tartoz\u00e9k).<\/p>\n<p style=\"text-align: justify;\">A fond\u00fcben az a legjobb \u2013 azon t\u00fal, hogy isteni finom \u2013, hogy nem igaz\u00e1n kell bajl\u00f3dnod az elk\u00e9sz\u00edt\u00e9ssel. \u00c9s ha ezt a k\u00e9szletet v\u00e1lasztod, akkor a tiszt\u00e1n tart\u00e1ssal sem, ugyanis a t\u00e1l \u00e9s a vill\u00e1k mosogat\u00f3g\u00e9pben moshat\u00f3k.<\/p>\n","protected":false},"featured_media":82810,"comment_status":"open","ping_status":"closed","template":"","meta":{"_acf_changed":false,"inline_featured_image":false},"product_cat":[31],"product_tag":[73,180,328,327],"class_list":{"0":"post-82809","1":"product","2":"type-product","3":"status-publish","4":"has-post-thumbnail","6":"product_cat-fondu","7":"product_tag-boska","8":"product_tag-fondu","9":"product_tag-fondukeszlet","10":"product_tag-nero","11":"pa_marka-boska","13":"first","14":"outofstock","15":"taxable","16":"shipping-taxable","17":"purchasable","18":"product-type-simple"},"acf":[],"_links":{"self":[{"href":"https:\/\/lifee.hu\/teszt\/wp-json\/wp\/v2\/product\/82809","targetHints":{"allow":["GET"]}}],"collection":[{"href":"https:\/\/lifee.hu\/teszt\/wp-json\/wp\/v2\/product"}],"about":[{"href":"https:\/\/lifee.hu\/teszt\/wp-json\/wp\/v2\/types\/product"}],"replies":[{"embeddable":true,"href":"https:\/\/lifee.hu\/teszt\/wp-json\/wp\/v2\/comments?post=82809"}],"wp:featuredmedia":[{"embeddable":true,"href":"https:\/\/lifee.hu\/teszt\/wp-json\/wp\/v2\/media\/82810"}],"wp:attachment":[{"href":"https:\/\/lifee.hu\/teszt\/wp-json\/wp\/v2\/media?parent=82809"}],"wp:term":[{"taxonomy":"product_cat","embeddable":true,"href":"https:\/\/lifee.hu\/teszt\/wp-json\/wp\/v2\/product_cat?post=82809"},{"taxonomy":"product_tag","embeddable":true,"href":"https:\/\/lifee.hu\/teszt\/wp-json\/wp\/v2\/product_tag?post=82809"}],"curies":[{"name":"wp","href":"https:\/\/api.w.org\/{rel}","templated":true}]}}