{"id":82780,"date":"2024-12-14T06:08:08","date_gmt":"2024-12-14T05:08:08","guid":{"rendered":"https:\/\/lifee.hu\/teszt\/?post_type=product&#038;p=82780"},"modified":"2025-01-15T09:51:49","modified_gmt":"2025-01-15T08:51:49","slug":"boska-friends-talalodeszka-m-40-cm","status":"publish","type":"product","link":"https:\/\/lifee.hu\/teszt\/termek\/boska-friends-talalodeszka-m-40-cm\/","title":{"rendered":"Boska Friends t\u00e1lal\u00f3deszka M (40 cm)"},"content":{"rendered":"<p>Anyag: t\u00f6lgy<br \/>\nGarancia: 10 \u00e9v<\/p>\n<p>Term\u00e9k m\u00e9rete: 530 mm x 122 mm x 35 mm<br \/>\nM\u00e9ret csomagol\u00e1sban: 530 mm x 122 mm x 35 mm<\/p>\n<p>A term\u00e9k csak k\u00e9zzel moshat\u00f3.<\/p>\n","protected":false},"excerpt":{"rendered":"<p style=\"text-align: justify;\">\u00c9ppen van ok az \u00fcnnepl\u00e9sre p\u00e1r bar\u00e1t t\u00e1rsas\u00e1g\u00e1ban? Vagy csak elhevern\u00e9tek a kanap\u00e9n a p\u00e1roddal egy esti majszolgat\u00f3s filmn\u00e9z\u00e9sre? B\u00e1rmi is a szitu, a BOSKA M-es m\u00e9ret\u0171 Friends t\u00e1lal\u00f3deszk\u00e1j\u00e1n ide\u00e1lis mennyis\u00e9g\u0171 harapnival\u00f3 f\u00e9r el n\u00e9h\u00e1ny ember sz\u00e1m\u00e1ra. Ak\u00e1r sajtim\u00e1d\u00f3k vagytok, ak\u00e1r a m\u00e1rtogat\u00f3sok\u00e9rt vagytok oda, ezen a deszk\u00e1n olyan eszt\u00e9tikusan mutatnak a k\u00fcl\u00f6nf\u00e9le falatok, hogy m\u00e9g az is kedvet kap a csipeget\u00e9shez, aki nem is \u00e9hes.<\/p>\n<p style=\"text-align: justify;\">Ha szeretn\u00e9d min\u00e9l tov\u00e1bb meg\u0151rizni a Friends deszka egy\u00e9bk\u00e9nt is hossz\u00fa \u00e9lettartam\u00e1t \u00e9s szemet gy\u00f6ny\u00f6rk\u00f6dtet\u0151 megjelen\u00e9s\u00e9t, \u00e1pold rendszeresen BOSKA deszkaolajjal! Ha pedig igaz\u00e1n nagy bulit rendezel, szerezd be a webshopunkb\u00f3l XL-es m\u00e9ret\u0171 v\u00e1ltozatban is!<\/p>\n<p style=\"text-align: justify;\"><em>Az M m\u00e9reten t\u00fal S, L \u00e9s XL m\u00e9retben is el\u00e9rhet\u0151 az Eur\u00f3p\u00e1ban gy\u00e1rtott term\u00e9k a web\u00e1ruh\u00e1zunkban.<\/em><\/p>\n","protected":false},"featured_media":82784,"comment_status":"open","ping_status":"closed","template":"","meta":{"_acf_changed":false,"inline_featured_image":false},"product_cat":[58,39],"product_tag":[73,317,319],"class_list":{"0":"post-82780","1":"product","2":"type-product","3":"status-publish","4":"has-post-thumbnail","6":"product_cat-konyha","7":"product_cat-talalas","8":"product_tag-boska","9":"product_tag-friends","10":"product_tag-talalodeszka","11":"pa_marka-boska","13":"first","14":"instock","15":"taxable","16":"shipping-taxable","17":"purchasable","18":"product-type-simple"},"acf":[],"_links":{"self":[{"href":"https:\/\/lifee.hu\/teszt\/wp-json\/wp\/v2\/product\/82780","targetHints":{"allow":["GET"]}}],"collection":[{"href":"https:\/\/lifee.hu\/teszt\/wp-json\/wp\/v2\/product"}],"about":[{"href":"https:\/\/lifee.hu\/teszt\/wp-json\/wp\/v2\/types\/product"}],"replies":[{"embeddable":true,"href":"https:\/\/lifee.hu\/teszt\/wp-json\/wp\/v2\/comments?post=82780"}],"wp:featuredmedia":[{"embeddable":true,"href":"https:\/\/lifee.hu\/teszt\/wp-json\/wp\/v2\/media\/82784"}],"wp:attachment":[{"href":"https:\/\/lifee.hu\/teszt\/wp-json\/wp\/v2\/media?parent=82780"}],"wp:term":[{"taxonomy":"product_cat","embeddable":true,"href":"https:\/\/lifee.hu\/teszt\/wp-json\/wp\/v2\/product_cat?post=82780"},{"taxonomy":"product_tag","embeddable":true,"href":"https:\/\/lifee.hu\/teszt\/wp-json\/wp\/v2\/product_tag?post=82780"}],"curies":[{"name":"wp","href":"https:\/\/api.w.org\/{rel}","templated":true}]}}