{"id":82767,"date":"2024-12-12T22:36:18","date_gmt":"2024-12-12T21:36:18","guid":{"rendered":"https:\/\/lifee.hu\/teszt\/?post_type=product&#038;p=82767"},"modified":"2025-01-15T09:57:16","modified_gmt":"2025-01-15T08:57:16","slug":"boska-friends-talalodeszka-xl100-cm","status":"publish","type":"product","link":"https:\/\/lifee.hu\/teszt\/termek\/boska-friends-talalodeszka-xl100-cm\/","title":{"rendered":"Boska Friends t\u00e1lal\u00f3deszka XL (100 cm)"},"content":{"rendered":"<p>Anyag: t\u00f6lgy<br \/>\nGarancia: 10 \u00e9v<\/p>\n<p>Term\u00e9k m\u00e9rete: 113 mm x 150 mm x 20 mm<br \/>\nM\u00e9ret csomagol\u00e1sban: 113 mm x 150 mm x 20 mm<\/p>\n<p>A term\u00e9k csak k\u00e9zzel moshat\u00f3.<\/p>\n","protected":false},"excerpt":{"rendered":"<p style=\"text-align: justify;\">\u00c1th\u00edvtad magadhoz egy csom\u00f3 bar\u00e1todat? Semmi gond! A BOSKA Friends XL t\u00e1lal\u00f3deszk\u00e1n olyan sok falat elf\u00e9r, hogy mindenkinek b\u0151s\u00e9gesen jut bel\u0151le. Az egy m\u00e9ter hossz\u00fa \u2013 foganty\u00fa n\u00e9lk\u00fcl \u00e9rtend\u0151 \u2013 klasszikus megjelen\u00e9s\u0171, min\u0151s\u00e9gi t\u00f6lgyf\u00e1b\u00f3l k\u00e9sz\u00fclt deszk\u00e1ra kedvedre pakolhatsz k\u00fcl\u00f6nf\u00e9le sajtokat, sonk\u00e1kat, kenyeret, z\u00f6lds\u00e9get, gy\u00fcm\u00f6lcs\u00f6t egy egy\u00e9b nyal\u00e1nks\u00e1gokat, p\u00e9ld\u00e1ul szendvicset, m\u00e1rtogat\u00f3st vagy tapast. A lakoma ut\u00e1n csak annyi a dolgod, hogy k\u00e9zzel, mosogat\u00f3szeres v\u00edzzel elmosod a deszk\u00e1t, majd az akaszt\u00f3j\u00e1n\u00e1l fell\u00f3gatod a hely\u00e9re. Ha szeretn\u00e9d, hogy ez a Pazar eszk\u00f6z e lehet\u0151 legtov\u00e1bb meg\u0151rizze sz\u00e9ps\u00e9g\u00e9t, rendszeresen d\u00f6rzs\u00f6ld \u00e1t a BOSKA deszkaolaj\u00e1val.<\/p>\n<p><em>Az XL m\u00e9reten t\u00fal L, M \u00e9s S m\u00e9retben is el\u00e9rhet\u0151 az Eur\u00f3p\u00e1ban gy\u00e1rtott term\u00e9k a web\u00e1ruh\u00e1zunkban.<\/em><\/p>\n","protected":false},"featured_media":82768,"comment_status":"open","ping_status":"closed","template":"","meta":{"_acf_changed":false,"inline_featured_image":false},"product_cat":[58,39],"product_tag":[73,317,319],"class_list":{"0":"post-82767","1":"product","2":"type-product","3":"status-publish","4":"has-post-thumbnail","6":"product_cat-konyha","7":"product_cat-talalas","8":"product_tag-boska","9":"product_tag-friends","10":"product_tag-talalodeszka","11":"pa_marka-boska","13":"first","14":"instock","15":"taxable","16":"shipping-taxable","17":"purchasable","18":"product-type-simple"},"acf":[],"_links":{"self":[{"href":"https:\/\/lifee.hu\/teszt\/wp-json\/wp\/v2\/product\/82767","targetHints":{"allow":["GET"]}}],"collection":[{"href":"https:\/\/lifee.hu\/teszt\/wp-json\/wp\/v2\/product"}],"about":[{"href":"https:\/\/lifee.hu\/teszt\/wp-json\/wp\/v2\/types\/product"}],"replies":[{"embeddable":true,"href":"https:\/\/lifee.hu\/teszt\/wp-json\/wp\/v2\/comments?post=82767"}],"wp:featuredmedia":[{"embeddable":true,"href":"https:\/\/lifee.hu\/teszt\/wp-json\/wp\/v2\/media\/82768"}],"wp:attachment":[{"href":"https:\/\/lifee.hu\/teszt\/wp-json\/wp\/v2\/media?parent=82767"}],"wp:term":[{"taxonomy":"product_cat","embeddable":true,"href":"https:\/\/lifee.hu\/teszt\/wp-json\/wp\/v2\/product_cat?post=82767"},{"taxonomy":"product_tag","embeddable":true,"href":"https:\/\/lifee.hu\/teszt\/wp-json\/wp\/v2\/product_tag?post=82767"}],"curies":[{"name":"wp","href":"https:\/\/api.w.org\/{rel}","templated":true}]}}