{"id":80950,"date":"2024-12-01T19:27:06","date_gmt":"2024-12-01T18:27:06","guid":{"rendered":"https:\/\/lifee.hu\/teszt\/?post_type=product&#038;p=80950"},"modified":"2025-07-21T15:39:57","modified_gmt":"2025-07-21T13:39:57","slug":"dopper-original-muanyag-kulacs-450-ml-pure-white-feher","status":"publish","type":"product","link":"https:\/\/lifee.hu\/teszt\/termek\/dopper-original-muanyag-kulacs-450-ml-pure-white-feher\/","title":{"rendered":"DOPPER Original m\u0171anyag kulacs (450 ml) \u2013 Pure White (feh\u00e9r)"},"content":{"rendered":"<p><strong>M\u00e9retek:<\/strong><\/p>\n<ul>\n<li>\u0170rtartalom: 450 ml<\/li>\n<li>\u00c1tm\u00e9r\u0151: 6 cm<\/li>\n<li>Magass\u00e1g: 24 cm<\/li>\n<li>S\u00faly: 101 g<\/li>\n<\/ul>\n<p><strong>Anyagok:<\/strong><\/p>\n<ul>\n<li>PP \u2013 polipropil\u00e9n (palack \u00e9s kupak)<\/li>\n<li>ABS \u2013 akrilnitril-butadi\u00e9n-sztirol (feh\u00e9r poh\u00e1r)<\/li>\n<li>TPE \u2013 termoplasztikus elasztomer (t\u00f6m\u00edt\u00e9s a kupakban \u00e9s a poh\u00e1rban)<\/li>\n<li>BPA- \u00e9s k\u00e1rosanyag-mentes<\/li>\n<\/ul>\n","protected":false},"excerpt":{"rendered":"<p style=\"text-align: justify;\"><strong>450ml t\u00f6k\u00e9letess\u00e9g<br \/>\n<\/strong>\u00c9rdekelnek a r\u00e9szletek? Im\u00e1djuk, ha valaki szeret kutakodni! Ugyanezt tett\u00e9k a Dopper term\u00e9kfejleszt\u0151i is, miel\u0151tt megalkott\u00e1k a Dopper Original Pure White palackot. \u00c9s micsoda eredm\u00e9nyt \u00e9rtek el! 450 ml t\u00f6k\u00e9letess\u00e9g, amit \u00fajra \u00e9s \u00fajra \u00e9s megint csak \u00fajrat\u00f6lthetsz csapv\u00edzzel. Mi\u00e9rt mondjuk, hogy t\u00f6k\u00e9letes? Csak a megszokott dolgok\u00e9rt: mosogat\u00f3g\u00e9pben moshat\u00f3 (65 \u00b0C-ig), BPA- \u00e9s ftal\u00e1tmentes, tov\u00e1bb\u00e1 pillek\u00f6nny\u0171.<\/p>\n<p style=\"text-align: justify;\"><strong>Palack \u00e9s poh\u00e1r<br \/>\n<\/strong>Az izgalmas r\u00e9szletekr\u0151l nem is besz\u00e9lve! A palack ny\u00edl\u00e1sa pont akkora, hogy megfelel\u0151 mennyis\u00e9g\u0171 folyad\u00e9kot eresszen \u00e1t, ezzel is megk\u00f6nny\u00edtve a v\u00edziv\u00e1st. Az egyed\u00fcl\u00e1ll\u00f3 h\u00e1romr\u00e9szes kialak\u00edt\u00e1snak k\u00f6sz\u00f6nhet\u0151en pedig igaz\u00e1n egyszer\u0171en t\u00f6ltheted \u00e9s tiszt\u00edthatod meg a Dopperedet. R\u00e1ad\u00e1sul a palack teteje egy poh\u00e1rban v\u00e9gz\u0151dik. Zseni\u00e1lis!<\/p>\n<p><strong>Fenntarthat\u00f3s\u00e1g<br \/>\n<\/strong>\u2022 A Dopper Original kulacsok Hollandi\u00e1ban k\u00e9sz\u00fclnek, sz\u00e9lenergia felhaszn\u00e1l\u00e1s\u00e1val.<br \/>\n\u2022 A Dopper c\u00e9lja, hogy seg\u00edtse a k\u00f6rforg\u00e1sos gazdas\u00e1g kialakul\u00e1s\u00e1t. Ezt igazolja az is, hogy a Pure White palack ki\u00e9rdemelte az ez\u00fcst fokozat\u00fa Cradle-to-Cradle\u00ae tan\u00fas\u00edtv\u00e1nyt.<br \/>\n\u2022 A holland hagyom\u00e1nyokat k\u00f6vetve 60 holland v\u00e1rosban biciklivel sz\u00e1ll\u00edtj\u00e1k ki a webshopos rendel\u00e9seket.<br \/>\n\u2022 Az \u00e9letciklusuk v\u00e9g\u00e9n a Dopper Original palackok 100%-ban \u00fajrahasznos\u00edthat\u00f3k.<\/p>\n","protected":false},"featured_media":80963,"comment_status":"open","ping_status":"closed","template":"","meta":{"_acf_changed":false,"inline_featured_image":false},"product_cat":[49],"product_tag":[283,103,105,285,287,289],"class_list":{"0":"post-80950","1":"product","2":"type-product","3":"status-publish","4":"has-post-thumbnail","6":"product_cat-kulacs","7":"product_tag-450-ml","8":"product_tag-dopper","9":"product_tag-kulacs","10":"product_tag-muanyag","11":"product_tag-original","12":"product_tag-ujrahasznositott","13":"pa_marka-dopper","14":"product_brand-dopper","16":"first","17":"instock","18":"taxable","19":"shipping-taxable","20":"purchasable","21":"product-type-simple"},"acf":[],"_links":{"self":[{"href":"https:\/\/lifee.hu\/teszt\/wp-json\/wp\/v2\/product\/80950","targetHints":{"allow":["GET"]}}],"collection":[{"href":"https:\/\/lifee.hu\/teszt\/wp-json\/wp\/v2\/product"}],"about":[{"href":"https:\/\/lifee.hu\/teszt\/wp-json\/wp\/v2\/types\/product"}],"replies":[{"embeddable":true,"href":"https:\/\/lifee.hu\/teszt\/wp-json\/wp\/v2\/comments?post=80950"}],"wp:featuredmedia":[{"embeddable":true,"href":"https:\/\/lifee.hu\/teszt\/wp-json\/wp\/v2\/media\/80963"}],"wp:attachment":[{"href":"https:\/\/lifee.hu\/teszt\/wp-json\/wp\/v2\/media?parent=80950"}],"wp:term":[{"taxonomy":"product_cat","embeddable":true,"href":"https:\/\/lifee.hu\/teszt\/wp-json\/wp\/v2\/product_cat?post=80950"},{"taxonomy":"product_tag","embeddable":true,"href":"https:\/\/lifee.hu\/teszt\/wp-json\/wp\/v2\/product_tag?post=80950"}],"curies":[{"name":"wp","href":"https:\/\/api.w.org\/{rel}","templated":true}]}}