{"id":70336,"date":"2024-11-10T18:24:47","date_gmt":"2024-11-10T17:24:47","guid":{"rendered":"https:\/\/lifee.hu\/teszt\/?post_type=product&#038;p=70336"},"modified":"2025-05-13T12:09:42","modified_gmt":"2025-05-13T10:09:42","slug":"dopper-termosz-580-ml-x-royal-delft-the-tide-kek-feher","status":"publish","type":"product","link":"https:\/\/lifee.hu\/teszt\/termek\/dopper-termosz-580-ml-x-royal-delft-the-tide-kek-feher\/","title":{"rendered":"Dopper termosz 580 ml x Royal Delft &#8211; the TIDE (k\u00e9k\/feh\u00e9r)"},"content":{"rendered":"<p><strong>M\u00e9retek:<\/strong><\/p>\n<ul>\n<li>\u0170rtartalom: 580 ml<\/li>\n<li>\u00c1tm\u00e9r\u0151: 7,3 cm<\/li>\n<li>Magass\u00e1g: 26 cm<\/li>\n<li>S\u00faly: 380 g<\/li>\n<\/ul>\n<p><strong>Anyagok:<\/strong><\/p>\n<ul>\n<li>18\/8 rozsdamentes ac\u00e9l (palack)<\/li>\n<li>PP \u2013 polipropil\u00e9n (kupak)<\/li>\n<li>Tritan \u2013 kopoli\u00e9szter (feh\u00e9r poh\u00e1r)<\/li>\n<li>Szilikon (t\u00f6m\u00edt\u0151gy\u0171r\u0171k)<\/li>\n<li>BPA- \u00e9s k\u00e1rosanyag-mentes<\/li>\n<\/ul>\n","protected":false},"excerpt":{"rendered":"<p>&nbsp;<\/p>\n<ul>\n<li>9 \u00f3r\u00e1n \u00e1t melegen, \u00e9s 24 \u00f3r\u00e1n \u00e1t hidegen tartja a vizet<\/li>\n<li>Sziv\u00e1rg\u00e1smentes \u00e9s karc\u00e1ll\u00f3, duplafal\u00fa v\u00e1kuumos<\/li>\n<li>K\u00e9t holland ikon, a Dopper \u00e9s a Royal Delft ker\u00e1mia manufakt\u00fara egy\u00fcttm\u0171k\u00f6d\u00e9s\u00e9b\u0151l sz\u00fcletett<\/li>\n<\/ul>\n<p style=\"text-align: justify;\"><strong>K\u00e9k mesterm\u0171<br \/>\n<\/strong>Ez a szemet gy\u00f6ny\u00f6rk\u00f6dtet\u0151 termosz a m\u0171v\u00e9szet \u00e9s a cs\u00facsmin\u0151s\u00e9g\u0171 diz\u00e1jn szerelmeseinek k\u00e9sz\u00fclt a DOPPER \u00e9s a Royal Delft (Kir\u00e1lyi Ker\u00e1mia Manufakt\u00fara, Hollandia) egy\u00fcttm\u0171k\u00f6d\u00e9s\u00e9ben. A k\u00fcl\u00f6nleges modell megalkot\u00e1s\u00e1t a v\u00edz ereje inspir\u00e1lta, \u00e9s azt a v\u00e9g n\u00e9lk\u00fcli munk\u00e1lkod\u00e1st testes\u00edti meg, amivel a hull\u00e1mok is folytonosan alak\u00edtj\u00e1k a partokat. A diz\u00e1jn a kifinomult mozaiktechnik\u00e1t id\u00e9zi.<\/p>\n<p style=\"text-align: justify;\"><strong>Fenntarthat\u00f3s\u00e1g<br \/>\n<\/strong>A Dopper termosz felel\u0151sen k\u00e9sz\u00fcl K\u00edn\u00e1ban a BSCI tan\u00fas\u00edtv\u00e1ny magatart\u00e1si k\u00f3dex\u00e9nek megfelel\u0151en. Egy Dopper kulacs haszn\u00e1lat\u00e1val \u00e9vente 104 darab egyszer haszn\u00e1latos m\u0171anyag palack megv\u00e1s\u00e1rl\u00e1s\u00e1t v\u00e1ltod ki.* A GoodShipping partners\u00e9gnek k\u00f6sz\u00f6nhet\u0151en a sz\u00e1ll\u00edtm\u00e1nyoz\u00e1s kiz\u00e1r\u00f3lag bio\u00fczemanyaggal t\u00f6rt\u00e9nik. C\u00e9lunk a k\u00f6rforg\u00e1sos gazdas\u00e1g megteremt\u00e9se, ez\u00e9rt ez a termosz bronz fokozat\u00fa Cradle to Cradle<strong>\u00ae<\/strong> tan\u00fas\u00edtv\u00e1nnyal rendelkezik.**<\/p>\n<p style=\"text-align: justify;\">*A sz\u00e1m\u00edt\u00e1s azon alapul, hogy egy \u00e1tlagos felhaszn\u00e1l\u00f3 napi 2-3 palackozott vizet v\u00e1lthat ki Dopper kulacs haszn\u00e1lat\u00e1val, ami \u00e9vente k\u00f6r\u00fclbel\u00fcl 100-150 megv\u00e1s\u00e1rolt palackozott v\u00edznek felel meg. A 104 palack egy re\u00e1lis \u00e1tlagk\u00e9nt ker\u00fclt meghat\u00e1roz\u00e1sra.<br \/>\n**A nyomatot kiv\u00e9ve<\/p>\n<p><strong>Tulajdons\u00e1gok<\/strong><\/p>\n<ul>\n<li>90%-ban \u00fajrahasznos\u00edtott ac\u00e9lb\u00f3l k\u00e9sz\u00fclt termosz<\/li>\n<li>Dupla fal\u00fa, v\u00e1kuumos<\/li>\n<li>3-r\u00e9szes kialak\u00edt\u00e1s \u2013 palack, poh\u00e1r \u00e9s kupak \u2013, k\u00f6nny\u0171 megt\u00f6lteni \u00e9s tiszt\u00edtani<\/li>\n<li>Mosogat\u00f3g\u00e9pben is tiszt\u00edthat\u00f3 (65 Celsius-fokig)<\/li>\n<li>Meleg \u00e9s hideg italokhoz<\/li>\n<li>A tea \u00e9s a k\u00e1v\u00e9 sz\u00edn- \u00e9s illatmaradv\u00e1nyokat hagyhat rajta<\/li>\n<\/ul>\n","protected":false},"featured_media":70348,"comment_status":"open","ping_status":"closed","template":"","meta":{"_acf_changed":false,"inline_featured_image":false},"product_cat":[49],"product_tag":[295,103,116],"class_list":{"0":"post-70336","1":"product","2":"type-product","3":"status-publish","4":"has-post-thumbnail","6":"product_cat-kulacs","7":"product_tag-580-ml","8":"product_tag-dopper","9":"product_tag-termosz","10":"pa_marka-dopper","11":"product_brand-dopper","13":"first","14":"instock","15":"taxable","16":"shipping-taxable","17":"purchasable","18":"product-type-simple"},"acf":[],"_links":{"self":[{"href":"https:\/\/lifee.hu\/teszt\/wp-json\/wp\/v2\/product\/70336","targetHints":{"allow":["GET"]}}],"collection":[{"href":"https:\/\/lifee.hu\/teszt\/wp-json\/wp\/v2\/product"}],"about":[{"href":"https:\/\/lifee.hu\/teszt\/wp-json\/wp\/v2\/types\/product"}],"replies":[{"embeddable":true,"href":"https:\/\/lifee.hu\/teszt\/wp-json\/wp\/v2\/comments?post=70336"}],"wp:featuredmedia":[{"embeddable":true,"href":"https:\/\/lifee.hu\/teszt\/wp-json\/wp\/v2\/media\/70348"}],"wp:attachment":[{"href":"https:\/\/lifee.hu\/teszt\/wp-json\/wp\/v2\/media?parent=70336"}],"wp:term":[{"taxonomy":"product_cat","embeddable":true,"href":"https:\/\/lifee.hu\/teszt\/wp-json\/wp\/v2\/product_cat?post=70336"},{"taxonomy":"product_tag","embeddable":true,"href":"https:\/\/lifee.hu\/teszt\/wp-json\/wp\/v2\/product_tag?post=70336"}],"curies":[{"name":"wp","href":"https:\/\/api.w.org\/{rel}","templated":true}]}}