{"id":691,"date":"2023-05-19T22:16:17","date_gmt":"2023-05-19T20:16:17","guid":{"rendered":"https:\/\/lifee.hu\/teszt\/?post_type=product&#038;p=691"},"modified":"2024-11-27T10:56:02","modified_gmt":"2024-11-27T09:56:02","slug":"boska-diy-csokoladebonbon-keszito","status":"publish","type":"product","link":"https:\/\/lifee.hu\/teszt\/termek\/boska-diy-csokoladebonbon-keszito\/","title":{"rendered":"BOSKA DIY csokol\u00e1d\u00e9bonbon-k\u00e9sz\u00edt\u0151"},"content":{"rendered":"<p style=\"font-weight: 400;\">Sz\u00edn: fekete<br \/>\nAnyag: szilikon, fa<br \/>\nGarancia: 10 \u00e9v<br \/>\nM\u00e9ret: 200 mm x 100 mm x 15 mm<br \/>\nS\u00faly: 184 gramm<\/p>\n<p>&nbsp;<\/p>\n","protected":false},"excerpt":{"rendered":"<p style=\"font-weight: 400;\">Szereted a csokol\u00e1d\u00e9t, \u00e9s sz\u00edvesen pr\u00f3b\u00e1lsz ki \u00faj \u00edzkombin\u00e1ci\u00f3kat? Akkor \u00e9rdemes beszerezned a webshopunkb\u00f3l a BOSKA bonbonk\u00e9sz\u00edt\u0151j\u00e9t, mert ezzel a term\u00e9kkel b\u00e1rmilyen \u00edzes\u00edt\u00e9s\u0171 csokol\u00e1d\u00e9t k\u00f6nnyed\u00e9n elk\u00e9sz\u00edthetsz \u2013 ak\u00e1r magadnak, ak\u00e1r aj\u00e1nd\u00e9kba a szeretteidnek. A k\u00e9szlethez tartozik egy gondosan kialak\u00edtott szilikonforma, egy praktikus lap\u00e1t, \u00e9s persze nem maradsz hasznos receptek n\u00e9lk\u00fcl sem. Ha \u00e9ppen a csokim\u00e1ni\u00e1s bar\u00e1todnak vagy rokonodnak keresed a t\u00f6k\u00e9letes aj\u00e1nd\u00e9kot, akkor is jusson eszedbe a BOSKA nagyszer\u0171 term\u00e9ke!<\/p>\n","protected":false},"featured_media":692,"comment_status":"open","ping_status":"closed","template":"","meta":{"_acf_changed":false,"inline_featured_image":false},"product_cat":[83,132],"product_tag":[73,97],"class_list":{"0":"post-691","1":"product","2":"type-product","3":"status-publish","4":"has-post-thumbnail","6":"product_cat-csokimaniasoknak","7":"product_cat-vendegvaro","8":"product_tag-boska","9":"product_tag-csokolade","10":"pa_marka-boska","12":"first","13":"instock","14":"taxable","15":"shipping-taxable","16":"purchasable","17":"product-type-simple"},"acf":[],"_links":{"self":[{"href":"https:\/\/lifee.hu\/teszt\/wp-json\/wp\/v2\/product\/691","targetHints":{"allow":["GET"]}}],"collection":[{"href":"https:\/\/lifee.hu\/teszt\/wp-json\/wp\/v2\/product"}],"about":[{"href":"https:\/\/lifee.hu\/teszt\/wp-json\/wp\/v2\/types\/product"}],"replies":[{"embeddable":true,"href":"https:\/\/lifee.hu\/teszt\/wp-json\/wp\/v2\/comments?post=691"}],"wp:featuredmedia":[{"embeddable":true,"href":"https:\/\/lifee.hu\/teszt\/wp-json\/wp\/v2\/media\/692"}],"wp:attachment":[{"href":"https:\/\/lifee.hu\/teszt\/wp-json\/wp\/v2\/media?parent=691"}],"wp:term":[{"taxonomy":"product_cat","embeddable":true,"href":"https:\/\/lifee.hu\/teszt\/wp-json\/wp\/v2\/product_cat?post=691"},{"taxonomy":"product_tag","embeddable":true,"href":"https:\/\/lifee.hu\/teszt\/wp-json\/wp\/v2\/product_tag?post=691"}],"curies":[{"name":"wp","href":"https:\/\/api.w.org\/{rel}","templated":true}]}}