{"id":65728,"date":"2024-11-03T17:46:36","date_gmt":"2024-11-03T16:46:36","guid":{"rendered":"https:\/\/lifee.hu\/teszt\/?post_type=product&#038;p=65728"},"modified":"2024-11-27T10:56:14","modified_gmt":"2024-11-27T09:56:14","slug":"karacsonyi-csillag-60-cm-es-fekete-7-agu","status":"publish","type":"product","link":"https:\/\/lifee.hu\/teszt\/termek\/karacsonyi-csillag-60-cm-es-fekete-7-agu\/","title":{"rendered":"Kar\u00e1csonyi csillag 60 cm-es, FEKETE (7 \u00e1g\u00fa)"},"content":{"rendered":"","protected":false},"excerpt":{"rendered":"<p style=\"text-align: justify;\">\u00dajra j\u00f6nnek a boldog kar\u00e1csonyi napok, \u00edgy ezek a sz\u00e9p kar\u00e1csonyi kieg\u00e9sz\u00edt\u0151k sem maradhatnak el! Hozd el otthonodba a kar\u00e1csony hangulat\u00e1t ezzel a men\u0151 fekete, pap\u00edr kar\u00e1csonyi csillaggal. A csillag 60 cm magas, vastag pap\u00edrb\u00f3l k\u00e9sz\u00fclt, \u00e9s nagyszer\u0171en kombin\u00e1lhat\u00f3 a nagyobb kar\u00e1csonyi csillagokkal \u00e9s m\u00e1s kar\u00e1csonyi d\u00edszekkel.<\/p>\n","protected":false},"featured_media":65739,"comment_status":"open","ping_status":"closed","template":"","meta":{"_acf_changed":false,"inline_featured_image":false},"product_cat":[130,167],"product_tag":[321,171,146],"class_list":{"0":"post-65728","1":"product","2":"type-product","3":"status-publish","4":"has-post-thumbnail","6":"product_cat-dekoracio","7":"product_cat-karacsony","8":"product_tag-csillag","9":"product_tag-karacsony","10":"product_tag-lakasdekoracio","11":"pa_marka-huisje-van-sanne","13":"first","14":"instock","15":"taxable","16":"shipping-taxable","17":"purchasable","18":"product-type-simple"},"acf":[],"_links":{"self":[{"href":"https:\/\/lifee.hu\/teszt\/wp-json\/wp\/v2\/product\/65728","targetHints":{"allow":["GET"]}}],"collection":[{"href":"https:\/\/lifee.hu\/teszt\/wp-json\/wp\/v2\/product"}],"about":[{"href":"https:\/\/lifee.hu\/teszt\/wp-json\/wp\/v2\/types\/product"}],"replies":[{"embeddable":true,"href":"https:\/\/lifee.hu\/teszt\/wp-json\/wp\/v2\/comments?post=65728"}],"wp:featuredmedia":[{"embeddable":true,"href":"https:\/\/lifee.hu\/teszt\/wp-json\/wp\/v2\/media\/65739"}],"wp:attachment":[{"href":"https:\/\/lifee.hu\/teszt\/wp-json\/wp\/v2\/media?parent=65728"}],"wp:term":[{"taxonomy":"product_cat","embeddable":true,"href":"https:\/\/lifee.hu\/teszt\/wp-json\/wp\/v2\/product_cat?post=65728"},{"taxonomy":"product_tag","embeddable":true,"href":"https:\/\/lifee.hu\/teszt\/wp-json\/wp\/v2\/product_tag?post=65728"}],"curies":[{"name":"wp","href":"https:\/\/api.w.org\/{rel}","templated":true}]}}