{"id":644,"date":"2023-05-18T06:53:29","date_gmt":"2023-05-18T04:53:29","guid":{"rendered":"https:\/\/lifee.hu\/teszt\/?post_type=product&#038;p=644"},"modified":"2024-12-04T18:45:14","modified_gmt":"2024-12-04T17:45:14","slug":"boska-diy-csokoladekeszito-szett","status":"publish","type":"product","link":"https:\/\/lifee.hu\/teszt\/termek\/boska-diy-csokoladekeszito-szett\/","title":{"rendered":"BOSKA DIY csokol\u00e1d\u00e9k\u00e9sz\u00edt\u0151 szett"},"content":{"rendered":"<p style=\"font-weight: 400;\">Sz\u00edn: fekete<br \/>\nAnyag: szilikon, fa<br \/>\nGarancia: 10 \u00e9v<br \/>\nM\u00e9ret: 200 mm x 100 mm x 15 mm<br \/>\nS\u00faly: 90 gramm<\/p>\n","protected":false},"excerpt":{"rendered":"<p style=\"font-weight: 400;\">Vannak olyan konyhai \u00f6tletek, amelyek nemcsak finomabb\u00e1 teszik a k\u00fcl\u00f6nf\u00e9le fog\u00e1sokat, hanem plusz \u00e9lvezetet is visznek a fogyaszt\u00e1sukba. A desszertek \u00e9s \u00e9dess\u00e9gek ter\u00e9n ilyen egyszer\u0171, m\u00e9gis k\u00fcl\u00f6nleges fort\u00e9ly a forr\u00f3csokis kan\u00e1l, amit ha egyszer kipr\u00f3b\u00e1lsz, garant\u00e1ltan \u00fajra \u00e9s \u00fajra elk\u00e9sz\u00edtesz. A receptf\u00fczettel kieg\u00e9sz\u00edtett, nyolcdarabos BOSKA DIY szettel r\u00e1ad\u00e1sul nagyon egyszer\u0171 dolgod lesz, \u00e9s adott esetben ak\u00e1r m\u00e9g a gyerekeket is bevonhatod a folyamatba. Legyen sz\u00f3 sz\u00fclinapi zs\u00farr\u00f3l vagy egy sima, bekuck\u00f3z\u00f3s h\u00e9tk\u00f6znap est\u00e9r\u0151l, egy csokikan\u00e1llal megsp\u00e9kelt h\u00e1zi forr\u00f3csoki mindenk\u00e9pp maradand\u00f3 \u00e9lm\u00e9nyt ny\u00fajt.<\/p>\n","protected":false},"featured_media":679,"comment_status":"open","ping_status":"closed","template":"","meta":{"_acf_changed":false,"inline_featured_image":false},"product_cat":[83,132],"product_tag":[73,97],"class_list":{"0":"post-644","1":"product","2":"type-product","3":"status-publish","4":"has-post-thumbnail","6":"product_cat-csokimaniasoknak","7":"product_cat-vendegvaro","8":"product_tag-boska","9":"product_tag-csokolade","10":"pa_marka-boska","12":"first","13":"instock","14":"taxable","15":"shipping-taxable","16":"purchasable","17":"product-type-simple"},"acf":[],"_links":{"self":[{"href":"https:\/\/lifee.hu\/teszt\/wp-json\/wp\/v2\/product\/644","targetHints":{"allow":["GET"]}}],"collection":[{"href":"https:\/\/lifee.hu\/teszt\/wp-json\/wp\/v2\/product"}],"about":[{"href":"https:\/\/lifee.hu\/teszt\/wp-json\/wp\/v2\/types\/product"}],"replies":[{"embeddable":true,"href":"https:\/\/lifee.hu\/teszt\/wp-json\/wp\/v2\/comments?post=644"}],"wp:featuredmedia":[{"embeddable":true,"href":"https:\/\/lifee.hu\/teszt\/wp-json\/wp\/v2\/media\/679"}],"wp:attachment":[{"href":"https:\/\/lifee.hu\/teszt\/wp-json\/wp\/v2\/media?parent=644"}],"wp:term":[{"taxonomy":"product_cat","embeddable":true,"href":"https:\/\/lifee.hu\/teszt\/wp-json\/wp\/v2\/product_cat?post=644"},{"taxonomy":"product_tag","embeddable":true,"href":"https:\/\/lifee.hu\/teszt\/wp-json\/wp\/v2\/product_tag?post=644"}],"curies":[{"name":"wp","href":"https:\/\/api.w.org\/{rel}","templated":true}]}}