{"id":63897,"date":"2024-10-31T19:05:00","date_gmt":"2024-10-31T18:05:00","guid":{"rendered":"https:\/\/lifee.hu\/teszt\/?post_type=product&#038;p=63897"},"modified":"2025-01-15T18:42:26","modified_gmt":"2025-01-15T17:42:26","slug":"boska-copenhagen-sajtszeletelo","status":"publish","type":"product","link":"https:\/\/lifee.hu\/teszt\/termek\/boska-copenhagen-sajtszeletelo\/","title":{"rendered":"BOSKA Copenhagen sajtszeletel\u0151"},"content":{"rendered":"<p>Sz\u00edn: ez\u00fcst<br \/>\nAnyag: rozsdamentes ac\u00e9l<br \/>\nGarancia: \u00e9letre sz\u00f3l\u00f3<br \/>\nTerm\u00e9k m\u00e9rete: 197x73x5 mm<br \/>\nM\u00e9ret csomagol\u00e1sban: 285x81x8 mm<br \/>\nA term\u00e9k mosogat\u00f3g\u00e9pben moshat\u00f3.<\/p>\n","protected":false},"excerpt":{"rendered":"<p style=\"text-align: justify;\">Ak\u00e1r v\u00e9rbeli hobbiszak\u00e1cs vagy, ak\u00e1r csak id\u0151nk\u00e9nt dobsz \u00f6ssze otthon egy-k\u00e9t egyszer\u0171 fog\u00e1st, n\u00e9h\u00e1ny alapvet\u0151 eszk\u00f6z semmik\u00e9pp sem hi\u00e1nyozhat a konyh\u00e1db\u00f3l. Ezek k\u00f6z\u00e9 tartozik a BOSKA Copenhagen sajtszeletel\u0151je, amivel egy \u00e9leten \u00e1t szelheted a t\u00f6k\u00e9letes sajtszeleteket a hidegt\u00e1lakhoz, melegszendvicsekhez, cs\u0151ben s\u00fclt finoms\u00e1gokhoz vagy ak\u00e1r az esti boroz\u00e1shoz. A kiv\u00e1l\u00f3 min\u0151s\u00e9g\u0171 rozsdamentes ac\u00e9lb\u00f3l k\u00e9sz\u00fclt, massz\u00edv kialak\u00edt\u00e1s\u00fa \u00e9s teljesen k\u00e9zre es\u0151 eszk\u00f6zt csak tedd a mosogat\u00f3g\u00e9pbe a haszn\u00e1lat ut\u00e1n, hiszen nincs olyan r\u00e9sze, ami \u00e9rz\u00e9keny lenne a g\u00e9pi tiszt\u00edt\u00e1sra. Els\u0151sorban f\u00e9lkem\u00e9ny \u00e9s kem\u00e9ny sajtokhoz aj\u00e1nljuk.<\/p>\n","protected":false},"featured_media":63916,"comment_status":"open","ping_status":"closed","template":"","meta":{"_acf_changed":false,"inline_featured_image":false},"product_cat":[325,62],"product_tag":[73,182],"class_list":{"0":"post-63897","1":"product","2":"type-product","3":"status-publish","4":"has-post-thumbnail","6":"product_cat-boska","7":"product_cat-sajtimadoknak","8":"product_tag-boska","9":"product_tag-sajtszeletelo","10":"pa_marka-boska","12":"first","13":"instock","14":"taxable","15":"shipping-taxable","16":"purchasable","17":"product-type-simple"},"acf":[],"_links":{"self":[{"href":"https:\/\/lifee.hu\/teszt\/wp-json\/wp\/v2\/product\/63897","targetHints":{"allow":["GET"]}}],"collection":[{"href":"https:\/\/lifee.hu\/teszt\/wp-json\/wp\/v2\/product"}],"about":[{"href":"https:\/\/lifee.hu\/teszt\/wp-json\/wp\/v2\/types\/product"}],"replies":[{"embeddable":true,"href":"https:\/\/lifee.hu\/teszt\/wp-json\/wp\/v2\/comments?post=63897"}],"wp:featuredmedia":[{"embeddable":true,"href":"https:\/\/lifee.hu\/teszt\/wp-json\/wp\/v2\/media\/63916"}],"wp:attachment":[{"href":"https:\/\/lifee.hu\/teszt\/wp-json\/wp\/v2\/media?parent=63897"}],"wp:term":[{"taxonomy":"product_cat","embeddable":true,"href":"https:\/\/lifee.hu\/teszt\/wp-json\/wp\/v2\/product_cat?post=63897"},{"taxonomy":"product_tag","embeddable":true,"href":"https:\/\/lifee.hu\/teszt\/wp-json\/wp\/v2\/product_tag?post=63897"}],"curies":[{"name":"wp","href":"https:\/\/api.w.org\/{rel}","templated":true}]}}