{"id":634,"date":"2023-05-17T22:10:02","date_gmt":"2023-05-17T20:10:02","guid":{"rendered":"https:\/\/lifee.hu\/teszt\/?post_type=product&#038;p=634"},"modified":"2025-04-03T14:27:40","modified_gmt":"2025-04-03T12:27:40","slug":"boska-sajtreszelo-monaco","status":"publish","type":"product","link":"https:\/\/lifee.hu\/teszt\/termek\/boska-sajtreszelo-monaco\/","title":{"rendered":"BOSKA Monaco+ sajtreszel\u0151"},"content":{"rendered":"<ul style=\"list-style-type: disc;\">\n<li style=\"font-weight: 400;\">Sz\u00edn: ez\u00fcst<\/li>\n<li style=\"font-weight: 400;\">Anyag: rozsdamentes ac\u00e9l<\/li>\n<li style=\"font-weight: 400;\">Garancia: 10 \u00e9v<\/li>\n<li style=\"font-weight: 400;\">M\u00e9ret (doboz): 185 mm x 75 mm x 8 mm<\/li>\n<li style=\"font-weight: 400;\">S\u00faly: 132 gramm<\/li>\n<li style=\"font-weight: 400;\">A term\u00e9k mosogat\u00f3g\u00e9pben moshat\u00f3.<\/li>\n<\/ul>\n","protected":false},"excerpt":{"rendered":"<p style=\"font-weight: 400;\">Legyen sz\u00f3 ak\u00e1r f\u00e9lkem\u00e9ny, ak\u00e1r kem\u00e9ny sajtr\u00f3l, a BOSKA Monaco+ tapad\u00e1smentes sajtreszel\u0151j\u00e9vel pillanatok alatt t\u00f6k\u00e9letes \u00e1llag\u00fa reszelt sajttal \u00edzes\u00edtheted meg a kedvenc fog\u00e1saidat. A minden szempontb\u00f3l cs\u00facsmin\u0151s\u00e9get k\u00e9pvisel\u0151 konyhai eszk\u00f6zre j\u00f3l illik a mond\u00e1s: kicsi a bors, de er\u0151s. Lapos kialak\u00edt\u00e1s\u00fa nyele biztos fog\u00e1st garant\u00e1l, \u00e9s massz\u00edv kialak\u00edt\u00e1sa ellen\u00e9re m\u00e9gis nagyon k\u00f6nny\u0171. Akkor is bevetheted, ha kezeletlen citrusf\u00e9l\u00e9k h\u00e9j\u00e1b\u00f3l szeretn\u00e9d kinyerni az esszenci\u00e1t, de m\u00e9g a s\u00e1rgar\u00e9p\u00e1t is lereszelheted vele a kisbab\u00e1dnak. Rendeld meg t\u0151l\u00fcnk ezt az eleg\u00e1ns, praktikus BOSKA term\u00e9ket!<\/p>\n","protected":false},"featured_media":635,"comment_status":"open","ping_status":"closed","template":"","meta":{"_acf_changed":false,"inline_featured_image":false},"product_cat":[62],"product_tag":[73,75],"class_list":{"0":"post-634","1":"product","2":"type-product","3":"status-publish","4":"has-post-thumbnail","6":"product_cat-sajtimadoknak","7":"product_tag-boska","8":"product_tag-sajt","9":"pa_marka-boska","11":"first","12":"outofstock","13":"taxable","14":"shipping-taxable","15":"purchasable","16":"product-type-simple"},"acf":[],"_links":{"self":[{"href":"https:\/\/lifee.hu\/teszt\/wp-json\/wp\/v2\/product\/634","targetHints":{"allow":["GET"]}}],"collection":[{"href":"https:\/\/lifee.hu\/teszt\/wp-json\/wp\/v2\/product"}],"about":[{"href":"https:\/\/lifee.hu\/teszt\/wp-json\/wp\/v2\/types\/product"}],"replies":[{"embeddable":true,"href":"https:\/\/lifee.hu\/teszt\/wp-json\/wp\/v2\/comments?post=634"}],"wp:featuredmedia":[{"embeddable":true,"href":"https:\/\/lifee.hu\/teszt\/wp-json\/wp\/v2\/media\/635"}],"wp:attachment":[{"href":"https:\/\/lifee.hu\/teszt\/wp-json\/wp\/v2\/media?parent=634"}],"wp:term":[{"taxonomy":"product_cat","embeddable":true,"href":"https:\/\/lifee.hu\/teszt\/wp-json\/wp\/v2\/product_cat?post=634"},{"taxonomy":"product_tag","embeddable":true,"href":"https:\/\/lifee.hu\/teszt\/wp-json\/wp\/v2\/product_tag?post=634"}],"curies":[{"name":"wp","href":"https:\/\/api.w.org\/{rel}","templated":true}]}}