{"id":614,"date":"2023-05-17T18:21:02","date_gmt":"2023-05-17T16:21:02","guid":{"rendered":"https:\/\/lifee.hu\/teszt\/?post_type=product&#038;p=614"},"modified":"2025-04-03T16:53:48","modified_gmt":"2025-04-03T14:53:48","slug":"boska-sajtszeletelo-monaco","status":"publish","type":"product","link":"https:\/\/lifee.hu\/teszt\/termek\/boska-sajtszeletelo-monaco\/","title":{"rendered":"BOSKA Monaco+ sajtszeletel\u0151"},"content":{"rendered":"<p style=\"font-weight: 400;\">Sz\u00edn: ez\u00fcst<br \/>\nAnyag: rozsdamentes ac\u00e9l<br \/>\nGarancia: 10 \u00e9v<br \/>\nM\u00e9ret: 205 mm x 75 mm x 15 mm<br \/>\nS\u00faly: 116 gramm<br \/>\nA term\u00e9k mosogat\u00f3g\u00e9pben moshat\u00f3.<\/p>\n","protected":false},"excerpt":{"rendered":"<p style=\"font-weight: 400;\">A BOSKA imm\u00e1r 120 \u00e9ve sikeres piaci szerepl\u0151, \u00e9s a t\u00f6bb mint egy \u00e9vsz\u00e1zados tapasztalata sz\u00f3 szerint tapinthat\u00f3 az innovat\u00edv m\u00e1rka Monaco+ sajtszeletel\u0151j\u00e9n. A tetszet\u0151s design \u00e9s a praktikus haszn\u00e1lat ez\u00fattal is k\u00e9z a k\u00e9zben j\u00e1r, \u00edgy ez a term\u00e9k nemcsak eszt\u00e9tikus, hanem roppant hasznos is: a megfelel\u0151 \u00e9less\u00e9gnek \u00e9s a tapad\u00e1smentess\u00e9get garant\u00e1l\u00f3 steppelt fel\u00fcletnek k\u00f6sz\u00f6nhet\u0151en ezzel a k\u00e9zre es\u0151, k\u00f6nny\u0171, m\u00e9gis massz\u00edv eszk\u00f6zzel val\u00f3ban t\u00f6k\u00e9letes sajtszeleteket v\u00e1ghatsz. Szereld fel a konyh\u00e1dat olyan eszk\u00f6z\u00f6kkel, amelyek egy \u00e9letre sz\u00f3lnak, \u00e9s \u00e9rezhet\u0151en megk\u00f6nny\u00edtik a mindennapokat!<\/p>\n<p style=\"font-weight: 400;\">\n","protected":false},"featured_media":623,"comment_status":"open","ping_status":"closed","template":"","meta":{"_acf_changed":false,"inline_featured_image":false},"product_cat":[62],"product_tag":[73,75],"class_list":{"0":"post-614","1":"product","2":"type-product","3":"status-publish","4":"has-post-thumbnail","6":"product_cat-sajtimadoknak","7":"product_tag-boska","8":"product_tag-sajt","9":"pa_marka-boska","11":"first","12":"instock","13":"taxable","14":"shipping-taxable","15":"purchasable","16":"product-type-simple"},"acf":[],"_links":{"self":[{"href":"https:\/\/lifee.hu\/teszt\/wp-json\/wp\/v2\/product\/614","targetHints":{"allow":["GET"]}}],"collection":[{"href":"https:\/\/lifee.hu\/teszt\/wp-json\/wp\/v2\/product"}],"about":[{"href":"https:\/\/lifee.hu\/teszt\/wp-json\/wp\/v2\/types\/product"}],"replies":[{"embeddable":true,"href":"https:\/\/lifee.hu\/teszt\/wp-json\/wp\/v2\/comments?post=614"}],"wp:featuredmedia":[{"embeddable":true,"href":"https:\/\/lifee.hu\/teszt\/wp-json\/wp\/v2\/media\/623"}],"wp:attachment":[{"href":"https:\/\/lifee.hu\/teszt\/wp-json\/wp\/v2\/media?parent=614"}],"wp:term":[{"taxonomy":"product_cat","embeddable":true,"href":"https:\/\/lifee.hu\/teszt\/wp-json\/wp\/v2\/product_cat?post=614"},{"taxonomy":"product_tag","embeddable":true,"href":"https:\/\/lifee.hu\/teszt\/wp-json\/wp\/v2\/product_tag?post=614"}],"curies":[{"name":"wp","href":"https:\/\/api.w.org\/{rel}","templated":true}]}}