{"id":594,"date":"2023-05-17T15:36:20","date_gmt":"2023-05-17T13:36:20","guid":{"rendered":"https:\/\/lifee.hu\/teszt\/?post_type=product&#038;p=594"},"modified":"2025-02-12T13:02:50","modified_gmt":"2025-02-12T12:02:50","slug":"boska-sajtfondu-500-ml-feher","status":"publish","type":"product","link":"https:\/\/lifee.hu\/teszt\/termek\/boska-sajtfondu-500-ml-feher\/","title":{"rendered":"BOSKA sajtfond\u00fc 500 ml, feh\u00e9r"},"content":{"rendered":"<p>Sz\u00edn: feh\u00e9r<br \/>\nAnyag: ker\u00e1mia, \u00f6nt\u00f6ttvas<br \/>\nGarancia: 10 \u00e9v<br \/>\nM\u00e9ret (tart\u00f3val): 140 mm magas, 150 mm sz\u00e9les<br \/>\n\u00c1tm\u00e9r\u0151 (ed\u00e9ny): 130 mm<br \/>\nS\u00faly: 1,45 kg<br \/>\nA ker\u00e1miaed\u00e9ny mosogat\u00f3g\u00e9pbe, mikrohull\u00e1m\u00fa s\u00fct\u0151be, s\u00fct\u0151be \u00e9s h\u0171t\u0151be is tehet\u0151.<\/p>\n","protected":false},"excerpt":{"rendered":"<p style=\"font-weight: 400;\">Szereted a s\u00fclt Camembert sajtot? A BOSKA sajtfond\u00fcvel gyerekj\u00e1t\u00e9k elk\u00e9sz\u00edteni ezt az \u00edzletes fog\u00e1st, hiszen a hagyom\u00e1nyos m\u00e9ret\u0171 Camembert pont belef\u00e9r ebbe a kicsi s\u00fct\u0151ed\u00e9nybe. De egy\u00e9b finoms\u00e1gokat is k\u00e9sz\u00edthetsz a BOSKA eleg\u00e1ns ker\u00e1miaed\u00e9ny\u00e9ben: haszn\u00e1lhatod b\u00e1rmilyen sajtfond\u00fch\u00f6z, s\u00fct\u00e9shez \u00e9s p\u00e1rol\u00e1shoz, tov\u00e1bb\u00e1 t\u00e1lalhatsz benne m\u00e1rtogat\u00f3st, el\u0151\u00e9telt vagy nassolnival\u00f3t.<\/p>\n<p style=\"font-weight: 400;\">Az \u00f6nt\u00f6ttvas tart\u00f3ra helyezhet\u0151 m\u00e9cses melegen, a fed\u0151 pedig tiszt\u00e1n tartja az \u00e9telt, ha nem fogyasztod el r\u00f6gt\u00f6n azut\u00e1n, hogy kivetted a s\u00fct\u0151b\u0151l. V\u00e1laszd magadnak a mindennapokra, vagy aj\u00e1nd\u00e9kozd meg vele egy szerettedet!<\/p>\n","protected":false},"featured_media":595,"comment_status":"open","ping_status":"closed","template":"","meta":{"_acf_changed":false,"inline_featured_image":false},"product_cat":[31,62],"product_tag":[73,75],"class_list":{"0":"post-594","1":"product","2":"type-product","3":"status-publish","4":"has-post-thumbnail","6":"product_cat-fondu","7":"product_cat-sajtimadoknak","8":"product_tag-boska","9":"product_tag-sajt","10":"pa_marka-boska","12":"first","13":"instock","14":"taxable","15":"shipping-taxable","16":"purchasable","17":"product-type-simple"},"acf":[],"_links":{"self":[{"href":"https:\/\/lifee.hu\/teszt\/wp-json\/wp\/v2\/product\/594","targetHints":{"allow":["GET"]}}],"collection":[{"href":"https:\/\/lifee.hu\/teszt\/wp-json\/wp\/v2\/product"}],"about":[{"href":"https:\/\/lifee.hu\/teszt\/wp-json\/wp\/v2\/types\/product"}],"replies":[{"embeddable":true,"href":"https:\/\/lifee.hu\/teszt\/wp-json\/wp\/v2\/comments?post=594"}],"wp:featuredmedia":[{"embeddable":true,"href":"https:\/\/lifee.hu\/teszt\/wp-json\/wp\/v2\/media\/595"}],"wp:attachment":[{"href":"https:\/\/lifee.hu\/teszt\/wp-json\/wp\/v2\/media?parent=594"}],"wp:term":[{"taxonomy":"product_cat","embeddable":true,"href":"https:\/\/lifee.hu\/teszt\/wp-json\/wp\/v2\/product_cat?post=594"},{"taxonomy":"product_tag","embeddable":true,"href":"https:\/\/lifee.hu\/teszt\/wp-json\/wp\/v2\/product_tag?post=594"}],"curies":[{"name":"wp","href":"https:\/\/api.w.org\/{rel}","templated":true}]}}