{"id":584,"date":"2023-05-17T15:16:45","date_gmt":"2023-05-17T13:16:45","guid":{"rendered":"https:\/\/lifee.hu\/teszt\/?post_type=product&#038;p=584"},"modified":"2025-01-12T07:34:26","modified_gmt":"2025-01-12T06:34:26","slug":"boska-sajtreszelo-copenhagen","status":"publish","type":"product","link":"https:\/\/lifee.hu\/teszt\/termek\/boska-sajtreszelo-copenhagen\/","title":{"rendered":"BOSKA Copenhagen sajtreszel\u0151"},"content":{"rendered":"<p style=\"font-weight: 400;\">Sz\u00edn: ez\u00fcst<br \/>\nAnyag: rozsdamentes ac\u00e9l<br \/>\nGarancia: 10 \u00e9v<br \/>\nM\u00e9ret: 180 mm x 75 mm x 15 mm<br \/>\nS\u00faly: 50 gramm<br \/>\nA term\u00e9k mosogat\u00f3g\u00e9pben moshat\u00f3.<\/p>\n","protected":false},"excerpt":{"rendered":"<p style=\"font-weight: 400;\">A sajtim\u00e1d\u00f3k sz\u00e1m\u00e1ra nem is k\u00e9rd\u00e9s, hogy a sajtot frissen reszelve \u00e9rdemes enni, lehet\u0151s\u00e9g szerint ker\u00fclve a boltban kaphat\u00f3 el\u0151re csomagolt term\u00e9keket, hiszen ut\u00f3bbiak eset\u00e9ben kem\u00e9ny\u00edt\u0151t haszn\u00e1lnak a sz\u00e1lak \u00f6sszetapad\u00e1s\u00e1t megel\u0151zend\u0151, ami befoly\u00e1solhatja az \u00e9tel \u00edz\u00e9t \u00e9s \u00e1llag\u00e1t. R\u00e1ad\u00e1sul a sajtreszel\u00e9s nem \u00e9ppen meger\u0151ltet\u0151 m\u0171velet, kiv\u00e1ltk\u00e9pp, ha szuper eszk\u00f6zzel v\u00e9gzed, p\u00e9ld\u00e1ul a BOSKA Copenhagen modellj\u00e9vel. Rendeld meg, haszn\u00e1ld kedvedre \u00e9s megl\u00e1tod: a min\u0151s\u00e9gi anyaghaszn\u00e1lat \u00e9s a perc\u00edz kialak\u00edt\u00e1s gondoskodik r\u00f3la, hogy \u00e9letre sz\u00f3l\u00f3an ott legyen ez a praktikus eszk\u00f6z a konyh\u00e1dban!<\/p>\n","protected":false},"featured_media":587,"comment_status":"open","ping_status":"closed","template":"","meta":{"_acf_changed":false,"inline_featured_image":false},"product_cat":[62],"product_tag":[73,75],"class_list":{"0":"post-584","1":"product","2":"type-product","3":"status-publish","4":"has-post-thumbnail","6":"product_cat-sajtimadoknak","7":"product_tag-boska","8":"product_tag-sajt","9":"pa_marka-boska","11":"first","12":"instock","13":"taxable","14":"shipping-taxable","15":"purchasable","16":"product-type-simple"},"acf":[],"_links":{"self":[{"href":"https:\/\/lifee.hu\/teszt\/wp-json\/wp\/v2\/product\/584","targetHints":{"allow":["GET"]}}],"collection":[{"href":"https:\/\/lifee.hu\/teszt\/wp-json\/wp\/v2\/product"}],"about":[{"href":"https:\/\/lifee.hu\/teszt\/wp-json\/wp\/v2\/types\/product"}],"replies":[{"embeddable":true,"href":"https:\/\/lifee.hu\/teszt\/wp-json\/wp\/v2\/comments?post=584"}],"wp:featuredmedia":[{"embeddable":true,"href":"https:\/\/lifee.hu\/teszt\/wp-json\/wp\/v2\/media\/587"}],"wp:attachment":[{"href":"https:\/\/lifee.hu\/teszt\/wp-json\/wp\/v2\/media?parent=584"}],"wp:term":[{"taxonomy":"product_cat","embeddable":true,"href":"https:\/\/lifee.hu\/teszt\/wp-json\/wp\/v2\/product_cat?post=584"},{"taxonomy":"product_tag","embeddable":true,"href":"https:\/\/lifee.hu\/teszt\/wp-json\/wp\/v2\/product_tag?post=584"}],"curies":[{"name":"wp","href":"https:\/\/api.w.org\/{rel}","templated":true}]}}