{"id":576,"date":"2023-05-17T13:13:12","date_gmt":"2023-05-17T11:13:12","guid":{"rendered":"https:\/\/lifee.hu\/teszt\/?post_type=product&#038;p=576"},"modified":"2025-01-23T19:02:33","modified_gmt":"2025-01-23T18:02:33","slug":"boska-pizzavago-copenhagen","status":"publish","type":"product","link":"https:\/\/lifee.hu\/teszt\/termek\/boska-pizzavago-copenhagen\/","title":{"rendered":"BOSKA Copenhagen pizzav\u00e1g\u00f3"},"content":{"rendered":"<ul style=\"list-style-type: disc;\">\n<li style=\"font-weight: 400;\">Sz\u00edn: ez\u00fcst<\/li>\n<li style=\"font-weight: 400;\">Anyag: rozsdamentes ac\u00e9l<\/li>\n<li style=\"font-weight: 400;\">Garancia: 10 \u00e9v<\/li>\n<li style=\"font-weight: 400;\">M\u00e9ret (doboz): 195 mm x 65 mm x 15 mm<\/li>\n<li style=\"font-weight: 400;\">S\u00faly: 72 gramm<\/li>\n<li style=\"font-weight: 400;\">A term\u00e9k mosogat\u00f3g\u00e9pben moshat\u00f3.<\/li>\n<\/ul>\n","protected":false},"excerpt":{"rendered":"<p style=\"font-weight: 400;\">B\u00e1r a pizz\u00e1t k\u00e9ssel is felv\u00e1ghatod, a legmegfelel\u0151bb eszk\u00f6z erre a c\u00e9lra egy j\u00f3 min\u0151s\u00e9g\u0171 pizzav\u00e1g\u00f3, ami t\u00f6bb okb\u00f3l sem hi\u00e1nyozhat a konyhaszekr\u00e9nyed fi\u00f3kj\u00e1b\u00f3l: egyr\u00e9szt gy\u00f6ny\u00f6r\u0171 szeleteket nyisszanthatsz vele, m\u00e1sr\u00e9szt nyugodtan odaadhatod a gyerk\u0151c\u00f6k kez\u00e9be is (persze fel\u00fcgyelet mellett), akik bizony\u00e1ra \u00f6r\u00f6mmel veszik, hogy \u0151k szeletelhetik fel az egyik kedvenc \u00e9tel\u00fcket. A BOSKA Copenhagen pizzav\u00e1g\u00f3ja k\u00f6nny\u0171, m\u00e9gis nagyon er\u0151s, \u00e9s a professzion\u00e1lis kialak\u00edt\u00e1snak, valamint a min\u0151s\u00e9gi alapanyagnak k\u00f6sz\u00f6nhet\u0151en nem z\u00f6r\u00f6g haszn\u00e1lat k\u00f6zben. Rendeld meg p\u00e1r egyszer\u0171 l\u00e9p\u00e9sben a webshopunkb\u00f3l!<\/p>\n","protected":false},"featured_media":580,"comment_status":"open","ping_status":"closed","template":"","meta":{"_acf_changed":false,"inline_featured_image":false},"product_cat":[79],"product_tag":[73,77],"class_list":{"0":"post-576","1":"product","2":"type-product","3":"status-publish","4":"has-post-thumbnail","6":"product_cat-pizzaimadoknak","7":"product_tag-boska","8":"product_tag-pizza","9":"pa_marka-boska","11":"first","12":"instock","13":"taxable","14":"shipping-taxable","15":"purchasable","16":"product-type-simple"},"acf":[],"_links":{"self":[{"href":"https:\/\/lifee.hu\/teszt\/wp-json\/wp\/v2\/product\/576","targetHints":{"allow":["GET"]}}],"collection":[{"href":"https:\/\/lifee.hu\/teszt\/wp-json\/wp\/v2\/product"}],"about":[{"href":"https:\/\/lifee.hu\/teszt\/wp-json\/wp\/v2\/types\/product"}],"replies":[{"embeddable":true,"href":"https:\/\/lifee.hu\/teszt\/wp-json\/wp\/v2\/comments?post=576"}],"wp:featuredmedia":[{"embeddable":true,"href":"https:\/\/lifee.hu\/teszt\/wp-json\/wp\/v2\/media\/580"}],"wp:attachment":[{"href":"https:\/\/lifee.hu\/teszt\/wp-json\/wp\/v2\/media?parent=576"}],"wp:term":[{"taxonomy":"product_cat","embeddable":true,"href":"https:\/\/lifee.hu\/teszt\/wp-json\/wp\/v2\/product_cat?post=576"},{"taxonomy":"product_tag","embeddable":true,"href":"https:\/\/lifee.hu\/teszt\/wp-json\/wp\/v2\/product_tag?post=576"}],"curies":[{"name":"wp","href":"https:\/\/api.w.org\/{rel}","templated":true}]}}