{"id":57117,"date":"2024-10-23T00:18:47","date_gmt":"2024-10-22T22:18:47","guid":{"rendered":"https:\/\/lifee.hu\/teszt\/?post_type=product&#038;p=57117"},"modified":"2025-02-07T10:02:53","modified_gmt":"2025-02-07T09:02:53","slug":"boska-bianco-fondukeszlet-13-l","status":"publish","type":"product","link":"https:\/\/lifee.hu\/teszt\/termek\/boska-bianco-fondukeszlet-13-l\/","title":{"rendered":"BOSKA Bianco fond\u00fck\u00e9szlet \u2013 1,3 l"},"content":{"rendered":"<p>Anyag: ker\u00e1mia, fa, rozsdamentes ac\u00e9l<br \/>\nSz\u00edn: barna, ez\u00fcst, feh\u00e9r<br \/>\nGarancia: \u00e9letre sz\u00f3l\u00f3<br \/>\nTerm\u00e9k m\u00e9rete: 290x200x170 mm<br \/>\nM\u00e9ret csomagol\u00e1sban: 310x200x190 mm<br \/>\nA ker\u00e1miat\u00e1l mosogat\u00f3g\u00e9pben moshat\u00f3, a vill\u00e1k kiz\u00e1r\u00f3lag k\u00e9zzel tiszt\u00edthat\u00f3k.<\/p>\n","protected":false},"excerpt":{"rendered":"<p style=\"text-align: justify;\">A st\u00edlusos megjelen\u00e9s\u0171 \u00e9s praktikus kialak\u00edt\u00e1s\u00fa Bianco fond\u00fck\u00e9szlettel b\u00e1rmikor meglepheted a kedvesedet, bar\u00e1taidat egy mennyei fog\u00e1ssal. A fond\u00fc ide\u00e1lis v\u00e1laszt\u00e1s a legt\u00f6bb h\u00e9tk\u00f6znapi helyzetben, legyen az \u00f6sszeb\u00faj\u00f3s filmn\u00e9z\u00e9s vagy vid\u00e1m t\u00e1rsasoz\u00e1s, hiszen b\u00e1r egyszer\u0171 elk\u00e9sz\u00edteni, m\u00e9gis mindenki megnyalja ut\u00e1na mind a t\u00edz ujj\u00e1t. A Bianco szett mindent tartalmaz \u2013 a sajton k\u00edv\u00fcl, term\u00e9szetesen \u2013, amire sz\u00fcks\u00e9g van: egy ker\u00e1miamassz\u00edv t\u00e1lat a hozz\u00e1 tartoz\u00f3 melegentart\u00f3 aljjal, tov\u00e1bb\u00e1 n\u00e9gy fond\u00fcvill\u00e1t. Szerezd be otthonra, vagy v\u00e1laszd aj\u00e1nd\u00e9knak egy k\u00fcl\u00f6nleges alkalomra!<\/p>\n","protected":false},"featured_media":57137,"comment_status":"open","ping_status":"closed","template":"","meta":{"_acf_changed":false,"inline_featured_image":false},"product_cat":[31],"product_tag":[73,180,75],"class_list":{"0":"post-57117","1":"product","2":"type-product","3":"status-publish","4":"has-post-thumbnail","6":"product_cat-fondu","7":"product_tag-boska","8":"product_tag-fondu","9":"product_tag-sajt","10":"pa_marka-boska","12":"first","13":"instock","14":"taxable","15":"shipping-taxable","16":"purchasable","17":"product-type-simple"},"acf":[],"_links":{"self":[{"href":"https:\/\/lifee.hu\/teszt\/wp-json\/wp\/v2\/product\/57117","targetHints":{"allow":["GET"]}}],"collection":[{"href":"https:\/\/lifee.hu\/teszt\/wp-json\/wp\/v2\/product"}],"about":[{"href":"https:\/\/lifee.hu\/teszt\/wp-json\/wp\/v2\/types\/product"}],"replies":[{"embeddable":true,"href":"https:\/\/lifee.hu\/teszt\/wp-json\/wp\/v2\/comments?post=57117"}],"wp:featuredmedia":[{"embeddable":true,"href":"https:\/\/lifee.hu\/teszt\/wp-json\/wp\/v2\/media\/57137"}],"wp:attachment":[{"href":"https:\/\/lifee.hu\/teszt\/wp-json\/wp\/v2\/media?parent=57117"}],"wp:term":[{"taxonomy":"product_cat","embeddable":true,"href":"https:\/\/lifee.hu\/teszt\/wp-json\/wp\/v2\/product_cat?post=57117"},{"taxonomy":"product_tag","embeddable":true,"href":"https:\/\/lifee.hu\/teszt\/wp-json\/wp\/v2\/product_tag?post=57117"}],"curies":[{"name":"wp","href":"https:\/\/api.w.org\/{rel}","templated":true}]}}