{"id":57045,"date":"2024-10-22T23:46:43","date_gmt":"2024-10-22T21:46:43","guid":{"rendered":"https:\/\/lifee.hu\/teszt\/?post_type=product&#038;p=57045"},"modified":"2025-02-07T10:02:53","modified_gmt":"2025-02-07T09:02:53","slug":"boska-friends-talalodeszka-m-33-cm","status":"publish","type":"product","link":"https:\/\/lifee.hu\/teszt\/termek\/boska-friends-talalodeszka-m-33-cm\/","title":{"rendered":"BOSKA Friends t\u00e1lal\u00f3deszka, M \u2013 33 cm"},"content":{"rendered":"<p>Anyag: t\u00f6lgyfa<br \/>\nSz\u00edn: barna<br \/>\nGarancia: 10 \u00e9v<br \/>\nTerm\u00e9k m\u00e9rete: 329x233x23 mm<br \/>\nM\u00e9ret csomagol\u00e1sban: 327x233x25 mm<br \/>\nA t\u00e1lal\u00f3deszka kiz\u00e1r\u00f3lag k\u00e9zzel moshat\u00f3.<\/p>\n<p>&nbsp;<\/p>\n","protected":false},"excerpt":{"rendered":"<p style=\"text-align: justify;\">Legyen sz\u00f3 csal\u00e1di \u00f6sszej\u00f6vetelr\u0151l, bar\u00e1ti k\u00f6rrel tartott bulir\u00f3l, romantikus otthoni vacsor\u00e1r\u00f3l vagy ak\u00e1r csak egy h\u00e9tk\u00f6znapi reggelir\u0151l, a sz\u00e9p t\u00e1lal\u00e1s nagyon fontos r\u00e9sze az \u00e9tkez\u00e9snek. Sz\u00f3 sincs arr\u00f3l, hogy t\u00fal kellene bonyol\u00edtani a dolgot, pont ellenkez\u0151leg: mind\u00f6ssze n\u00e9h\u00e1ny egyszer\u0171, \u00e1m ig\u00e9nyes \u00e9s min\u0151s\u00e9gi eszk\u00f6zzel egyszer\u0171en l\u00e9phetsz szintet a mindennapokban. A BOSKA min\u0151s\u00e9gi t\u00f6lgyf\u00e1b\u00f3l k\u00e9sz\u00fclt Friends t\u00e1lal\u00f3deszk\u00e1ja ezen eszk\u00f6z\u00f6k k\u00f6z\u00e9 tartozik. Csod\u00e1san mutatnak rajta a finom sajtok, a v\u00e1ltozatos tapasok, a mennyei h\u00fasok, \u00edzletes gy\u00fcm\u00f6lcs\u00f6k \u00e9s m\u00e9g sorolhatn\u00e1nk. T\u00f6bb m\u00e9retben is megtal\u00e1lod a webshopunkban, v\u00e1laszd az ig\u00e9nyeidnek megfelel\u0151 darabokat!<\/p>\n","protected":false},"featured_media":57065,"comment_status":"open","ping_status":"closed","template":"","meta":{"_acf_changed":false,"inline_featured_image":false},"product_cat":[39],"product_tag":[73,317,319],"class_list":{"0":"post-57045","1":"product","2":"type-product","3":"status-publish","4":"has-post-thumbnail","6":"product_cat-talalas","7":"product_tag-boska","8":"product_tag-friends","9":"product_tag-talalodeszka","10":"pa_marka-boska","12":"first","13":"instock","14":"taxable","15":"shipping-taxable","16":"purchasable","17":"product-type-simple"},"acf":[],"_links":{"self":[{"href":"https:\/\/lifee.hu\/teszt\/wp-json\/wp\/v2\/product\/57045","targetHints":{"allow":["GET"]}}],"collection":[{"href":"https:\/\/lifee.hu\/teszt\/wp-json\/wp\/v2\/product"}],"about":[{"href":"https:\/\/lifee.hu\/teszt\/wp-json\/wp\/v2\/types\/product"}],"replies":[{"embeddable":true,"href":"https:\/\/lifee.hu\/teszt\/wp-json\/wp\/v2\/comments?post=57045"}],"wp:featuredmedia":[{"embeddable":true,"href":"https:\/\/lifee.hu\/teszt\/wp-json\/wp\/v2\/media\/57065"}],"wp:attachment":[{"href":"https:\/\/lifee.hu\/teszt\/wp-json\/wp\/v2\/media?parent=57045"}],"wp:term":[{"taxonomy":"product_cat","embeddable":true,"href":"https:\/\/lifee.hu\/teszt\/wp-json\/wp\/v2\/product_cat?post=57045"},{"taxonomy":"product_tag","embeddable":true,"href":"https:\/\/lifee.hu\/teszt\/wp-json\/wp\/v2\/product_tag?post=57045"}],"curies":[{"name":"wp","href":"https:\/\/api.w.org\/{rel}","templated":true}]}}