{"id":57004,"date":"2024-10-22T23:17:43","date_gmt":"2024-10-22T21:17:43","guid":{"rendered":"https:\/\/lifee.hu\/teszt\/?post_type=product&#038;p=57004"},"modified":"2025-02-07T10:02:53","modified_gmt":"2025-02-07T09:02:53","slug":"boska-friends-talalodeszka-l-39-cm","status":"publish","type":"product","link":"https:\/\/lifee.hu\/teszt\/termek\/boska-friends-talalodeszka-l-39-cm\/","title":{"rendered":"BOSKA Friends t\u00e1lal\u00f3deszka, L \u2013 39 cm"},"content":{"rendered":"<p>Anyag: t\u00f6lgyfa<br \/>\nSz\u00edn: barna<br \/>\nGarancia: 10 \u00e9v<br \/>\nTerm\u00e9k m\u00e9rete: 388x281x23 mm<br \/>\nM\u00e9ret csomagol\u00e1sban: 385x282x23 mm<br \/>\nA t\u00e1lal\u00f3deszka kiz\u00e1r\u00f3lag k\u00e9zzel moshat\u00f3.<\/p>\n","protected":false},"excerpt":{"rendered":"<p style=\"text-align: justify;\">A BOSKA Friends t\u00e1lal\u00f3deszk\u00e1j\u00e1n olyan \u00ednycsikland\u00f3an mutatnak az \u00e9telek, hogy \u00f6r\u00f6m r\u00f3la falatozni! A min\u0151s\u00e9gi t\u00f6lgyb\u0151l k\u00e9sz\u00fclt massz\u00edv, rusztikus, term\u00e9szetess\u00e9get sug\u00e1rz\u00f3, m\u00e9gis eleg\u00e1ns deszka kiv\u00e1l\u00f3 v\u00e1laszt\u00e1s az otthoni \u00fcnnepi alkalmakra, s\u0151t a magas sz\u00ednvonalat k\u00e9pvisel\u0151 bisztr\u00f3kban \u00e9s \u00e9ttermekben is meg\u00e1llja a hely\u00e9t. Szinte b\u00e1rmi szerv\u00edrozhat\u00f3 rajta \u2013 p\u00e9ld\u00e1ul sajtok, tapasok, h\u00fasok, s\u00fclt z\u00f6lds\u00e9gek vagy ak\u00e1r hamburgerek is \u2013, nem kell tartani a maszatol\u00e1st\u00f3l, mert minden levet \u00e9s morzs\u00e1t felfog a deszka sz\u00e9l\u00e9n k\u00f6rbefut\u00f3 praktikus m\u00e9lyed\u00e9s. A BOSKA term\u00e9ke kimondottan hossz\u00fa \u00e9lettartam\u00fa, de ha BOSKA deszkaolajat is haszn\u00e1lsz az \u00e1pol\u00e1s\u00e1hoz, akkor m\u00e9g tov\u00e1bb lesz gy\u00f6ny\u00f6r\u0171.<\/p>\n","protected":false},"featured_media":57021,"comment_status":"open","ping_status":"closed","template":"","meta":{"_acf_changed":false,"inline_featured_image":false},"product_cat":[39],"product_tag":[73,317,319],"class_list":{"0":"post-57004","1":"product","2":"type-product","3":"status-publish","4":"has-post-thumbnail","6":"product_cat-talalas","7":"product_tag-boska","8":"product_tag-friends","9":"product_tag-talalodeszka","10":"pa_marka-boska","12":"first","13":"instock","14":"taxable","15":"shipping-taxable","16":"purchasable","17":"product-type-simple"},"acf":[],"_links":{"self":[{"href":"https:\/\/lifee.hu\/teszt\/wp-json\/wp\/v2\/product\/57004","targetHints":{"allow":["GET"]}}],"collection":[{"href":"https:\/\/lifee.hu\/teszt\/wp-json\/wp\/v2\/product"}],"about":[{"href":"https:\/\/lifee.hu\/teszt\/wp-json\/wp\/v2\/types\/product"}],"replies":[{"embeddable":true,"href":"https:\/\/lifee.hu\/teszt\/wp-json\/wp\/v2\/comments?post=57004"}],"wp:featuredmedia":[{"embeddable":true,"href":"https:\/\/lifee.hu\/teszt\/wp-json\/wp\/v2\/media\/57021"}],"wp:attachment":[{"href":"https:\/\/lifee.hu\/teszt\/wp-json\/wp\/v2\/media?parent=57004"}],"wp:term":[{"taxonomy":"product_cat","embeddable":true,"href":"https:\/\/lifee.hu\/teszt\/wp-json\/wp\/v2\/product_cat?post=57004"},{"taxonomy":"product_tag","embeddable":true,"href":"https:\/\/lifee.hu\/teszt\/wp-json\/wp\/v2\/product_tag?post=57004"}],"curies":[{"name":"wp","href":"https:\/\/api.w.org\/{rel}","templated":true}]}}