{"id":56896,"date":"2024-10-22T22:32:09","date_gmt":"2024-10-22T20:32:09","guid":{"rendered":"https:\/\/lifee.hu\/teszt\/?post_type=product&#038;p=56896"},"modified":"2025-01-07T12:15:52","modified_gmt":"2025-01-07T11:15:52","slug":"boska-monaco-no-9-sajtkes-kemeny-sajthoz","status":"publish","type":"product","link":"https:\/\/lifee.hu\/teszt\/termek\/boska-monaco-no-9-sajtkes-kemeny-sajthoz\/","title":{"rendered":"BOSKA Monaco+ No.9 sajtk\u00e9s kem\u00e9ny sajthoz"},"content":{"rendered":"<p>Anyag: rozsdamentes ac\u00e9l<br \/>\nSz\u00edn: ez\u00fcst<br \/>\nGarancia: \u00e9letre sz\u00f3l\u00f3<br \/>\nTerm\u00e9k m\u00e9rete: 201x29x8 mm<br \/>\nM\u00e9ret csomagol\u00e1sban: 286x79x10 mm<br \/>\nA sajtk\u00e9s mosogat\u00f3g\u00e9pben moshat\u00f3.<\/p>\n","protected":false},"excerpt":{"rendered":"<p style=\"text-align: justify;\">A Red Dot diz\u00e1jnd\u00edjas Monaco+ sajtk\u00e9ssorozat kilences sz\u00e1m\u00fa darabja az egyik legjobb v\u00e1laszt\u00e1s a kem\u00e9ny sajtok darabol\u00e1s\u00e1hoz. Az eszk\u00f6z remek\u00fcl k\u00e9zre esik, az \u00e9le pedig elv\u00e9konyodik a hegye ir\u00e1ny\u00e1ban, \u00edgy sokkal stabilabban tarthat\u00f3, \u00e9s nagyobb er\u0151 fejthet\u0151 ki vele. Mindennek k\u00f6sz\u00f6nhet\u0151en a kiv\u00e1l\u00f3 min\u0151s\u00e9g\u0171 rozsdamentes ac\u00e9lb\u00f3l k\u00e9sz\u00fclt k\u00e9s k\u00f6nnyed\u00e9n megk\u00fczd a kem\u00e9ny sajtk\u00fcl\u00f6nlegess\u00e9gekkel, t\u0171hegyes v\u00e9g\u00e9vel pedig higi\u00e9nikusan t\u00e1lalhat\u00f3k a mennyei falatok. Ha im\u00e1dod t\u00f6bbek k\u00f6z\u00f6tt a parmez\u00e1nt, a cheddart \u00e9s a Gruy\u00e8re-t, akkor a BOSKA k\u00fcl\u00f6nleges sajtk\u00e9s\u00e9t is nagyon fogod szeretni. Rendeld meg n\u00e9h\u00e1ny egyszer\u0171 l\u00e9p\u00e9sben!<\/p>\n","protected":false},"featured_media":56917,"comment_status":"open","ping_status":"closed","template":"","meta":{"_acf_changed":false,"inline_featured_image":false},"product_cat":[33],"product_tag":[73,184,75,311],"class_list":{"0":"post-56896","1":"product","2":"type-product","3":"status-publish","4":"has-post-thumbnail","6":"product_cat-sajtkes","7":"product_tag-boska","8":"product_tag-monaco","9":"product_tag-sajt","10":"product_tag-sajtkes","11":"pa_marka-boska","13":"first","14":"instock","15":"taxable","16":"shipping-taxable","17":"purchasable","18":"product-type-simple"},"acf":[],"_links":{"self":[{"href":"https:\/\/lifee.hu\/teszt\/wp-json\/wp\/v2\/product\/56896","targetHints":{"allow":["GET"]}}],"collection":[{"href":"https:\/\/lifee.hu\/teszt\/wp-json\/wp\/v2\/product"}],"about":[{"href":"https:\/\/lifee.hu\/teszt\/wp-json\/wp\/v2\/types\/product"}],"replies":[{"embeddable":true,"href":"https:\/\/lifee.hu\/teszt\/wp-json\/wp\/v2\/comments?post=56896"}],"wp:featuredmedia":[{"embeddable":true,"href":"https:\/\/lifee.hu\/teszt\/wp-json\/wp\/v2\/media\/56917"}],"wp:attachment":[{"href":"https:\/\/lifee.hu\/teszt\/wp-json\/wp\/v2\/media?parent=56896"}],"wp:term":[{"taxonomy":"product_cat","embeddable":true,"href":"https:\/\/lifee.hu\/teszt\/wp-json\/wp\/v2\/product_cat?post=56896"},{"taxonomy":"product_tag","embeddable":true,"href":"https:\/\/lifee.hu\/teszt\/wp-json\/wp\/v2\/product_tag?post=56896"}],"curies":[{"name":"wp","href":"https:\/\/api.w.org\/{rel}","templated":true}]}}