{"id":56815,"date":"2024-10-22T21:41:24","date_gmt":"2024-10-22T19:41:24","guid":{"rendered":"https:\/\/lifee.hu\/teszt\/?post_type=product&#038;p=56815"},"modified":"2025-01-13T11:12:07","modified_gmt":"2025-01-13T10:12:07","slug":"boska-monaco-no-4-sajtkes-lagy-es-felkemeny-sajthoz","status":"publish","type":"product","link":"https:\/\/lifee.hu\/teszt\/termek\/boska-monaco-no-4-sajtkes-lagy-es-felkemeny-sajthoz\/","title":{"rendered":"Boska Monaco+ No.4 sajtk\u00e9s l\u00e1gy \u00e9s f\u00e9lkem\u00e9ny sajthoz"},"content":{"rendered":"<p>Anyag: rozsdamentes ac\u00e9l<br \/>\nSz\u00edn: ez\u00fcst<br \/>\nGarancia: \u00e9letre sz\u00f3l\u00f3<br \/>\nTerm\u00e9k m\u00e9rete: 227x30x8 mm<br \/>\nM\u00e9ret csomagol\u00e1sban: 286x82x3 mm<br \/>\nA sajtk\u00e9s mosogat\u00f3g\u00e9pben moshat\u00f3.<\/p>\n","protected":false},"excerpt":{"rendered":"<p style=\"text-align: justify;\">A Red Dot diz\u00e1jnd\u00edjas Monaco+ term\u00e9kcsal\u00e1dhoz tartoz\u00f3 n\u00e9gyes sz\u00e1m\u00fa sajtk\u00e9st kimondottan a l\u00e1gy \u00e9s f\u00e9lkem\u00e9ny sajtokhoz aj\u00e1nljuk. A k\u00e9slapon kialak\u00edtott lyukaknak, a tapad\u00e1smentes fel\u00fcletnek \u00e9s a t\u00f6k\u00e9letes, dupla \u00e9lnek k\u00f6sz\u00f6nhet\u0151en a k\u00e9s ellen\u00e1ll\u00e1s n\u00e9lk\u00fcl szeli a sajtot, \u00edgy a v\u00e9geredm\u00e9ny olyannyira eszt\u00e9tikus lesz, hogy az \u00edzletes falatok a legszebben ter\u00edtett \u00fcnnepi asztalra is nyugodtan felker\u00fclhetnek. R\u00e1ad\u00e1sul ezzel a praktikus k\u00e9ssel nemcsak v\u00e1gni lehet, hanem a higi\u00e9nikus t\u00e1lal\u00e1shoz is bevethet\u0151 a duplahegyes v\u00e9gb\u0151l ad\u00f3d\u00f3an. Szerezd be, \u00e9s haszn\u00e1ld minden nap \u2013 hidd el, egy \u00e9letre t\u00e1rsad lesz a sajtfogyaszt\u00e1sban!<\/p>\n","protected":false},"featured_media":56832,"comment_status":"open","ping_status":"closed","template":"","meta":{"_acf_changed":false,"inline_featured_image":false},"product_cat":[33],"product_tag":[73,184,75,311],"class_list":{"0":"post-56815","1":"product","2":"type-product","3":"status-publish","4":"has-post-thumbnail","6":"product_cat-sajtkes","7":"product_tag-boska","8":"product_tag-monaco","9":"product_tag-sajt","10":"product_tag-sajtkes","11":"pa_marka-boska","13":"first","14":"instock","15":"taxable","16":"shipping-taxable","17":"purchasable","18":"product-type-simple"},"acf":[],"_links":{"self":[{"href":"https:\/\/lifee.hu\/teszt\/wp-json\/wp\/v2\/product\/56815","targetHints":{"allow":["GET"]}}],"collection":[{"href":"https:\/\/lifee.hu\/teszt\/wp-json\/wp\/v2\/product"}],"about":[{"href":"https:\/\/lifee.hu\/teszt\/wp-json\/wp\/v2\/types\/product"}],"replies":[{"embeddable":true,"href":"https:\/\/lifee.hu\/teszt\/wp-json\/wp\/v2\/comments?post=56815"}],"wp:featuredmedia":[{"embeddable":true,"href":"https:\/\/lifee.hu\/teszt\/wp-json\/wp\/v2\/media\/56832"}],"wp:attachment":[{"href":"https:\/\/lifee.hu\/teszt\/wp-json\/wp\/v2\/media?parent=56815"}],"wp:term":[{"taxonomy":"product_cat","embeddable":true,"href":"https:\/\/lifee.hu\/teszt\/wp-json\/wp\/v2\/product_cat?post=56815"},{"taxonomy":"product_tag","embeddable":true,"href":"https:\/\/lifee.hu\/teszt\/wp-json\/wp\/v2\/product_tag?post=56815"}],"curies":[{"name":"wp","href":"https:\/\/api.w.org\/{rel}","templated":true}]}}