{"id":565,"date":"2023-05-17T12:35:30","date_gmt":"2023-05-17T10:35:30","guid":{"rendered":"https:\/\/lifee.hu\/teszt\/?post_type=product&#038;p=565"},"modified":"2024-11-27T10:56:03","modified_gmt":"2024-11-27T09:56:03","slug":"boska-pizzaszervirozo-copenhagen","status":"publish","type":"product","link":"https:\/\/lifee.hu\/teszt\/termek\/boska-pizzaszervirozo-copenhagen\/","title":{"rendered":"BOSKA Copenhagen pizzaszerv\u00edroz\u00f3"},"content":{"rendered":"<ul style=\"list-style-type: disc;\">\n<li>Sz\u00edn: ez\u00fcst<\/li>\n<li>Anyag: rozsdamentes ac\u00e9l<\/li>\n<li>Garancia: 10 \u00e9v<\/li>\n<li>M\u00e9ret (doboz): 270 mm x 78 mm x 30 mm<\/li>\n<li>S\u00faly (dobozban): 90 gramm<\/li>\n<li>A term\u00e9k mosogat\u00f3g\u00e9pben moshat\u00f3.<\/li>\n<\/ul>\n","protected":false},"excerpt":{"rendered":"<p style=\"font-weight: 400;\">Noha a pizza a bulik \u00e9s az \u00f6nfeledt mulats\u00e1gok egyik legn\u00e9pszer\u0171bb fog\u00e1sa, amelynek fogyaszt\u00e1s\u00e1hoz nem tartozik szigor\u00fa etikett, bizonyos helyzetekben m\u00e9gis illend\u0151 megadni a m\u00f3dj\u00e1t, ha szerv\u00edroz\u00e1sr\u00f3l van sz\u00f3. A Copenhagen pizzaspatula gondoskodik a higi\u00e9nikus kiszolg\u00e1l\u00e1sr\u00f3l, \u00e9s k\u00fcl\u00f6n\u00f6sen hasznosnak bizonyul abban az esetben, ha r\u00f6gt\u00f6n a s\u00fct\u00e9s ut\u00e1n neki\u00e1lltok befalni az olasz finoms\u00e1got, elker\u00fclve azt a kellemetlens\u00e9get, hogy a t\u00e1lal\u00e1s sor\u00e1n meg\u00e9getn\u00e9tek a kezeteket. Mint minden BOSKA term\u00e9k, ez is min\u0151s\u00e9gi anyagb\u00f3l k\u00e9sz\u00fclt, hossz\u00fa \u00e9lettartam\u00fa \u00e9s k\u00e9zre esik, r\u00e1ad\u00e1sul tortalap\u00e1tk\u00e9nt is haszn\u00e1lhat\u00f3. Hidd el, nem \u00e1rt, ha lapul egy min\u0151s\u00e9gi pizzaspatula a konyhafi\u00f3kban!<\/p>\n","protected":false},"featured_media":567,"comment_status":"open","ping_status":"closed","template":"","meta":{"_acf_changed":false,"inline_featured_image":false},"product_cat":[79],"product_tag":[73,77],"class_list":{"0":"post-565","1":"product","2":"type-product","3":"status-publish","4":"has-post-thumbnail","6":"product_cat-pizzaimadoknak","7":"product_tag-boska","8":"product_tag-pizza","9":"pa_marka-boska","11":"first","12":"instock","13":"taxable","14":"shipping-taxable","15":"purchasable","16":"product-type-simple"},"acf":[],"_links":{"self":[{"href":"https:\/\/lifee.hu\/teszt\/wp-json\/wp\/v2\/product\/565","targetHints":{"allow":["GET"]}}],"collection":[{"href":"https:\/\/lifee.hu\/teszt\/wp-json\/wp\/v2\/product"}],"about":[{"href":"https:\/\/lifee.hu\/teszt\/wp-json\/wp\/v2\/types\/product"}],"replies":[{"embeddable":true,"href":"https:\/\/lifee.hu\/teszt\/wp-json\/wp\/v2\/comments?post=565"}],"wp:featuredmedia":[{"embeddable":true,"href":"https:\/\/lifee.hu\/teszt\/wp-json\/wp\/v2\/media\/567"}],"wp:attachment":[{"href":"https:\/\/lifee.hu\/teszt\/wp-json\/wp\/v2\/media?parent=565"}],"wp:term":[{"taxonomy":"product_cat","embeddable":true,"href":"https:\/\/lifee.hu\/teszt\/wp-json\/wp\/v2\/product_cat?post=565"},{"taxonomy":"product_tag","embeddable":true,"href":"https:\/\/lifee.hu\/teszt\/wp-json\/wp\/v2\/product_tag?post=565"}],"curies":[{"name":"wp","href":"https:\/\/api.w.org\/{rel}","templated":true}]}}